{"id":74190,"date":"2025-09-17T09:31:20","date_gmt":"2025-09-17T08:31:20","guid":{"rendered":"https:\/\/www.memoria.cat\/dolors-martinez-montserrat-planas\/?page_id=74190"},"modified":"2025-11-02T10:39:43","modified_gmt":"2025-11-02T09:39:43","slug":"introduccio","status":"publish","type":"page","link":"https:\/\/www.memoria.cat\/dolors-martinez-montserrat-planas\/introduccio\/","title":{"rendered":"INTRODUCCI\u00d3"},"content":{"rendered":"<p>&nbsp;<\/p>\n<p>La Montserrat Planas, el Pedro Mart\u00ednez i la seva filla Dolors Mart\u00ednez van ser els membres d\u2019una fam\u00edlia d\u2019exiliats que va viure a l\u2019URSS durant els anys posteriors a la Guerra Civil espanyola fins al 1957. Els pares s\u2019havien significat pol\u00edticament: eren d\u2019esquerres, militants de partits comunistes, ella del PSUC i ell del PCE. El seu comprom\u00eds p\u00fablic va fer que, al final de la Guerra Civil, haguessin de marxar a l\u2019exili per protegir la seva vida. Tots dos tenien una vida for\u00e7a arrelada a Espanya, on havien format les seves fam\u00edlies: ella, a Manresa, estava casada i tenia un fill; ell, a Linares, tamb\u00e9 estava casat i amb un fill.<\/p>\n<p>La hist\u00f2ria que us expliquem ens mostra, d\u2019una banda, totes les perip\u00e8cies que la Montserrat i el Pedro van viure en un exili que els va separar de les seves fam\u00edlies, els va portar a l\u2019URSS i els va unir per crear-ne una de nova. D\u2019altra banda, tamb\u00e9 \u00e9s la hist\u00f2ria d\u2019una nena, la Dolors, nascuda a Simfer\u00f2pol, on va viure la infantesa, i que va haver de tornar a la Manresa franquista amb la seva mare.<\/p>\n<p>La metodologia emprada en l\u2019elaboraci\u00f3 d\u2019aquest treball t\u00e9 dos apartats. En el primer, fem servir dues fonts secund\u00e0ries i una de prim\u00e0ria. La primera font secund\u00e0ria \u00e9s de tipus bibliogr\u00e0fic. La segona s\u00f3n els records que la Dolors Mart\u00ednez conserva del que li havien explicat els seus pares. La font prim\u00e0ria \u00e9s excepcional, s\u00f3n les mem\u00f2ries del Pedro Mart\u00ednez. En aquest primer apartat expliquem l\u2019exili de la Montserrat Planas i del seu marit. En canvi, el segon apartat es basa sobretot en una font prim\u00e0ria: concretament els records que la Dolors t\u00e9 sobre la seva infantesa a l\u2019URSS i la seva arribada i adaptaci\u00f3 a l\u2019Espanya franquista.<\/p>\n<figure id=\"attachment_74774\" aria-describedby=\"caption-attachment-74774\" style=\"width: 432px\" class=\"wp-caption aligncenter\"><img fetchpriority=\"high\" decoding=\"async\" class=\" wp-image-74774\" src=\"https:\/\/www.memoria.cat\/dolors-martinez-montserrat-planas\/wp-content\/uploads\/sites\/212\/2025\/10\/6-PedroLoliMontserrat1951b-1-300x218.jpg\" alt=\"\" width=\"432\" height=\"314\" srcset=\"https:\/\/www.memoria.cat\/dolors-martinez-montserrat-planas\/wp-content\/uploads\/sites\/212\/2025\/10\/6-PedroLoliMontserrat1951b-1-300x218.jpg 300w, https:\/\/www.memoria.cat\/dolors-martinez-montserrat-planas\/wp-content\/uploads\/sites\/212\/2025\/10\/6-PedroLoliMontserrat1951b-1-768x557.jpg 768w, https:\/\/www.memoria.cat\/dolors-martinez-montserrat-planas\/wp-content\/uploads\/sites\/212\/2025\/10\/6-PedroLoliMontserrat1951b-1.jpg 871w\" sizes=\"(max-width: 432px) 100vw, 432px\" \/><figcaption id=\"caption-attachment-74774\" class=\"wp-caption-text\">Fotografia del Pedro Mart\u00ednez, la Montserrat Planas i la Dolors Mart\u00ednez l&#8217;any 1951. Font: Col\u00b7lecci\u00f3 familiar.<\/figcaption><\/figure>\n<div class=\"mceTemp\"><\/div>\n","protected":false},"excerpt":{"rendered":"<p>&nbsp; La Montserrat Planas, el Pedro Mart\u00ednez i la seva filla Dolors Mart\u00ednez van ser els membres d\u2019una fam\u00edlia d\u2019exiliats que va viure a l\u2019URSS durant els anys posteriors a la Guerra Civil espanyola fins al 1957. Els pares s\u2019havien significat pol\u00edticament: eren d\u2019esquerres, militants de partits comunistes, ella del PSUC i ell del PCE. [&hellip;]<\/p>\n","protected":false},"author":71,"featured_media":0,"parent":0,"menu_order":0,"comment_status":"closed","ping_status":"closed","template":"","meta":{"iawp_total_views":18,"footnotes":""},"class_list":["post-74190","page","type-page","status-publish","hentry"],"_links":{"self":[{"href":"https:\/\/www.memoria.cat\/dolors-martinez-montserrat-planas\/wp-json\/wp\/v2\/pages\/74190","targetHints":{"allow":["GET"]}}],"collection":[{"href":"https:\/\/www.memoria.cat\/dolors-martinez-montserrat-planas\/wp-json\/wp\/v2\/pages"}],"about":[{"href":"https:\/\/www.memoria.cat\/dolors-martinez-montserrat-planas\/wp-json\/wp\/v2\/types\/page"}],"author":[{"embeddable":true,"href":"https:\/\/www.memoria.cat\/dolors-martinez-montserrat-planas\/wp-json\/wp\/v2\/users\/71"}],"replies":[{"embeddable":true,"href":"https:\/\/www.memoria.cat\/dolors-martinez-montserrat-planas\/wp-json\/wp\/v2\/comments?post=74190"}],"version-history":[{"count":9,"href":"https:\/\/www.memoria.cat\/dolors-martinez-montserrat-planas\/wp-json\/wp\/v2\/pages\/74190\/revisions"}],"predecessor-version":[{"id":74827,"href":"https:\/\/www.memoria.cat\/dolors-martinez-montserrat-planas\/wp-json\/wp\/v2\/pages\/74190\/revisions\/74827"}],"wp:attachment":[{"href":"https:\/\/www.memoria.cat\/dolors-martinez-montserrat-planas\/wp-json\/wp\/v2\/media?parent=74190"}],"curies":[{"name":"wp","href":"https:\/\/api.w.org\/{rel}","templated":true}]}}