{"id":73404,"date":"2019-11-11T13:18:10","date_gmt":"2019-11-11T12:18:10","guid":{"rendered":"https:\/\/www.memoria.cat\/dolors-martinez-montserrat-planas\/?page_id=73404"},"modified":"2025-10-23T11:06:13","modified_gmt":"2025-10-23T10:06:13","slug":"portada","status":"publish","type":"page","link":"https:\/\/www.memoria.cat\/dolors-martinez-montserrat-planas\/","title":{"rendered":"PORTADA"},"content":{"rendered":"<p>Aquesta \u00e9s la hist\u00f2ria de l\u2019exili viscut a l\u2019URSS, de les manresanes Montserrat Planas Carb\u00ed (Manresa, 1907-1987) i la seva filla Dolors Mart\u00ednez Planas (Simfer\u00f2pol,1945). Tamb\u00e9 \u00e9s la hist\u00f2ria del Pedro Mart\u00ednez Jim\u00e9nez (Linares 1907-Simfer\u00f2pol 1952), segon marit de la Montserrat i pare de la Dolors. Montserrat Planas Carb\u00ed, l\u2019any 1938, va ser la primera dona a formar part del consistori de l\u2019Ajuntament de Manresa.<\/p>\n<p>En aquest web hi trobareu primerament l\u2019apartat <u><a href=\"https:\/\/www.memoria.cat\/dolors-martinez-montserrat-planas\/introduccio\/\">Introducci\u00f3<\/a>,<\/u> on us presentem els tres personatges. A continuaci\u00f3, exposem <a href=\"https:\/\/www.memoria.cat\/dolors-martinez-montserrat-planas\/biografia-de-la-montserrat-planas\/\">la biografia de Montserrat Planas <\/a>i despr\u00e9s <a href=\"https:\/\/www.memoria.cat\/dolors-martinez-montserrat-planas\/biografia-de-pedro-martinez\/\">la biografia de Pedro Mart\u00ednez<\/a>. Tot seguit, \u00a0expliquem <a href=\"https:\/\/www.memoria.cat\/dolors-martinez-montserrat-planas\/els-motius-per-marxar\/\">els motius per marxar<\/a>, en el context del moment. Seguidament, fem el relat de com van ser<a href=\"https:\/\/www.memoria.cat\/dolors-martinez-montserrat-planas\/els-viatges-cap-a-lexili\/\"> els viatges cap a l\u2019exili<\/a>. A continuaci\u00f3, expliquem<a href=\"https:\/\/www.memoria.cat\/dolors-martinez-montserrat-planas\/lacollida-a-lurrs-i-el-seu-periple-pel-pais\/\"> l\u2019acollida a l\u2019URSS i el seu periple pel pa\u00eds<\/a> en el context de la Segona Guerra Mundial, i tot seguit, podem seguir l\u2019itinerari a trav\u00e9s d\u2019<a href=\"https:\/\/www.memoria.cat\/dolors-martinez-montserrat-planas\/itinerari-per-instamaps\/\"><u>Instamaps<\/u>.<\/a> Despr\u00e9s, expliquem <u><a href=\"https:\/\/www.memoria.cat\/dolors-martinez-montserrat-planas\/els-recors-de-la-dolors-martinez-planas-la-vida-a-simferopol\/\">els records de la Dolors Mart\u00ednez Planas a Simfer\u00f2po<\/a>l<\/u> \u00a0en el per\u00edode estalinista. Tamb\u00e9 us expliquem <a href=\"https:\/\/www.memoria.cat\/dolors-martinez-montserrat-planas\/els-motius-per-tornar-i-el-viatge-de-tornada\/\">els motius per tornar i el viatge de tornada<\/a>. Posteriorment, exposem com va ser l<a href=\"https:\/\/www.memoria.cat\/dolors-martinez-montserrat-planas\/ladaptacio-de-la-montserrat-i-la-dolors-a-la-manresa-franquista\/\">\u2019adaptaci\u00f3 de la Montserrat i la Dolors a la Manresa franquista<\/a>. Afegim una <a href=\"https:\/\/www.memoria.cat\/dolors-martinez-montserrat-planas\/cronologia-comparada-familia-catalunya-mon\/\"><u>cronologia comparada<\/u><\/a> de la fam\u00edlia, Catalunya i el M\u00f3n. Finalment, la Dolors ens explica les seves viv\u00e8ncies en una <a href=\"https:\/\/www.memoria.cat\/dolors-martinez-montserrat-planas\/video-de-lentrevista-a-la-dolors-martinez-planas\/\"><u>entrevista<\/u><\/a> gravada.<\/p>\n<p>A m\u00e9s us mostrem tota la documentaci\u00f3 que acompanya\u00a0 el relat, amb <a href=\"https:\/\/www.memoria.cat\/dolors-martinez-montserrat-planas\/fotografies\/\"><u>fotografies<\/u><\/a> i <a href=\"https:\/\/www.memoria.cat\/dolors-martinez-montserrat-planas\/documents\/\"><u>diversos documents oficials<\/u><\/a>, la majoria en rus i explicats en catal\u00e0, <u>una <a href=\"https:\/\/www.memoria.cat\/dolors-martinez-montserrat-planas\/autobiografia-de-pedro-martinez-jimenez\/\">autobiografia del Pedro<\/a><\/u> i una <a href=\"https:\/\/www.memoria.cat\/dolors-martinez-montserrat-planas\/entrevista-de-premsa-a-la-montserrat-planas-carbi\/\"><u>entrevista a la premsa de la Montserrat<\/u><\/a>.<\/p>\n<figure id=\"attachment_74772\" aria-describedby=\"caption-attachment-74772\" style=\"width: 342px\" class=\"wp-caption aligncenter\"><img fetchpriority=\"high\" decoding=\"async\" class=\" wp-image-74772\" src=\"https:\/\/www.memoria.cat\/dolors-martinez-montserrat-planas\/wp-content\/uploads\/sites\/212\/2025\/10\/4-DolorsiMontserrat1950b-1-300x238.jpg\" alt=\"\" width=\"342\" height=\"271\" srcset=\"https:\/\/www.memoria.cat\/dolors-martinez-montserrat-planas\/wp-content\/uploads\/sites\/212\/2025\/10\/4-DolorsiMontserrat1950b-1-300x238.jpg 300w, https:\/\/www.memoria.cat\/dolors-martinez-montserrat-planas\/wp-content\/uploads\/sites\/212\/2025\/10\/4-DolorsiMontserrat1950b-1-768x608.jpg 768w, https:\/\/www.memoria.cat\/dolors-martinez-montserrat-planas\/wp-content\/uploads\/sites\/212\/2025\/10\/4-DolorsiMontserrat1950b-1.jpg 879w\" sizes=\"(max-width: 342px) 100vw, 342px\" \/><figcaption id=\"caption-attachment-74772\" class=\"wp-caption-text\">La Montserrat Planas i la seva filla Dolors l&#8217;any 1950. Font: Col\u00b7lecci\u00f3 familiar.<\/figcaption><\/figure>\n","protected":false},"excerpt":{"rendered":"<p>Aquesta \u00e9s la hist\u00f2ria de l\u2019exili viscut a l\u2019URSS, de les manresanes Montserrat Planas Carb\u00ed (Manresa, 1907-1987) i la seva filla Dolors Mart\u00ednez Planas (Simfer\u00f2pol,1945). Tamb\u00e9 \u00e9s la hist\u00f2ria del Pedro Mart\u00ednez Jim\u00e9nez (Linares 1907-Simfer\u00f2pol 1952), segon marit de la Montserrat i pare de la Dolors. Montserrat Planas Carb\u00ed, l\u2019any 1938, va ser la primera [&hellip;]<\/p>\n","protected":false},"author":1,"featured_media":0,"parent":0,"menu_order":0,"comment_status":"closed","ping_status":"closed","template":"","meta":{"iawp_total_views":170,"footnotes":""},"class_list":["post-73404","page","type-page","status-publish","hentry"],"_links":{"self":[{"href":"https:\/\/www.memoria.cat\/dolors-martinez-montserrat-planas\/wp-json\/wp\/v2\/pages\/73404","targetHints":{"allow":["GET"]}}],"collection":[{"href":"https:\/\/www.memoria.cat\/dolors-martinez-montserrat-planas\/wp-json\/wp\/v2\/pages"}],"about":[{"href":"https:\/\/www.memoria.cat\/dolors-martinez-montserrat-planas\/wp-json\/wp\/v2\/types\/page"}],"author":[{"embeddable":true,"href":"https:\/\/www.memoria.cat\/dolors-martinez-montserrat-planas\/wp-json\/wp\/v2\/users\/1"}],"replies":[{"embeddable":true,"href":"https:\/\/www.memoria.cat\/dolors-martinez-montserrat-planas\/wp-json\/wp\/v2\/comments?post=73404"}],"version-history":[{"count":33,"href":"https:\/\/www.memoria.cat\/dolors-martinez-montserrat-planas\/wp-json\/wp\/v2\/pages\/73404\/revisions"}],"predecessor-version":[{"id":74773,"href":"https:\/\/www.memoria.cat\/dolors-martinez-montserrat-planas\/wp-json\/wp\/v2\/pages\/73404\/revisions\/74773"}],"wp:attachment":[{"href":"https:\/\/www.memoria.cat\/dolors-martinez-montserrat-planas\/wp-json\/wp\/v2\/media?parent=73404"}],"curies":[{"name":"wp","href":"https:\/\/api.w.org\/{rel}","templated":true}]}}