{"id":74657,"date":"2025-12-02T11:54:52","date_gmt":"2025-12-02T10:54:52","guid":{"rendered":"https:\/\/www.memoria.cat\/diada1976\/?page_id=74657"},"modified":"2025-12-13T12:31:46","modified_gmt":"2025-12-13T11:31:46","slug":"audio-del-miting-del-10-9-1976-2","status":"publish","type":"page","link":"https:\/\/www.memoria.cat\/diada1976\/audio-del-miting-del-10-9-1976-2\/","title":{"rendered":"\u00c0udio del m\u00edting del 10\/9\/1976"},"content":{"rendered":"<p>&nbsp;<\/p>\n<p>En aquest apartat podeu escoltar les diferents intervencions del m\u00edting multitudinari que, organitzat per l\u2019Assemblea del Bages, va tenir lloc la vig\u00edlia de la Diada Nacional del 1976, al pavell\u00f3 del Congost de Manresa. Tamb\u00e9 podeu llegir-ne les corresponents transcripcions.<\/p>\n<p>La difusi\u00f3 de l\u2019\u00e0udio \u00e9s possible perqu\u00e8 la manresana Maria Llu\u00efsa Batlle Sanpera conservava una gravaci\u00f3 en casset de l\u2019acte i ens l\u2019ha facilitada per a la seva difusi\u00f3. La gravaci\u00f3 fou realitzada pel manres\u00e0 Llu\u00eds Alsed\u00e0 i Soler.<\/p>\n<p>L\u2019\u00e0udio inclou gaireb\u00e9 la totalitat dels discursos pronunciats aquell dia. Nom\u00e9s no se\u2019n va conservar una petita part, tot i que hi ha alguns passatges en els quals el so \u00e9s deficient. Aix\u00ed, aquesta pe\u00e7a in\u00e8dita i de gran inter\u00e8s, cont\u00e9 prop de 90 minuts amb les intervencions d\u2019Isidre Badia \u2013com a conductor de l\u2019acte-, Josep Badia, Xavier Sitjes, Maria Dolors Estrada, Joan Tatj\u00e9 i Sebasti\u00e0 Vives. En nombroses ocasions els parlaments s\u00f3n interromputs per aplaudiments i proclames diverses, entre les quals les de \u201cLlibertat, Amnistia i Estatut d\u2019Autonomia!\u201d i \u201cVisca l\u2019Assemblea de Catalunya!\u201d.<\/p>\n<p>Josep Badia seria detingut i empresonat acusat d\u2019haver injuriat \u2013en aquest m\u00edting- a la Gu\u00e0rdia Civil per l\u2019assassinat de Jes\u00fas Maria Zabala. L\u2019audici\u00f3 de la seva intervenci\u00f3 evidencia que no va ser aix\u00ed. En canvi, Sebasti\u00e0 Vives, que no va ser inculpat, va afirmar que Zabala havia estat \u201cmort per la Gu\u00e0rdia Civil\u201d.<\/p>\n<p>&nbsp;<\/p>\n<h2><a href=\"https:\/\/www.memoria.cat\/diada1976\/wp-content\/uploads\/sites\/219\/2025\/11\/transcripcio-sencera.pdf\" target=\"_blank\" rel=\"noopener\">TRANSCRIPCI\u00d3 \u00edntegra de l&#8217;\u00e0udio del m\u00edting de la Diada Nacional del 1976<\/a><\/h2>\n<h4>(Pavell\u00f3 del Congost de Manresa, 10\/9\/1976)<\/h4>\n<table style=\"height: 48px;width: 100%;border-collapse: collapse;background-color: #f0f0f0;border-color: #000000;border-style: hidden\">\n<tbody>\n<tr>\n<td style=\"width: 23.7836%\"><img decoding=\"async\" src=\"https:\/\/www.memoria.cat\/diada1976\/wp-content\/uploads\/sites\/219\/2025\/11\/Josep-Badia-p.jpg\" \/><\/td>\n<td style=\"width: 76.2164%\"><iframe width=\"501\" height=\"100\" scrolling=\"no\" frameborder=\"no\" src=\"https:\/\/w.soundcloud.com\/player?url=https%3A%2F%2Fsoundcloud.com%2Fmemoriacat%2Fmemoriacat-11set1976-001&player_height=100&player_height_multi=&player_width=501&player_type=html5&color=&auto_play=false&show_comments=false&show_user=false&buying=false&sharing=false&download=false&show_artwork=false&show_playcount=false&hide_related=false\"><\/iframe><\/td>\n<\/tr>\n<\/tbody>\n<\/table>\n<p>Presentaci\u00f3 i sentit de la Diada (00&#8217;00&#8221; &#8211; 04&#8217;13&#8221;)<br \/>\nLa lluita de l\u2019Assemblea de Catalunya per la llibertat (04&#8217;14&#8221; &#8211; 10&#8217;46&#8221;)<br \/>\nDen\u00fancia de la mort de Jes\u00fas Mar\u00eda Zabala (10&#8217;47&#8221; &#8211; 12&#8217;49&#8221;)<\/p>\n<p><a href=\"https:\/\/www.memoria.cat\/diada1976\/wp-content\/uploads\/sites\/219\/2025\/11\/Intervencio-de-Josep-Badia-1.pdf\" target=\"_blank\" rel=\"noopener\">TRANSCRIPCI\u00d3 de la intervenci\u00f3 de Josep Badia<\/a><\/p>\n<p>&nbsp;<\/p>\n<h4>Lectura d\u2019adhesions de suport a c\u00e0rrec de Isidre Badia<\/h4>\n<table style=\"height: 48px;width: 100%;border-collapse: collapse;border-style: hidden;background-color: #f0f0f0\">\n<tbody>\n<tr>\n<td style=\"width: 21.1751%\"><img decoding=\"async\" src=\"https:\/\/www.memoria.cat\/diada1976\/wp-content\/uploads\/sites\/219\/2025\/11\/Isidre-Badia-p.jpg\" \/><\/td>\n<td style=\"width: 78.8249%\"><iframe width=\"501\" height=\"100\" scrolling=\"no\" frameborder=\"no\" src=\"https:\/\/w.soundcloud.com\/player?url=https%3A%2F%2Fsoundcloud.com%2Fmemoriacat%2Fmemoriacat-11set1976-002&player_height=100&player_height_multi=&player_width=501&player_type=html5&color=&auto_play=false&show_comments=false&show_user=false&buying=false&sharing=false&download=false&show_artwork=false&show_playcount=false&hide_related=false\"><\/iframe><\/td>\n<\/tr>\n<\/tbody>\n<\/table>\n<p>Presentaci\u00f3 i lectura d\u2019adhesions (00&#8217;00&#8221; &#8211; 03&#8217;51&#8221;)<br \/>\nIntroducci\u00f3 a la intervenci\u00f3 de Xavier Sitjes (03&#8217;52&#8221; &#8211; 04&#8217;27&#8221;)<\/p>\n<p><a href=\"https:\/\/www.memoria.cat\/diada1976\/wp-content\/uploads\/sites\/219\/2025\/11\/Lectura-adhesions-Isidre-Badia-1.pdf\" target=\"_blank\" rel=\"noopener\">TRANSCRIPCI\u00d3 de la lectura d\u2019adhesions a c\u00e0rrec d\u2019Isidre Badia<\/a><\/p>\n<p>&nbsp;<\/p>\n<h4>Intervenci\u00f3 de Xavier Sitjes<\/h4>\n<table style=\"height: 48px;width: 100%;border-collapse: collapse;border-style: hidden;border-color: #0000;background-color: #f0f0f0f0\">\n<tbody>\n<tr>\n<td style=\"width: 18.9332%\"><img decoding=\"async\" src=\"https:\/\/www.memoria.cat\/diada1976\/wp-content\/uploads\/sites\/219\/2025\/11\/Xavier-Sitjes-p.jpg\" \/><\/td>\n<td style=\"width: 81.0668%\"><iframe width=\"501\" height=\"100\" scrolling=\"no\" frameborder=\"no\" src=\"https:\/\/w.soundcloud.com\/player?url=https%3A%2F%2Fsoundcloud.com%2Fmemoriacat%2Fmemoriacat-11set1976-003&player_height=100&player_height_multi=&player_width=501&player_type=html5&color=&auto_play=false&show_comments=false&show_user=false&buying=false&sharing=false&download=false&show_artwork=false&show_playcount=false&hide_related=false\"><\/iframe><\/td>\n<\/tr>\n<\/tbody>\n<\/table>\n<p>Salutaci\u00f3 i presentaci\u00f3 de la seva intervenci\u00f3 (00&#8217;00&#8221; &#8211; 02&#8217;22&#8221;)<br \/>\nLes arrels hist\u00f2riques de la sobirania catalana (02&#8217;23&#8221; &#8211; 04&#8217;24&#8221;)<br \/>\nLes relacions Catalunya \u2013 Castella a l\u2019edat moderna (04&#8217;25&#8221; &#8211; 07&#8217;25&#8221;)<br \/>\nRepressi\u00f3 i revifament de Catalunya (07&#8217;26&#8221; &#8211; 09&#8217;53&#8221;)<br \/>\nLes conseq\u00fc\u00e8ncies del franquisme (09&#8217;54&#8221; &#8211; 11&#8217;46&#8221;)<br \/>\nLa resist\u00e8ncia de Catalunya (11&#8217;47&#8221; &#8211; 16&#8217;33&#8221;)<br \/>\nEl cam\u00ed cap a l\u2019autodeterminaci\u00f3 (16&#8217;34&#8221; &#8211; 19&#8217;16&#8221;)<\/p>\n<p><a href=\"https:\/\/www.memoria.cat\/diada1976\/wp-content\/uploads\/sites\/219\/2025\/11\/Intervencio-de-Xavier-Sitjes.pdf\" target=\"_blank\" rel=\"noopener\">TRANSCRIPCI\u00d3 de la intervenci\u00f3 de Xavier Sitjes<\/a><\/p>\n<p>&nbsp;<\/p>\n<h4>Lectura d\u2019adhesions de suport a c\u00e0rrec de Isidre Badia<\/h4>\n<table style=\"height: 48px;width: 100%;border-collapse: collapse;border-style: hidden;background-color: #f0f0f0f;border-color: #00000\">\n<tbody>\n<tr>\n<td style=\"width: 16.1402%\"><img decoding=\"async\" src=\"https:\/\/www.memoria.cat\/diada1976\/wp-content\/uploads\/sites\/219\/2025\/11\/Isidre-Badia-p.jpg\" \/><\/td>\n<td style=\"width: 83.8598%\"><iframe width=\"501\" height=\"100\" scrolling=\"no\" frameborder=\"no\" src=\"https:\/\/w.soundcloud.com\/player?url=https%3A%2F%2Fsoundcloud.com%2Fmemoriacat%2Fmemoriacat-11set1976-004&player_height=100&player_height_multi=&player_width=501&player_type=html5&color=&auto_play=false&show_comments=false&show_user=false&buying=false&sharing=false&download=false&show_artwork=false&show_playcount=false&hide_related=false\"><\/iframe><\/td>\n<\/tr>\n<\/tbody>\n<\/table>\n<p>Lectura d\u2019adhesions (00&#8217;00&#8221; &#8211; 04&#8217;44&#8221;)<br \/>\nIntroducci\u00f3 a la intervenci\u00f3 de Maria Dolors Estrada (04&#8217;45&#8221; &#8211; 05&#8217;03&#8221;)<\/p>\n<p><a href=\"https:\/\/www.memoria.cat\/diada1976\/wp-content\/uploads\/sites\/219\/2025\/11\/Lectura-adhesions-Isidre-Badia-2.pdf\" target=\"_blank\" rel=\"noopener\">TRANSCRIPCI\u00d3 de la lectura d\u2019adhesions a c\u00e0rrec d\u2019Isidre Badia<\/a><\/p>\n<p>&nbsp;<\/p>\n<h4>Intervenci\u00f3 de Maria Dolors Estrada<\/h4>\n<table style=\"height: 48px;width: 100%;border-collapse: collapse;border-style: hidden;background-color: #f0f0f0f\">\n<tbody>\n<tr>\n<td style=\"width: 18.8159%\"><img decoding=\"async\" src=\"https:\/\/www.memoria.cat\/diada1976\/wp-content\/uploads\/sites\/219\/2025\/11\/Maria-Dolors-Estrada-p.jpg\" \/><\/td>\n<td style=\"width: 81.1841%\"><iframe width=\"501\" height=\"100\" scrolling=\"no\" frameborder=\"no\" src=\"https:\/\/w.soundcloud.com\/player?url=https%3A%2F%2Fsoundcloud.com%2Fmemoriacat%2Fmemoriacat-11set1976-005&player_height=100&player_height_multi=&player_width=501&player_type=html5&color=&auto_play=false&show_comments=false&show_user=false&buying=false&sharing=false&download=false&show_artwork=false&show_playcount=false&hide_related=false\"><\/iframe><\/td>\n<\/tr>\n<\/tbody>\n<\/table>\n<p>La persecuci\u00f3 de la llengua catalana (00&#8217;00&#8221; &#8211; 02&#8217;57&#8221;)<br \/>\nPer un ensenyament en catal\u00e0, p\u00fablic, popular i democr\u00e0tic (02&#8217;58&#8221; &#8211; 05&#8217;05&#8221;)<br \/>\nLa inferioritat de la llengua catalana a l\u2019espai p\u00fablic (05&#8217;06&#8221; &#8211; 06&#8217;06&#8221;)<br \/>\nLa integraci\u00f3 a Catalunya i el Congr\u00e9s de Cultura Catalana (06&#8217;07&#8221; &#8211; 07&#8217;55&#8221;)<br \/>\nEl restabliment de les institucions democr\u00e0tiques (07&#8217;56&#8221; &#8211; 09&#8217;49&#8221;)<\/p>\n<p><a href=\"https:\/\/www.memoria.cat\/diada1976\/wp-content\/uploads\/sites\/219\/2025\/11\/Intervencio-de-Maria-Dolors-Estrada.pdf\" target=\"_blank\" rel=\"noopener\">TRANSCRIPCI\u00d3 de la intervenci\u00f3 de Maria Dolors Estrada<\/a><\/p>\n<p>&nbsp;<\/p>\n<h4>Lectura d\u2019adhesions de suport a c\u00e0rrec de Isidre Badia<\/h4>\n<table style=\"height: 48px;width: 100%;border-collapse: collapse;border-style: hidden;background-color: #f0f0f0\">\n<tbody>\n<tr>\n<td style=\"width: 18.6987%\"><img decoding=\"async\" src=\"https:\/\/www.memoria.cat\/diada1976\/wp-content\/uploads\/sites\/219\/2025\/11\/Isidre-Badia-p.jpg\" \/><\/td>\n<td style=\"width: 81.3013%\"><iframe width=\"501\" height=\"100\" scrolling=\"no\" frameborder=\"no\" src=\"https:\/\/w.soundcloud.com\/player?url=https%3A%2F%2Fsoundcloud.com%2Fmemoriacat%2Fmemoriacat-11set1976-006&player_height=100&player_height_multi=&player_width=501&player_type=html5&color=&auto_play=false&show_comments=false&show_user=false&buying=false&sharing=false&download=false&show_artwork=false&show_playcount=false&hide_related=false\"><\/iframe><\/td>\n<\/tr>\n<\/tbody>\n<\/table>\n<p>Av\u00eds a un assistent per deixar-se els llums del cotxe oberts (00&#8217;00&#8221; &#8211; 00&#8217;30&#8221;)<br \/>\nLectura d\u2019adhesions (00&#8217;31&#8221; &#8211; 03&#8217;34&#8221;)<br \/>\nIntroducci\u00f3 a la intervenci\u00f3 de Joan Tatj\u00e9 (03&#8217;35&#8221; &#8211; 04&#8217;00&#8221;)<\/p>\n<p><a href=\"https:\/\/www.memoria.cat\/diada1976\/wp-content\/uploads\/sites\/219\/2025\/11\/Lectura-adhesions-Isidre-Badia-3.pdf\" target=\"_blank\" rel=\"noopener\">TRANSCRIPCI\u00d3 de la lectura d\u2019adhesions a c\u00e0rrec d\u2019Isidre Badia<\/a><\/p>\n<p>&nbsp;<\/p>\n<h4>Intervenci\u00f3 de Joan Tatj\u00e9<\/h4>\n<table style=\"height: 48px;width: 100%;border-collapse: collapse;border-style: hidden;background-color: #f0f0f0\">\n<tbody>\n<tr>\n<td style=\"width: 18.6987%\"><img decoding=\"async\" src=\"https:\/\/www.memoria.cat\/diada1976\/wp-content\/uploads\/sites\/219\/2025\/11\/Joan-Tatje-p.jpg\" \/><\/td>\n<td style=\"width: 81.3013%\"><iframe width=\"501\" height=\"100\" scrolling=\"no\" frameborder=\"no\" src=\"https:\/\/w.soundcloud.com\/player?url=https%3A%2F%2Fsoundcloud.com%2Fmemoriacat%2Fmemoriacat-11set1976-007&player_height=100&player_height_multi=&player_width=501&player_type=html5&color=&auto_play=false&show_comments=false&show_user=false&buying=false&sharing=false&download=false&show_artwork=false&show_playcount=false&hide_related=false\"><\/iframe><\/td>\n<\/tr>\n<\/tbody>\n<\/table>\n<p>La mala gesti\u00f3 del franquisme en el m\u00f3n agrari (00&#8217;00&#8221; &#8211; 00&#8217;33&#8221;)<br \/>\nDemanda d\u2019una pol\u00edtica agr\u00e0ria arrelada al territori (00&#8217;34&#8221; &#8211; 01&#8217;37&#8221;)<br \/>\nL\u2019exemple de la llei de contractes de conreu de 1934 (01&#8217;38&#8221; &#8211; 05&#8217;04&#8221;)<br \/>\nLa problem\u00e0tica de l\u2019especulaci\u00f3 i dels preus (05&#8217;05&#8221; &#8211; 06&#8217;43&#8221;)<br \/>\nNecessitat de democratitzaci\u00f3 (06&#8217;44&#8221; &#8211; 08&#8217;00&#8221;)<\/p>\n<p><a href=\"https:\/\/www.memoria.cat\/diada1976\/wp-content\/uploads\/sites\/219\/2025\/12\/Intervencio-de-Joan-Tatje.pdf\" target=\"_blank\" rel=\"noopener\">TRANSCRIPCI\u00d3 de la intervenci\u00f3 de Joan Tatj\u00e9<\/a><\/p>\n<p>&nbsp;<\/p>\n<h4>Lectura d\u2019adhesions de suport a c\u00e0rrec de Isidre Badia<\/h4>\n<table style=\"height: 48px;width: 100%;border-collapse: collapse;border-style: hidden;background-color: #f0f0f0f0\">\n<tbody>\n<tr>\n<td style=\"width: 15.9091%\"><img decoding=\"async\" src=\"https:\/\/www.memoria.cat\/diada1976\/wp-content\/uploads\/sites\/219\/2025\/11\/Isidre-Badia-p.jpg\" \/><\/td>\n<td style=\"width: 84.0909%\"><iframe width=\"501\" height=\"100\" scrolling=\"no\" frameborder=\"no\" src=\"https:\/\/w.soundcloud.com\/player?url=https%3A%2F%2Fsoundcloud.com%2Fmemoriacat%2Fmemoriacat-11set1976-008&player_height=100&player_height_multi=&player_width=501&player_type=html5&color=&auto_play=false&show_comments=false&show_user=false&buying=false&sharing=false&download=false&show_artwork=false&show_playcount=false&hide_related=false\"><\/iframe><\/td>\n<\/tr>\n<\/tbody>\n<\/table>\n<p>Lectura d\u2019adhesions (00&#8217;00&#8221; &#8211; 00&#8217;27&#8221;)<br \/>\nIntroducci\u00f3 a la intervenci\u00f3 de Sebasti\u00e0 Vives (00&#8217;28&#8221; &#8211; 00&#8217;46&#8221;)<\/p>\n<p><a href=\"https:\/\/www.memoria.cat\/diada1976\/wp-content\/uploads\/sites\/219\/2025\/12\/Lectura-adhesions-Isidre-Badia-4.pdf\" target=\"_blank\" rel=\"noopener\">TRANSCRIPCI\u00d3 de la lectura d\u2019adhesions a c\u00e0rrec d\u2019Isidre Badia<\/a><\/p>\n<p>&nbsp;<\/p>\n<h4>Intervenci\u00f3 de Sebasti\u00e0 Vives<\/h4>\n<table style=\"height: 48px;width: 100%;border-collapse: collapse;border-style: hidden;background-color: f0f0f0f0\">\n<tbody>\n<tr>\n<td style=\"width: 21.2021%\"><img decoding=\"async\" src=\"https:\/\/www.memoria.cat\/diada1976\/wp-content\/uploads\/sites\/219\/2025\/12\/Sebastia-Vives-p.jpg\" \/><\/td>\n<td style=\"width: 78.7979%\"><iframe width=\"501\" height=\"100\" scrolling=\"no\" frameborder=\"no\" src=\"https:\/\/w.soundcloud.com\/player?url=https%3A%2F%2Fsoundcloud.com%2Fmemoriacat%2Fmemoriacat-11set1976-009&player_height=100&player_height_multi=&player_width=501&player_type=html5&color=&auto_play=false&show_comments=false&show_user=false&buying=false&sharing=false&download=false&show_artwork=false&show_playcount=false&hide_related=false\"><\/iframe><\/td>\n<\/tr>\n<\/tbody>\n<\/table>\n<p>La defensa obrera dels interessos nacionals de Catalunya (00&#8217;00&#8221; &#8211; 01&#8217;53&#8221;)<br \/>\nL\u2019opressi\u00f3 del franquisme (01&#8217;54&#8221; &#8211; 03&#8217;29&#8221;)<br \/>\nEl desemparament dels treballadors i la necessitat de lluita (03&#8217;30&#8221; &#8211; 06&#8217;23&#8221;)<br \/>\nEl reformisme i la repressi\u00f3 (06&#8217;24&#8221; &#8211; 08&#8217;19&#8221;)<br \/>\nLa necessitat de llibertats plenes (08&#8217;20&#8221; &#8211; 11&#8217;48&#8221;)<\/p>\n<p><a href=\"https:\/\/www.memoria.cat\/diada1976\/wp-content\/uploads\/sites\/219\/2025\/12\/Intervencio-de-Sebastia-Vives.pdf\" target=\"_blank\" rel=\"noopener\">TRANSCRIPCI\u00d3 de la intervenci\u00f3 de Sebasti\u00e0 Vives<\/a><\/p>\n<p>&nbsp;<\/p>\n<h4>Lectura d\u2019adhesions de suport a c\u00e0rrec de Isidre Badia<\/h4>\n<table style=\"height: 48px;width: 100%;border-collapse: collapse;border-style: hidden;background-color: #f0f0f0f0\">\n<tbody>\n<tr>\n<td style=\"width: 21.3342%\"><img decoding=\"async\" src=\"https:\/\/www.memoria.cat\/diada1976\/wp-content\/uploads\/sites\/219\/2025\/11\/Isidre-Badia-p.jpg\" \/><\/td>\n<td style=\"width: 78.6658%\"><iframe width=\"501\" height=\"100\" scrolling=\"no\" frameborder=\"no\" src=\"https:\/\/w.soundcloud.com\/player?url=https%3A%2F%2Fsoundcloud.com%2Fmemoriacat%2Fmemoriacat-11set1976-010&player_height=100&player_height_multi=&player_width=501&player_type=html5&color=&auto_play=false&show_comments=false&show_user=false&buying=false&sharing=false&download=false&show_artwork=false&show_playcount=false&hide_related=false\"><\/iframe><\/td>\n<\/tr>\n<\/tbody>\n<\/table>\n<p><a href=\"https:\/\/www.memoria.cat\/diada1976\/wp-content\/uploads\/sites\/219\/2025\/12\/Lectura-adhesions-Isidre-Badia-5.pdf\" target=\"_blank\" rel=\"noopener\">TRANSCRIPCI\u00d3 de la lectura d\u2019adhesions a c\u00e0rrec d\u2019Isidre Badia<\/a><\/p>\n<p>&nbsp;<\/p>\n<h4>Intervenci\u00f3 de Josep Badia<\/h4>\n<table style=\"height: 48px;width: 100%;border-collapse: collapse;border-style: hidden;background-color: #f0f0f0f0\">\n<tbody>\n<tr style=\"height: 48px\">\n<td style=\"width: 21.2021%;height: 48px\"><img decoding=\"async\" src=\"https:\/\/www.memoria.cat\/diada1976\/wp-content\/uploads\/sites\/219\/2025\/11\/Josep-Badia-p.jpg\" \/><\/td>\n<td style=\"width: 78.7979%;height: 48px\"><iframe width=\"501\" height=\"100\" scrolling=\"no\" frameborder=\"no\" src=\"https:\/\/w.soundcloud.com\/player?url=https%3A%2F%2Fsoundcloud.com%2Fmemoriacat%2Fmemoriacat-11set1976-011&player_height=100&player_height_multi=&player_width=501&player_type=html5&color=&auto_play=false&show_comments=false&show_user=false&buying=false&sharing=false&download=false&show_artwork=false&show_playcount=false&hide_related=false\"><\/iframe><\/td>\n<\/tr>\n<\/tbody>\n<\/table>\n<p><a href=\"https:\/\/www.memoria.cat\/diada1976\/wp-content\/uploads\/sites\/219\/2025\/12\/Intervencio-de-Josep-Badia-2.pdf\" target=\"_blank\" rel=\"noopener\">TRANSCRIPCI\u00d3 de la intervenci\u00f3 de Josep Badia<\/a><\/p>\n<p>&nbsp;<\/p>\n<h4>Interpretaci\u00f3 de l\u2019himne nacional de Catalunya, Els Segadors<\/h4>\n<table style=\"height: 48px;width: 100%;border-collapse: collapse;border-style: hidden;background-color: #f0f0f0f0\">\n<tbody>\n<tr>\n<td style=\"width: 21.07%\"><img decoding=\"async\" src=\"https:\/\/www.memoria.cat\/diada1976\/wp-content\/uploads\/sites\/219\/2025\/12\/himne-p.jpg\" \/><\/td>\n<td style=\"width: 78.93%\"><iframe width=\"501\" height=\"100\" scrolling=\"no\" frameborder=\"no\" src=\"https:\/\/w.soundcloud.com\/player?url=https%3A%2F%2Fsoundcloud.com%2Fmemoriacat%2Fmemoriacat-11set1976-012&player_height=100&player_height_multi=&player_width=501&player_type=html5&color=&auto_play=false&show_comments=false&show_user=false&buying=false&sharing=false&download=false&show_artwork=false&show_playcount=false&hide_related=false\"><\/iframe><\/td>\n<\/tr>\n<\/tbody>\n<\/table>\n<p><a href=\"https:\/\/www.memoria.cat\/diada1976\/wp-content\/uploads\/sites\/219\/2025\/12\/Interpretacio-himne.pdf\" target=\"_blank\" rel=\"noopener\">Transcripci\u00f3<\/a><\/p>\n","protected":false},"excerpt":{"rendered":"<p>&nbsp; En aquest apartat podeu escoltar les diferents intervencions del m\u00edting multitudinari que, organitzat per l\u2019Assemblea del Bages, va tenir lloc la vig\u00edlia de la Diada Nacional del 1976, al pavell\u00f3 del Congost de Manresa. Tamb\u00e9 podeu llegir-ne les corresponents transcripcions. La difusi\u00f3 de l\u2019\u00e0udio \u00e9s possible perqu\u00e8 la manresana Maria Llu\u00efsa Batlle Sanpera conservava [&hellip;]<\/p>\n","protected":false},"author":66,"featured_media":0,"parent":0,"menu_order":0,"comment_status":"closed","ping_status":"closed","template":"","meta":{"iawp_total_views":5,"footnotes":""},"class_list":["post-74657","page","type-page","status-publish","hentry"],"_links":{"self":[{"href":"https:\/\/www.memoria.cat\/diada1976\/wp-json\/wp\/v2\/pages\/74657","targetHints":{"allow":["GET"]}}],"collection":[{"href":"https:\/\/www.memoria.cat\/diada1976\/wp-json\/wp\/v2\/pages"}],"about":[{"href":"https:\/\/www.memoria.cat\/diada1976\/wp-json\/wp\/v2\/types\/page"}],"author":[{"embeddable":true,"href":"https:\/\/www.memoria.cat\/diada1976\/wp-json\/wp\/v2\/users\/66"}],"replies":[{"embeddable":true,"href":"https:\/\/www.memoria.cat\/diada1976\/wp-json\/wp\/v2\/comments?post=74657"}],"version-history":[{"count":43,"href":"https:\/\/www.memoria.cat\/diada1976\/wp-json\/wp\/v2\/pages\/74657\/revisions"}],"predecessor-version":[{"id":74662,"href":"https:\/\/www.memoria.cat\/diada1976\/wp-json\/wp\/v2\/pages\/74657\/revisions\/74662"}],"wp:attachment":[{"href":"https:\/\/www.memoria.cat\/diada1976\/wp-json\/wp\/v2\/media?parent=74657"}],"curies":[{"name":"wp","href":"https:\/\/api.w.org\/{rel}","templated":true}]}}