{"id":74552,"date":"2025-11-20T16:36:42","date_gmt":"2025-11-20T15:36:42","guid":{"rendered":"https:\/\/www.memoria.cat\/diada1976\/?page_id=74552"},"modified":"2025-12-29T21:20:00","modified_gmt":"2025-12-29T20:20:00","slug":"credits","status":"publish","type":"page","link":"https:\/\/www.memoria.cat\/diada1976\/credits\/","title":{"rendered":"Cr\u00e8dits"},"content":{"rendered":"<p>&nbsp;<\/p>\n<p><strong>Autors:<\/strong> Joaquim Aloy i Bosch i Oriol Luj\u00e1n Feliu<\/p>\n<p>&nbsp;<\/p>\n<p><strong>Maquetaci\u00f3 del web:<\/strong> Arnau Aloy i Oliv\u00e9 (any 2011) \/Llu\u00eds Puy Sorribas (any 2025)<br \/>\n<strong>Transcripci\u00f3 de l&#8217;\u00e0udio del m\u00edting:<\/strong> Aloma Vilamala Comas<br \/>\n<strong>Digitalitzaci\u00f3 de l\u2019\u00e0udio del m\u00edting:<\/strong> Arnau Oliv\u00e9 i Valls<\/p>\n<p>&nbsp;<\/p>\n<p><strong>Proced\u00e8ncia de la documentaci\u00f3:<\/strong><br \/>\nArxiu Comarcal del Bages<br \/>\nArxiu General de la Delegaci\u00f3 del Govern a Catalunya<br \/>\nArxiu de l&#8217;Assemblea del Bages custodiat tots aquests anys pel manres\u00e0 Pep Centelles<br \/>\nHemeroteca General de la Universitat Aut\u00f2noma de Barcelona<\/p>\n<p>&nbsp;<\/p>\n<p><strong>Proced\u00e8ncia de l\u2019\u00e0udio del m\u00edting:<\/strong> Maria Llu\u00efsa Batlle Sanpera<\/p>\n<p>&nbsp;<\/p>\n<p><strong>Agra\u00efments:<br \/>\n<\/strong><\/p>\n<p>Llu\u00eds Alsed\u00e0 i Soler<\/p>\n<p>Maria Llu\u00efsa Batlle Sanpera<br \/>\nPep Centelles i Portella<\/p>\n<p>Jordi Pascual Barrera<br \/>\nMarta Pich<br \/>\nMarc Torras i Serra<\/p>\n<p>&nbsp;<\/p>\n<p>Amb el suport de l\u2019<a href=\"http:\/\/www.ajmanresa.cat\">AJUNTAMENT DE MANRESA<\/a><\/p>\n<p>Manresa, setembre del 2011. Renovaci\u00f3 del web: desembre del 2025<\/p>\n","protected":false},"excerpt":{"rendered":"<p>&nbsp; Autors: Joaquim Aloy i Bosch i Oriol Luj\u00e1n Feliu &nbsp; Maquetaci\u00f3 del web: Arnau Aloy i Oliv\u00e9 (any 2011) \/Llu\u00eds Puy Sorribas (any 2025) Transcripci\u00f3 de l&#8217;\u00e0udio del m\u00edting: Aloma Vilamala Comas Digitalitzaci\u00f3 de l\u2019\u00e0udio del m\u00edting: Arnau Oliv\u00e9 i Valls &nbsp; Proced\u00e8ncia de la documentaci\u00f3: Arxiu Comarcal del Bages Arxiu General de la [&hellip;]<\/p>\n","protected":false},"author":66,"featured_media":0,"parent":0,"menu_order":0,"comment_status":"closed","ping_status":"closed","template":"","meta":{"iawp_total_views":0,"footnotes":""},"class_list":["post-74552","page","type-page","status-publish","hentry"],"_links":{"self":[{"href":"https:\/\/www.memoria.cat\/diada1976\/wp-json\/wp\/v2\/pages\/74552","targetHints":{"allow":["GET"]}}],"collection":[{"href":"https:\/\/www.memoria.cat\/diada1976\/wp-json\/wp\/v2\/pages"}],"about":[{"href":"https:\/\/www.memoria.cat\/diada1976\/wp-json\/wp\/v2\/types\/page"}],"author":[{"embeddable":true,"href":"https:\/\/www.memoria.cat\/diada1976\/wp-json\/wp\/v2\/users\/66"}],"replies":[{"embeddable":true,"href":"https:\/\/www.memoria.cat\/diada1976\/wp-json\/wp\/v2\/comments?post=74552"}],"version-history":[{"count":8,"href":"https:\/\/www.memoria.cat\/diada1976\/wp-json\/wp\/v2\/pages\/74552\/revisions"}],"predecessor-version":[{"id":74826,"href":"https:\/\/www.memoria.cat\/diada1976\/wp-json\/wp\/v2\/pages\/74552\/revisions\/74826"}],"wp:attachment":[{"href":"https:\/\/www.memoria.cat\/diada1976\/wp-json\/wp\/v2\/media?parent=74552"}],"curies":[{"name":"wp","href":"https:\/\/api.w.org\/{rel}","templated":true}]}}