{"id":74018,"date":"2025-10-28T11:31:02","date_gmt":"2025-10-28T10:31:02","guid":{"rendered":"https:\/\/www.memoria.cat\/diada1976\/?page_id=74018"},"modified":"2025-10-28T11:34:43","modified_gmt":"2025-10-28T10:34:43","slug":"marc-historic","status":"publish","type":"page","link":"https:\/\/www.memoria.cat\/diada1976\/marc-historic\/","title":{"rendered":"Marc hist\u00f2ric"},"content":{"rendered":"<p>&nbsp;<\/p>\n<p>Despr\u00e9s de la mort del dictador Francisco Franco, el 20 de novembre de 1975, a l\u2019Estat espanyol es va obrir una etapa hist\u00f2rica coneguda amb el nom de la Transici\u00f3 i caracteritzada per les reivindicacions populars que volien l\u2019assoliment de les llibertats individuals i col\u00b7lectives. L\u2019any 1976 va ser un per\u00edode ple de mobilitzacions i manifestacions \u2013com les recordades dels dies 1 i 8 de febrer de 1976 a Barcelona, en vindicaci\u00f3 de l\u2019amnistia-. A Catalunya, un dels moments m\u00e9s recordats d\u2019aquesta lluita va ser l\u201911 de setembre de 1976, quan per primera vegada despr\u00e9s de prop de 40 anys de dictadura es va poder celebrar p\u00fablicament la Diada Nacional de Catalunya.<\/p>\n<p>Tot i aix\u00f2, l\u2019efem\u00e8ride no va estar exempta de nombroses traves. De fet, s\u2019havia decidit celebrar l\u2019acte al Parc de la Ciutadella de Barcelona pel seu significat hist\u00f2ric. Felip V va manar fer construir aquesta fortalesa per a controlar els barcelonins despr\u00e9s de la seva capitulaci\u00f3 l\u201911 de setembre de 1714. Per aquest simbolisme el governador civil de Barcelona, Salvador S\u00e1nchez Ter\u00e1n, va prohibir que s\u2019hi celebr\u00e9s la Diada. En veure\u2019s for\u00e7ada a buscar una alternativa, l\u2019Assemblea de Catalunya, l\u2019entitat unit\u00e0ria que va promoure l\u2019organitzaci\u00f3 de l\u201911 de setembre de 1976, va pensar en Sant Boi de Llobregat. Concretament, va ser l\u2019historiador Josep Benet qui ho recoman\u00e0, ja que all\u00ed hi est\u00e0 enterrat Rafael Casanova, un dels s\u00edmbols catalans de 1714, ja que llavors era el Conseller en cap de Barcelona. Finalment, all\u00ed s\u2019hi celebr\u00e0 la Diada de 1976, que va reunir prop de 100.000 catalans.<\/p>\n<p>Manresa, com la major part de localitats catalanes, no va restar al marge d\u2019aquesta mobilitzaci\u00f3 i l\u2019Assemblea del Bages va promoure l\u2019organitzaci\u00f3 d\u2019un m\u00edting al pavell\u00f3 del Congost de Manresa el dia abans de la Diada, per tal que la gent es pogu\u00e9s despla\u00e7ar l\u2019endem\u00e0 fins a Sant Boi. Aquell acte va ser un dels m\u00e9s multitudinaris de la transici\u00f3 manresana, reunint, segons els organitzadors, al voltant de 3.000 persones desitjoses de llibertat. Tampoc aquella manifestaci\u00f3 popular no va poder evitar obstruccions. Com mostren els documents aportats per aquest web, el citat governador civil de Barcelona va prohibir inicialment el m\u00edting en portar per t\u00edtol &#8220;Onze de setembre, Diada Nacional de Catalunya&#8221;. Els organitzadors van haver de cedir i ometre el concepte Diada Nacional de Catalunya. Nom\u00e9s aix\u00ed es va tolerar la celebraci\u00f3 del m\u00edting.<\/p>\n<p>Tot i portar-se a terme, els obstacles i la pol\u00e8mica no van acabar aqu\u00ed. La repressi\u00f3 i la metodologia franquista no s\u2019havia eradicat, senzillament perqu\u00e8 la democr\u00e0cia no s\u2019havia assolit. Aix\u00ed, el carl\u00ed Josep Badia va ser detingut el 12 de setembre de 1976, dos dies despr\u00e9s de celebrar-se l\u2019acte, en ser acusat d\u2019inj\u00faries a la Gu\u00e0rdia Civil. Segons els informes, in\u00e8dits fins el moment, s\u2019acusava a Badia d\u2019incriminar la mateixa Gu\u00e0rdia Civil per la mort de Jos\u00e9 Maria Zabala. Com mostra l\u2019\u00e0udio del m\u00edting \u2013tamb\u00e9 desconegut fins el moment pel p\u00fablic-, Badia es va limitar a demanar un minut de silenci per la v\u00edctima, afirmant que havia estat assassinada, per\u00f2 sense inculpar directament a la Gu\u00e0rdia Civil. Sorpr\u00e8n, a m\u00e9s, l\u2019acusaci\u00f3 despr\u00e9s que un diari com la Gazeta de Manresa afirm\u00e9s el mateix 11 de setembre que Zabala havia estat \u201cmuerto por un disparo de la Guardia Civil\u201d. Tamb\u00e9 sorpr\u00e8n, perqu\u00e8 en el mateix m\u00edting Sebasti\u00e0 Vives va assegurar: \u201cSols est\u00e0 deixant morts pels carrers. Avui ha sigut Jes\u00fas Mar\u00eda Zabala mort per la Guardia Civil a Fuenterrab\u00eda\u201d. Tot i aix\u00f2, la Gu\u00e0rdia Civil va passar per alt les paraules de Vives i no les de Badia.<\/p>\n<p>Finalment, Josep Badia va ser alliberat el 14 de setembre de 1976. Actes i mobilitzacions populars com aquelles van servir perqu\u00e8 els dirigents franquistes que encara estaven al govern \u2013cal recordar que el cap del govern, Adolfo Su\u00e1rez, era el Secretari General del Movimiento- comencessin a moure\u2019s cap a la democr\u00e0cia. Tanmateix, no va ser fins el 15 de juny de 1977 que es van celebrar unes eleccions amb unes condicions properes a les requerides per una democr\u00e0cia.<\/p>\n","protected":false},"excerpt":{"rendered":"<p>&nbsp; Despr\u00e9s de la mort del dictador Francisco Franco, el 20 de novembre de 1975, a l\u2019Estat espanyol es va obrir una etapa hist\u00f2rica coneguda amb el nom de la Transici\u00f3 i caracteritzada per les reivindicacions populars que volien l\u2019assoliment de les llibertats individuals i col\u00b7lectives. L\u2019any 1976 va ser un per\u00edode ple de mobilitzacions [&hellip;]<\/p>\n","protected":false},"author":66,"featured_media":0,"parent":0,"menu_order":0,"comment_status":"closed","ping_status":"closed","template":"","meta":{"iawp_total_views":17,"footnotes":""},"class_list":["post-74018","page","type-page","status-publish","hentry"],"_links":{"self":[{"href":"https:\/\/www.memoria.cat\/diada1976\/wp-json\/wp\/v2\/pages\/74018","targetHints":{"allow":["GET"]}}],"collection":[{"href":"https:\/\/www.memoria.cat\/diada1976\/wp-json\/wp\/v2\/pages"}],"about":[{"href":"https:\/\/www.memoria.cat\/diada1976\/wp-json\/wp\/v2\/types\/page"}],"author":[{"embeddable":true,"href":"https:\/\/www.memoria.cat\/diada1976\/wp-json\/wp\/v2\/users\/66"}],"replies":[{"embeddable":true,"href":"https:\/\/www.memoria.cat\/diada1976\/wp-json\/wp\/v2\/comments?post=74018"}],"version-history":[{"count":1,"href":"https:\/\/www.memoria.cat\/diada1976\/wp-json\/wp\/v2\/pages\/74018\/revisions"}],"predecessor-version":[{"id":74019,"href":"https:\/\/www.memoria.cat\/diada1976\/wp-json\/wp\/v2\/pages\/74018\/revisions\/74019"}],"wp:attachment":[{"href":"https:\/\/www.memoria.cat\/diada1976\/wp-json\/wp\/v2\/media?parent=74018"}],"curies":[{"name":"wp","href":"https:\/\/api.w.org\/{rel}","templated":true}]}}