{"id":73404,"date":"2019-11-11T13:18:10","date_gmt":"2019-11-11T12:18:10","guid":{"rendered":"https:\/\/www.memoria.cat\/diada1976\/?page_id=73404"},"modified":"2025-12-30T18:52:01","modified_gmt":"2025-12-30T17:52:01","slug":"portada","status":"publish","type":"page","link":"https:\/\/www.memoria.cat\/diada1976\/","title":{"rendered":"Portada"},"content":{"rendered":"<p>&nbsp;<\/p>\n<p>El 10 de setembre de 1976, la vig\u00edlia de la Diada Nacional, el pavell\u00f3 del Congost de Manresa va acollir un dels actes m\u00e9s multitudinaris de la transici\u00f3 a la ciutat. Sota l\u2019impuls de l\u2019Assemblea del Bages, al voltant de 3.000 persones segons l\u2019organitzaci\u00f3 i la premsa \u2013unes 1.600 per la Gu\u00e0rdia Civil- van assistir a un acte de reivindicaci\u00f3 de l\u2019assoliment de plenes llibertats individuals i nacionals, just un dia abans de la coneguda concentraci\u00f3 a Sant Boi de Llobregat.<\/p>\n<p>35 anys m\u00e9s tard recuperem i fem p\u00fablic <a href=\"https:\/\/www.memoria.cat\/diada1976\/audio-del-miting-del-10-9-1976-2\/\" target=\"_blank\" rel=\"noopener\">l\u2019\u00e0udio<\/a> d\u2019aquell acte hist\u00f2ric. \u00c9s un document sonor d\u2019un notable inter\u00e8s que fou enregistrat per Llu\u00eds Alsed\u00e0 i Soler i que ens ha facilitat Maria Llu\u00efsa Batlle Sanpera. Juntament amb aquesta aportaci\u00f3, el web presenta una trentena de <a href=\"https:\/\/www.memoria.cat\/diada1976\/documents\/\" target=\"_blank\" rel=\"noopener\">documents<\/a>, la major part dels quals desconeguts pel p\u00fablic, que ofereixen informaci\u00f3 sobre les gestions portades a terme per a l\u2019organitzaci\u00f3 de l\u2019acte i el seguiment que en va fer la Gu\u00e0rdia Civil amb els seus diversos informes. \u00c9s especialment indicat consultar-hi els que incriminaven Josep Badia d\u2019haver acusat al mateix cos de la Gu\u00e0rdia Civil de l\u2019assassinat de Jes\u00fas Maria Zabala, motiu pel qual va ser detingut. Escoltant l\u2019\u00e0udio del m\u00edting es demostra que Josep Badia en cap moment va fer aquesta afirmaci\u00f3.<\/p>\n<p>Al mateix temps destaquem la documentaci\u00f3 in\u00e8dita facilitada pel manres\u00e0 Pep Centelles. Es tracta d\u2019una vintena de documents de l&#8217;Assemblea del Bages que ell ha custodiat tots aquests anys i que ofereixen informaci\u00f3 del balan\u00e7 econ\u00f2mic de l\u2019acte del Congost. En ells s\u2019hi poden consultar detalls dels materials que a l\u2019entorn de la Diada es van vendre a les parades, les diverses factures generades per la contractaci\u00f3 de diferents serveis, etc.<\/p>\n<p>El web es complementa amb una desena de retalls de <a href=\"https:\/\/www.memoria.cat\/diada1976\/premsa\/\" target=\"_blank\" rel=\"noopener\">premsa<\/a> i de prop de quaranta <a href=\"https:\/\/www.memoria.cat\/diada1976\/fotografies\/\" target=\"_blank\" rel=\"noopener\">fotografies<\/a> d\u2019aquell esdeveniment.<\/p>\n","protected":false},"excerpt":{"rendered":"<p>&nbsp; El 10 de setembre de 1976, la vig\u00edlia de la Diada Nacional, el pavell\u00f3 del Congost de Manresa va acollir un dels actes m\u00e9s multitudinaris de la transici\u00f3 a la ciutat. Sota l\u2019impuls de l\u2019Assemblea del Bages, al voltant de 3.000 persones segons l\u2019organitzaci\u00f3 i la premsa \u2013unes 1.600 per la Gu\u00e0rdia Civil- van [&hellip;]<\/p>\n","protected":false},"author":1,"featured_media":0,"parent":0,"menu_order":0,"comment_status":"closed","ping_status":"closed","template":"","meta":{"iawp_total_views":18,"footnotes":""},"class_list":["post-73404","page","type-page","status-publish","hentry"],"_links":{"self":[{"href":"https:\/\/www.memoria.cat\/diada1976\/wp-json\/wp\/v2\/pages\/73404","targetHints":{"allow":["GET"]}}],"collection":[{"href":"https:\/\/www.memoria.cat\/diada1976\/wp-json\/wp\/v2\/pages"}],"about":[{"href":"https:\/\/www.memoria.cat\/diada1976\/wp-json\/wp\/v2\/types\/page"}],"author":[{"embeddable":true,"href":"https:\/\/www.memoria.cat\/diada1976\/wp-json\/wp\/v2\/users\/1"}],"replies":[{"embeddable":true,"href":"https:\/\/www.memoria.cat\/diada1976\/wp-json\/wp\/v2\/comments?post=73404"}],"version-history":[{"count":7,"href":"https:\/\/www.memoria.cat\/diada1976\/wp-json\/wp\/v2\/pages\/73404\/revisions"}],"predecessor-version":[{"id":74747,"href":"https:\/\/www.memoria.cat\/diada1976\/wp-json\/wp\/v2\/pages\/73404\/revisions\/74747"}],"wp:attachment":[{"href":"https:\/\/www.memoria.cat\/diada1976\/wp-json\/wp\/v2\/media?parent=73404"}],"curies":[{"name":"wp","href":"https:\/\/api.w.org\/{rel}","templated":true}]}}