{"id":76805,"date":"2025-09-06T16:22:29","date_gmt":"2025-09-06T15:22:29","guid":{"rendered":"https:\/\/www.memoria.cat\/detencions1975\/?page_id=76805"},"modified":"2025-09-06T16:22:29","modified_gmt":"2025-09-06T15:22:29","slug":"homilia-llegida-a-les-parroquies-de-manresa-el-5-10-1975","status":"publish","type":"page","link":"https:\/\/www.memoria.cat\/detencions1975\/homilia-llegida-a-les-parroquies-de-manresa-el-5-10-1975\/","title":{"rendered":"Homilia llegida a les parr\u00f2quies de Manresa el 5\/10\/1975"},"content":{"rendered":"<p>&nbsp;<\/p>\n<div id=\"jig1\" class=\"justified-image-grid jig-1190f5d51d5a28d83ab17fba9e8e816b jig-preset-c2 jig-source-wp-gallery jig-rml-id-163\"><div class=\"jig-clearfix\"><\/div><noscript id=\"jig1-html\" class=\"justified-image-grid-html\" data-lazy-src=\"skiplazyload\" data-src=\"skipunveillazyload\"><ul><li><a href=\"https:\/\/www.memoria.cat\/detencions1975\/wp-content\/uploads\/sites\/211\/2025\/09\/Homilia-1-scaled.jpeg\"><img decoding=\"async\" src=\"https:\/\/www.memoria.cat\/detencions1975\/wp-content\/plugins\/justified-image-grid\/timthumb.php?src=https%3A%2F%2Fwww.memoria.cat%2Fdetencions1975%2Fwp-content%2Fuploads%2Fsites%2F211%2F2025%2F09%2FHomilia-1-scaled.jpeg&amp;h=230&amp;q=90&amp;f=.jpeg\" alt=\"\" width=\"170\" height=\"230\" \/><\/a><\/li><li><a href=\"https:\/\/www.memoria.cat\/detencions1975\/wp-content\/uploads\/sites\/211\/2025\/09\/Homilia-2-scaled.jpeg\"><img decoding=\"async\" src=\"https:\/\/www.memoria.cat\/detencions1975\/wp-content\/plugins\/justified-image-grid\/timthumb.php?src=https%3A%2F%2Fwww.memoria.cat%2Fdetencions1975%2Fwp-content%2Fuploads%2Fsites%2F211%2F2025%2F09%2FHomilia-2-scaled.jpeg&amp;h=230&amp;q=90&amp;f=.jpeg\" alt=\"\" width=\"167\" height=\"230\" \/><\/a><\/li><li><a href=\"https:\/\/www.memoria.cat\/detencions1975\/wp-content\/uploads\/sites\/211\/2025\/09\/Homilia-3-scaled.jpeg\"><img decoding=\"async\" src=\"https:\/\/www.memoria.cat\/detencions1975\/wp-content\/plugins\/justified-image-grid\/timthumb.php?src=https%3A%2F%2Fwww.memoria.cat%2Fdetencions1975%2Fwp-content%2Fuploads%2Fsites%2F211%2F2025%2F09%2FHomilia-3-scaled.jpeg&amp;h=230&amp;q=90&amp;f=.jpeg\" alt=\"\" width=\"170\" height=\"230\" \/><\/a><\/li><\/ul><\/noscript><\/div>\n<p style=\"text-align: center\">Homilia que el dia 5 d\u2019octubre del 1975 es va llegir a les parr\u00f2quies de Manresa sobre les execucions de dos militants d\u2019ETA i tres del FRAP, el 27 de setembre, i l\u2019assassinat de cinc\u00a0\u00a0membres de la policia el dia 1 d\u2019octubre. \u00c9s un document de l\u2019Esgl\u00e9sia de base redactat abans de les detencions dels activistes manresans,\u00a0\u00a0per\u00f2 que il\u00b7lustra molt b\u00e9 el moment pol\u00edtic i repressiu que es vivia aleshores. El text condemna la pena de mort i el terrorisme, reivindica el respecte absolut a la vida i la dignitat humana i conclou que \u201cel cam\u00ed de sortida\u201d nom\u00e9s pot ser: \u201c<i>la converg\u00e8ncia activa de tots els ciutadans que, amb una m\u00e9s gran maduresa d\u2019actituds morals, fruint del seu dret de lliure associaci\u00f3, reuni\u00f3, expressi\u00f3 i participaci\u00f3 indiscriminats, solid\u00e0riament i en di\u00e0leg, sota un r\u00e8gim realment obert, vagin trobant i elaborant els camins cada vegada m\u00e9s justos d\u2019una conviv\u00e8ncia fecunda i rica<\/i>\u201d.\u00a0(Document facilitat per Joan Vilamala).<\/p>\n","protected":false},"excerpt":{"rendered":"<p>&nbsp; Homilia que el dia 5 d\u2019octubre del 1975 es va llegir a les parr\u00f2quies de Manresa sobre les execucions de dos militants d\u2019ETA i tres del FRAP, el 27 de setembre, i l\u2019assassinat de cinc\u00a0\u00a0membres de la policia el dia 1 d\u2019octubre. \u00c9s un document de l\u2019Esgl\u00e9sia de base redactat abans de les detencions [&hellip;]<\/p>\n","protected":false},"author":66,"featured_media":0,"parent":0,"menu_order":0,"comment_status":"closed","ping_status":"closed","template":"","meta":{"iawp_total_views":0,"footnotes":""},"class_list":["post-76805","page","type-page","status-publish","hentry"],"_links":{"self":[{"href":"https:\/\/www.memoria.cat\/detencions1975\/wp-json\/wp\/v2\/pages\/76805","targetHints":{"allow":["GET"]}}],"collection":[{"href":"https:\/\/www.memoria.cat\/detencions1975\/wp-json\/wp\/v2\/pages"}],"about":[{"href":"https:\/\/www.memoria.cat\/detencions1975\/wp-json\/wp\/v2\/types\/page"}],"author":[{"embeddable":true,"href":"https:\/\/www.memoria.cat\/detencions1975\/wp-json\/wp\/v2\/users\/66"}],"replies":[{"embeddable":true,"href":"https:\/\/www.memoria.cat\/detencions1975\/wp-json\/wp\/v2\/comments?post=76805"}],"version-history":[{"count":1,"href":"https:\/\/www.memoria.cat\/detencions1975\/wp-json\/wp\/v2\/pages\/76805\/revisions"}],"predecessor-version":[{"id":76806,"href":"https:\/\/www.memoria.cat\/detencions1975\/wp-json\/wp\/v2\/pages\/76805\/revisions\/76806"}],"wp:attachment":[{"href":"https:\/\/www.memoria.cat\/detencions1975\/wp-json\/wp\/v2\/media?parent=76805"}],"curies":[{"name":"wp","href":"https:\/\/api.w.org\/{rel}","templated":true}]}}