{"id":76347,"date":"2025-02-15T11:40:12","date_gmt":"2025-02-15T10:40:12","guid":{"rendered":"https:\/\/www.memoria.cat\/detencions1975\/?page_id=76347"},"modified":"2025-10-01T18:02:14","modified_gmt":"2025-10-01T17:02:14","slug":"credits","status":"publish","type":"page","link":"https:\/\/www.memoria.cat\/detencions1975\/credits\/","title":{"rendered":"Cr\u00e8dits"},"content":{"rendered":"<p>&nbsp;<\/p>\n<p><strong>Idea<\/strong>: Joaquim Aloy i Bosch, Jordi Basiana i Obradors i Pere Gasol i Pujol<\/p>\n<p><strong>Recerca<\/strong>: Joaquim Aloy, Jordi Basiana, Pere Gasol, Oriol Lujan Feliu i Jofre Padull\u00e9s Plata<\/p>\n<p><strong>Redacci\u00f3<\/strong>: Oriol Luj\u00e1n Feliu<\/p>\n<p><strong>Entrevistes<\/strong>: Joaquim Aloy, Pere Gasol i Jofre Padull\u00e9s. (Les entrevistes conjuntes van ser enregistrades els dies 30 de maig i 3 d&#8217;octubre del 2009)<\/p>\n<p><strong>Gravaci\u00f3 i edici\u00f3 de les entrevistes<\/strong>: Txell Casas Auguet, D\u00eddac Garcia Martinez\u00a0i Jorge Caballero Ramos<\/p>\n<p><strong>Transcripci\u00f3 de les entrevistes<\/strong>: Jordi Basiana Mart\u00ed<\/p>\n<p><strong>Transcripci\u00f3 de l&#8217;\u00e0udio del m\u00edting del PSUC<\/strong>: Aloma Vilamala Comas<\/p>\n<p><strong>Disseny del web<\/strong>: Arnau Aloy i Oliv\u00e9<\/p>\n<p><strong>Maquetaci\u00f3 del web<\/strong>: Sergi Selvas Garde\u00f1as (any 2010) \/ Llu\u00eds Puy Sorribas (any 2025)<\/p>\n<p>&nbsp;<\/p>\n<p><strong>Proced\u00e8ncia de la documentaci\u00f3<\/strong>:<\/p>\n<p>Arxiu Comarcal del Bages<\/p>\n<p>Arxiu Nacional de Catalunya<\/p>\n<p>Arxiu General de la Delegaci\u00f3 del Govern a Catalunya<\/p>\n<p>Arxiu Hist\u00f2ric de Comissions Obreres de Catalunya. Fundaci\u00f3 Cipriano Garcia<\/p>\n<p>Centro Documental de la Memoria Hist\u00f3rica. Salamanca<\/p>\n<p>Col\u00b7leccions particulars de Llu\u00efsa Batlle, Ramon Maj\u00f3 i Santos Valladolid<\/p>\n<p>Hemeroteca General de la Universitat Aut\u00f2noma de Barcelona<\/p>\n<p>Hemeroteques digitals dels diaris &#8220;La Vanguardia&#8221; i &#8220;ABC&#8221;<\/p>\n<p>&nbsp;<\/p>\n<p><strong>Proced\u00e8ncia de l&#8217;\u00e0udio del m\u00edting del PSUC de la Sala Loiola<\/strong>: Emili Mart\u00ednez Ballester<\/p>\n<p>&nbsp;<\/p>\n<p><strong>Agra\u00efments<\/strong>:<\/p>\n<p>Merc\u00e8 Argem\u00ed<\/p>\n<p>Marc Torras<\/p>\n<p>Francesc Vil\u00e0<\/p>\n<p><u>I a totes les persones entrevistades<\/u>:<\/p>\n<p>Elisenda Alarc\u00f3n<\/p>\n<p>Antonio Alcaide Galiot<\/p>\n<p>Josep Armengou Fern\u00e1ndez<\/p>\n<p>Joan Badia Pujol<\/p>\n<p>Maria Llu\u00efsa Batlle Sanpera<\/p>\n<p>Ruf\u00ed Cerdan Heredia<\/p>\n<p>Carolina Codinasaltas Verdaguer<\/p>\n<p>Conxa Comas Riu<\/p>\n<p>Carme Cots Sanlleh\u00ed<\/p>\n<p>Josep Fuentes Ribas<\/p>\n<p>Montse Garriga Gim\u00e9nez<\/p>\n<p>Marcelino Iglesias Marcuello<\/p>\n<p>Ramon Maj\u00f3 Lluch<\/p>\n<p>M\u00aa Montserrat Margarit Castells<\/p>\n<p>Emili Mart\u00ednez Ballester<\/p>\n<p>Marga Mart\u00ednez Figueras<\/p>\n<p>Llu\u00eds Maruny Curto<\/p>\n<p>Josep Ramon Mora Villamate<\/p>\n<p>Francesc Padull\u00e9s Esteban<\/p>\n<p>Jaume Pint\u00f3 Casanovas<\/p>\n<p>Manolo Ramos G\u00f3mez<\/p>\n<p>Rosario Ramos G\u00f3mez<\/p>\n<p>Fancesc Sabri\u00e0 Plans<\/p>\n<p>Joan Sala Fain\u00e9<\/p>\n<p>Jepi Subirana Clusells<\/p>\n<p>Montserrat Tarr\u00e9s Gol<\/p>\n<p>Santos Valladolid Brizuela<\/p>\n<p>Marc Viader Pericas<\/p>\n<p>Maria Teresa Vilajeliu Roig<\/p>\n<p>Sebasti\u00e0 Vives Ant\u00fanez<\/p>\n<p>Joaqu\u00edn Vizca\u00edno Grima<\/p>\n<p>&nbsp;<\/p>\n<p>Aquest web es va publicar el desembre del 2010 i la seva creaci\u00f3 va comptar amb el suport del Memorial Democr\u00e0tic.<\/p>\n<p><img decoding=\"async\" class=\"image image-_original alignleft\" src=\"http:\/\/www1.memoria.cat\/sites\/default\/files\/images\/pmd.jpg\" width=\"236\" height=\"99\" \/><\/p>\n<p>&nbsp;<\/p>\n<div><b>\u00a0<\/b><\/div>\n<p>&nbsp;<\/p>\n<p>El setembre de l&#8217;any 2025 el web s\u2019ha renovat gr\u00e0cies al suport de l&#8217;Ajuntament de Manresa.<\/p>\n<p><a href=\"https:\/\/www.memoria.cat\/detencions1975\/wp-content\/uploads\/sites\/211\/2025\/10\/logo-Ajuntament-de-Manresa-1.jpg\"><img fetchpriority=\"high\" decoding=\"async\" class=\"alignnone wp-image-76821\" src=\"https:\/\/www.memoria.cat\/detencions1975\/wp-content\/uploads\/sites\/211\/2025\/10\/logo-Ajuntament-de-Manresa-1.jpg\" alt=\"\" width=\"504\" height=\"114\" srcset=\"https:\/\/www.memoria.cat\/detencions1975\/wp-content\/uploads\/sites\/211\/2025\/10\/logo-Ajuntament-de-Manresa-1.jpg 632w, https:\/\/www.memoria.cat\/detencions1975\/wp-content\/uploads\/sites\/211\/2025\/10\/logo-Ajuntament-de-Manresa-1-300x68.jpg 300w\" sizes=\"(max-width: 504px) 100vw, 504px\" \/><\/a><\/p>\n<p>&nbsp;<\/p>\n","protected":false},"excerpt":{"rendered":"<p>&nbsp; Idea: Joaquim Aloy i Bosch, Jordi Basiana i Obradors i Pere Gasol i Pujol Recerca: Joaquim Aloy, Jordi Basiana, Pere Gasol, Oriol Lujan Feliu i Jofre Padull\u00e9s Plata Redacci\u00f3: Oriol Luj\u00e1n Feliu Entrevistes: Joaquim Aloy, Pere Gasol i Jofre Padull\u00e9s. (Les entrevistes conjuntes van ser enregistrades els dies 30 de maig i 3 d&#8217;octubre [&hellip;]<\/p>\n","protected":false},"author":66,"featured_media":0,"parent":0,"menu_order":0,"comment_status":"closed","ping_status":"closed","template":"","meta":{"iawp_total_views":2,"footnotes":""},"class_list":["post-76347","page","type-page","status-publish","hentry"],"_links":{"self":[{"href":"https:\/\/www.memoria.cat\/detencions1975\/wp-json\/wp\/v2\/pages\/76347","targetHints":{"allow":["GET"]}}],"collection":[{"href":"https:\/\/www.memoria.cat\/detencions1975\/wp-json\/wp\/v2\/pages"}],"about":[{"href":"https:\/\/www.memoria.cat\/detencions1975\/wp-json\/wp\/v2\/types\/page"}],"author":[{"embeddable":true,"href":"https:\/\/www.memoria.cat\/detencions1975\/wp-json\/wp\/v2\/users\/66"}],"replies":[{"embeddable":true,"href":"https:\/\/www.memoria.cat\/detencions1975\/wp-json\/wp\/v2\/comments?post=76347"}],"version-history":[{"count":6,"href":"https:\/\/www.memoria.cat\/detencions1975\/wp-json\/wp\/v2\/pages\/76347\/revisions"}],"predecessor-version":[{"id":76824,"href":"https:\/\/www.memoria.cat\/detencions1975\/wp-json\/wp\/v2\/pages\/76347\/revisions\/76824"}],"wp:attachment":[{"href":"https:\/\/www.memoria.cat\/detencions1975\/wp-json\/wp\/v2\/media?parent=76347"}],"curies":[{"name":"wp","href":"https:\/\/api.w.org\/{rel}","templated":true}]}}