{"id":76246,"date":"2025-02-08T11:53:42","date_gmt":"2025-02-08T10:53:42","guid":{"rendered":"https:\/\/www.memoria.cat\/detencions1975\/?page_id=76246"},"modified":"2025-08-22T10:43:00","modified_gmt":"2025-08-22T09:43:00","slug":"audio-del-miting-del-psuc-a-la-sala-loiola-de-manresa-3-7-1976","status":"publish","type":"page","link":"https:\/\/www.memoria.cat\/detencions1975\/audio-del-miting-del-psuc-a-la-sala-loiola-de-manresa-3-7-1976\/","title":{"rendered":"\u00c0udio del m\u00edting del PSUC a la Sala Loiola de Manresa (3-7-1976)"},"content":{"rendered":"<h4><strong>(Enregistrament parcial d&#8217;uns 75 minuts de durada cedida per Emili Mart\u00ednez Ballester)<\/strong><\/h4>\n<p><a href=\"https:\/\/www.memoria.cat\/detencions1975\/wp-content\/uploads\/sites\/211\/2025\/02\/transcripcio-integra-miting-psuc.pdf\" target=\"_blank\" rel=\"noopener\"><strong>Transcripci\u00f3 \u00edntegra de l&#8217;\u00e0udio del m\u00edting del PSUC a la Sala Loiola (3-7-1976)<\/strong><\/a> 161,5 KB<\/p>\n<p>&nbsp;<\/p>\n<h4>Intervenci\u00f3 de Jaume Sala<\/h4>\n<p>\n<table id=\"tablepress-32\" class=\"tablepress tablepress-id-32\">\n<tbody class=\"row-striping row-hover\">\n<tr class=\"row-1\">\n\t<td class=\"column-1\"><img decoding=\"async\" src=\"https:\/\/www.memoria.cat\/detencions1975\/wp-content\/uploads\/sites\/211\/2025\/02\/n-Jaume-Sala.jpg\" alt=\"\" width=\"150\" height=\"150\" class=\"alignleft size-full wp-image-76283\" \/><\/td><td class=\"column-2\"><br \/>\n    Presentaci\u00f3 (0\u201900\u2019\u2019 \u2013 4\u201959\u2019\u2019)<br \/>\n    Salutacions (5\u201900\u2019\u2019 \u2013 8\u201945\u2019\u2019)<br \/>\n    La lluita del PSUC (8\u201946\u2019\u2019 \u2013 19\u201949\u2019\u2019)<br \/>\n    Reconeixement als lluitadors antifranquistes (14\u201950\u2019\u2019- 17\u201920\u2019\u2019)<br \/>\n    Reivindicaci\u00f3 d\u2019amnistia (17\u201921\u2019\u2019 \u2013 18\u201949\u2019\u2019)<br \/>\n    Reivindicaci\u00f3 de llibertats i democr\u00e0cia (18\u201950\u2019\u2019 \u2013 23\u201956\u2019\u2019)<br \/>\n    Lectura de manifests de suport (23\u201957\u2019\u2019 \u2013 26\u201957\u2019\u2019)<br \/>\n    Presentaci\u00f3 de Llu\u00eds Maruny (26\u201958\u2019\u2019 \u2013 28\u201928\u2019\u2019)<br \/>\n<\/td>\n<\/tr>\n<\/tbody>\n<\/table>\n<!-- #tablepress-32 from cache --><br \/>\n<iframe width=\"100%\" height=\"100\" scrolling=\"no\" frameborder=\"no\" src=\"https:\/\/w.soundcloud.com\/player?url=https%3A%2F%2Fsoundcloud.com%2Fmemoriacat%2Fmemoria-cat-detencions-1975&player_height=100&player_height_multi=&player_width=&player_type=html5&color=&auto_play=&show_comments=false&show_user=false&buying=false&sharing=false&download=false&show_artwork=false&show_playcount=false&hide_related=false\"><\/iframe><\/p>\n<p><strong>Transcripci\u00f3:<\/strong> <a href=\"https:\/\/www.memoria.cat\/detencions1975\/wp-content\/uploads\/sites\/211\/2025\/02\/Intervencio-de-Jaume-Sala-Alegre.pdf\" target=\"_blank\" rel=\"noopener\">Intervenci\u00f3 de Jaume Sala Alegre<\/a> \u00a0 96KB<\/p>\n<p>&nbsp;<\/p>\n<h4>Intervenci\u00f3 de Llu\u00eds Maruny<\/h4>\n<p>\n<table id=\"tablepress-33\" class=\"tablepress tablepress-id-33\">\n<tbody class=\"row-striping row-hover\">\n<tr class=\"row-1\">\n\t<td class=\"column-1\"><img decoding=\"async\" src=\"https:\/\/www.memoria.cat\/detencions1975\/wp-content\/uploads\/sites\/211\/2025\/02\/n-Lluis-Maruny.jpg\" alt=\"\" width=\"150\" height=\"150\" class=\"alignleft size-full wp-image-76281\" \/><\/td><td class=\"column-2\"><br \/>\n    L\u2019arribada de la democr\u00e0cia (0\u201900\u2019\u2019 \u2013 0\u201947\u2019)<br \/>\n    Den\u00fancia de la perviv\u00e8ncia de la dictadura i la repressi\u00f3 (0\u201948\u2019\u2019 \u2013 2\u201951\u2019\u2019)<br \/>\n    El nomenament d\u2019Adolfo Su\u00e1rez (2\u201952\u2019\u2019 \u2013 5\u201908\u2019\u2019)<br \/>\n    La crisi de la dictadura i la sortida a la democr\u00e0cia (5\u201909\u2019\u2019 \u2013 8\u201914\u2019\u2019)<br \/>\n    Valoraci\u00f3 de la monarquia (8\u201915\u2019\u2019 \u2013 9\u201900\u2019\u2019)<br \/>\n    La ruptura pactada i la llibertat (9\u201901\u2019\u2019 \u2013 11\u201905\u2019\u2019)<br \/>\n    La unitat en la lluita per la llibertat (11\u201906\u2019\u2019 \u2013 14\u201928\u2019\u2019)<br \/>\n    Reivindicaci\u00f3 d\u2019amnistia i llibertats (14\u201929\u2019\u2019 \u2013 18\u201940\u2019\u2019)<br \/>\n    Reconeixement de la realitat catalana (18\u201941\u2019\u2019 \u2013 21\u201933\u2019\u2019)<br \/>\n    Assemblea de Catalunya (21\u201934\u2019\u2019 \u2013 25\u201908\u2019\u2019)<br \/>\n<\/td>\n<\/tr>\n<\/tbody>\n<\/table>\n<!-- #tablepress-33 from cache --><br \/>\n<iframe width=\"100%\" height=\"100\" scrolling=\"no\" frameborder=\"no\" src=\"https:\/\/w.soundcloud.com\/player?url=https%3A%2F%2Fsoundcloud.com%2Fmemoriacat%2Fmemoriacat-detencions75-230&player_height=100&player_height_multi=&player_width=&player_type=html5&color=&auto_play=&show_comments=false&show_user=false&buying=false&sharing=false&download=false&show_artwork=false&show_playcount=false&hide_related=false\"><\/iframe><\/p>\n<p><strong>Transcripci\u00f3:\u00a0<\/strong><a href=\"https:\/\/www.memoria.cat\/detencions1975\/wp-content\/uploads\/sites\/211\/2025\/02\/Intervencio-de-Lluis-Maruny-Curto.pdf\" target=\"_blank\" rel=\"noopener\">Intervenci\u00f3 de Lluis maruny Curto<\/a>\u00a0\u00a0 96KB<\/p>\n<p>&nbsp;<\/p>\n<h4>Lectura de manifests de suport a c\u00e0rrec de Jaume Sala<\/h4>\n<h4><img decoding=\"async\" class=\"details-image\" src=\"https:\/\/www.memoria.cat\/detencions1975\/wp-content\/uploads\/sites\/211\/2025\/02\/n-Jaume-Sala.jpg\" alt=\"\" \/><\/h4>\n<iframe width=\"100%\" height=\"100\" scrolling=\"no\" frameborder=\"no\" src=\"https:\/\/w.soundcloud.com\/player?url=https%3A%2F%2Fsoundcloud.com%2Fmemoriacat%2Fmemoria-cat-detencions-1975-1&player_height=100&player_height_multi=&player_width=&player_type=html5&color=&auto_play=&show_comments=false&show_user=false&buying=false&sharing=false&download=false&show_artwork=false&show_playcount=false&hide_related=false\"><\/iframe>\n<p><strong>Transcripci\u00f3: <\/strong><a href=\"https:\/\/www.memoria.cat\/detencions1975\/wp-content\/uploads\/sites\/211\/2025\/02\/Lectura-de-manifests-de-suport-a-carrec-de-Jaume-Sala-Alegre.pdf\" target=\"_blank\" rel=\"noopener\">Lectura de manifests de suport a c\u00e0rrec de Jaume Sala Alegre<\/a>\u00a0\u00a0\u00a0 56 KB<\/p>\n<p>&nbsp;<\/p>\n<h4>Altres intervencions (Josep C\u00f2nsola, Jaume Sala i Francesc Padull\u00e9s)<\/h4>\n\n<table id=\"tablepress-36\" class=\"tablepress tablepress-id-36\">\n<tbody class=\"row-striping row-hover\">\n<tr class=\"row-1\">\n\t<td class=\"column-1\"><img decoding=\"async\" src=\"https:\/\/www.memoria.cat\/detencions1975\/wp-content\/uploads\/sites\/211\/2025\/02\/n-Francesc-Padulles-1.jpg\" alt=\"\" width=\"150\" height=\"150\" class=\"alignleft size-full wp-image-76288\" \/><br \/>\n<br \/>\n<img loading=\"lazy\" decoding=\"async\" src=\"https:\/\/www.memoria.cat\/detencions1975\/wp-content\/uploads\/sites\/211\/2025\/02\/n-Josep-Consola.jpg\" alt=\"\" width=\"150\" height=\"150\" class=\"alignleft size-full wp-image-76282\" \/><\/td><td class=\"column-2\"><br \/>\n    Amnistia laboral i reivindicaci\u00f3 de llibertats (0\u201900\u2019\u2019-2\u201908\u2019\u2019)<br \/>\n    La lluita d\u2019Uni\u00f3 de Pagesos i altres col\u00b7lectius de treballadors (2\u201909\u2019\u2019- 5\u201957\u2019\u2019)<br \/>\n    Altres lluites socials i ve\u00efnals (5\u201958\u2019\u2019 \u2013 8\u201932\u2019\u2019)<br \/>\n    Construcci\u00f3 d\u2019una societat socialista (8\u201933\u2019\u2019 \u2013 9\u201917\u2019\u2019)<br \/>\n    Lectura de manifests de suport (9\u201918\u2019\u2019 \u2013 10\u201943\u2019\u2019)<br \/>\n    La pr\u00e0ctica del comunisme (10\u201944\u2019\u2019 \u2013 11\u201946\u2019\u2019)<br \/>\n    Reivindicaci\u00f3 dels treballadors i el socialisme (11\u201947\u2019\u2019 \u2013 12\u201940\u2019\u2019)<br \/>\n    Comiat (12\u201941\u2019\u2019 \u2013 13\u201934\u2019\u2019)<br \/>\n<\/td>\n<\/tr>\n<\/tbody>\n<\/table>\n<!-- #tablepress-36 from cache -->\n<iframe width=\"100%\" height=\"100\" scrolling=\"no\" frameborder=\"no\" src=\"https:\/\/w.soundcloud.com\/player?url=https%3A%2F%2Fsoundcloud.com%2Fmemoriacat%2Fmemoriacat-detencions75-232&player_height=100&player_height_multi=&player_width=&player_type=html5&color=&auto_play=&show_comments=false&show_user=false&buying=false&sharing=false&download=false&show_artwork=false&show_playcount=false&hide_related=false\"><\/iframe>\n<p><strong>Transcripci\u00f3: <\/strong><a href=\"https:\/\/www.memoria.cat\/detencions1975\/wp-content\/uploads\/sites\/211\/2025\/02\/Altres-intervencions.pdf\" target=\"_blank\" rel=\"noopener\">Altres intervencions\u00a0<\/a>\u00a0 84KB<\/p>\n","protected":false},"excerpt":{"rendered":"<p>(Enregistrament parcial d&#8217;uns 75 minuts de durada cedida per Emili Mart\u00ednez Ballester) Transcripci\u00f3 \u00edntegra de l&#8217;\u00e0udio del m\u00edting del PSUC a la Sala Loiola (3-7-1976) 161,5 KB &nbsp; Intervenci\u00f3 de Jaume Sala Transcripci\u00f3: Intervenci\u00f3 de Jaume Sala Alegre \u00a0 96KB &nbsp; Intervenci\u00f3 de Llu\u00eds Maruny Transcripci\u00f3:\u00a0Intervenci\u00f3 de Lluis maruny Curto\u00a0\u00a0 96KB &nbsp; Lectura de manifests [&hellip;]<\/p>\n","protected":false},"author":66,"featured_media":0,"parent":0,"menu_order":0,"comment_status":"closed","ping_status":"closed","template":"","meta":{"iawp_total_views":4,"footnotes":""},"class_list":["post-76246","page","type-page","status-publish","hentry"],"_links":{"self":[{"href":"https:\/\/www.memoria.cat\/detencions1975\/wp-json\/wp\/v2\/pages\/76246","targetHints":{"allow":["GET"]}}],"collection":[{"href":"https:\/\/www.memoria.cat\/detencions1975\/wp-json\/wp\/v2\/pages"}],"about":[{"href":"https:\/\/www.memoria.cat\/detencions1975\/wp-json\/wp\/v2\/types\/page"}],"author":[{"embeddable":true,"href":"https:\/\/www.memoria.cat\/detencions1975\/wp-json\/wp\/v2\/users\/66"}],"replies":[{"embeddable":true,"href":"https:\/\/www.memoria.cat\/detencions1975\/wp-json\/wp\/v2\/comments?post=76246"}],"version-history":[{"count":0,"href":"https:\/\/www.memoria.cat\/detencions1975\/wp-json\/wp\/v2\/pages\/76246\/revisions"}],"wp:attachment":[{"href":"https:\/\/www.memoria.cat\/detencions1975\/wp-json\/wp\/v2\/media?parent=76246"}],"curies":[{"name":"wp","href":"https:\/\/api.w.org\/{rel}","templated":true}]}}