{"id":75366,"date":"2024-12-11T10:19:50","date_gmt":"2024-12-11T09:19:50","guid":{"rendered":"https:\/\/www.memoria.cat\/detencions1975\/?page_id=75366"},"modified":"2024-12-11T10:22:46","modified_gmt":"2024-12-11T09:22:46","slug":"francesc-sabria-plans-la-caiguda-de-laparell-de-propaganda-del-psuc-i-les-seves-consequencies","status":"publish","type":"page","link":"https:\/\/www.memoria.cat\/detencions1975\/francesc-sabria-plans-la-caiguda-de-laparell-de-propaganda-del-psuc-i-les-seves-consequencies\/","title":{"rendered":"Francesc Sabri\u00e0 Plans. La caiguda de l&#8217;aparell de propaganda del PSUC i les seves conseq\u00fc\u00e8ncies"},"content":{"rendered":"<p>&nbsp;<\/p>\n<p><iframe title=\"MemoriaCat-Detencions75-160-Francesc Sabria\u0300 Plans. La caiguda de l&#039;aparell de propaganda del PSUC i les seves consequ\u0308e\u0300ncie\" src=\"https:\/\/player.vimeo.com\/video\/61102097?dnt=1&amp;app_id=122963\" width=\"720\" height=\"480\" frameborder=\"0\" allow=\"autoplay; fullscreen; picture-in-picture; clipboard-write\"><\/iframe><\/p>\n<table border=\"0\" width=\"100%\" cellspacing=\"10\" cellpadding=\"0\">\n<tbody>\n<tr>\n<td><strong>Data de naixement<\/strong>: 16\/03\/1949<br \/>\n<strong>Milit\u00e0ncia<\/strong>: Fou un dels primers militants del PSUC a Manresa<\/p>\n<p><strong>Data entrevista<\/strong>:\u00a007\/2010<\/p>\n<p><strong>Transcripci\u00f3: <\/strong><a href=\"https:\/\/www.memoria.cat\/detencions1975\/wp-content\/uploads\/sites\/211\/2024\/12\/8_francesc_sabria_plans_la_caiguda_de_aparell_de_propaganda.pdf\">Francesc Sabri\u00e0 Plans sobre &#8220;La caiguda de l&#8217;aparell de propaganda del PSUC i les seves conseq\u00fc\u00e8ncies&#8221;<\/a><strong><br \/>\n<\/strong><\/td>\n<\/tr>\n<\/tbody>\n<\/table>\n","protected":false},"excerpt":{"rendered":"<p>&nbsp; Data de naixement: 16\/03\/1949 Milit\u00e0ncia: Fou un dels primers militants del PSUC a Manresa Data entrevista:\u00a007\/2010 Transcripci\u00f3: Francesc Sabri\u00e0 Plans sobre &#8220;La caiguda de l&#8217;aparell de propaganda del PSUC i les seves conseq\u00fc\u00e8ncies&#8221;<\/p>\n","protected":false},"author":66,"featured_media":0,"parent":0,"menu_order":0,"comment_status":"closed","ping_status":"closed","template":"","meta":{"iawp_total_views":3,"footnotes":""},"class_list":["post-75366","page","type-page","status-publish","hentry"],"_links":{"self":[{"href":"https:\/\/www.memoria.cat\/detencions1975\/wp-json\/wp\/v2\/pages\/75366","targetHints":{"allow":["GET"]}}],"collection":[{"href":"https:\/\/www.memoria.cat\/detencions1975\/wp-json\/wp\/v2\/pages"}],"about":[{"href":"https:\/\/www.memoria.cat\/detencions1975\/wp-json\/wp\/v2\/types\/page"}],"author":[{"embeddable":true,"href":"https:\/\/www.memoria.cat\/detencions1975\/wp-json\/wp\/v2\/users\/66"}],"replies":[{"embeddable":true,"href":"https:\/\/www.memoria.cat\/detencions1975\/wp-json\/wp\/v2\/comments?post=75366"}],"version-history":[{"count":0,"href":"https:\/\/www.memoria.cat\/detencions1975\/wp-json\/wp\/v2\/pages\/75366\/revisions"}],"wp:attachment":[{"href":"https:\/\/www.memoria.cat\/detencions1975\/wp-json\/wp\/v2\/media?parent=75366"}],"curies":[{"name":"wp","href":"https:\/\/api.w.org\/{rel}","templated":true}]}}