{"id":75352,"date":"2024-12-11T10:09:11","date_gmt":"2024-12-11T09:09:11","guid":{"rendered":"https:\/\/www.memoria.cat\/detencions1975\/?page_id=75352"},"modified":"2024-12-11T10:12:12","modified_gmt":"2024-12-11T09:12:12","slug":"lluis-maruny-curto-la-caiguda-de-laparell-de-propaganda-del-psuc-i-les-seves-consequencies-els-baixos-del-carrer-cantarell-no-11","status":"publish","type":"page","link":"https:\/\/www.memoria.cat\/detencions1975\/lluis-maruny-curto-la-caiguda-de-laparell-de-propaganda-del-psuc-i-les-seves-consequencies-els-baixos-del-carrer-cantarell-no-11\/","title":{"rendered":"Llu\u00eds Maruny Curto. La caiguda de l&#8217;aparell de propaganda del PSUC i les seves conseq\u00fc\u00e8ncies. Els baixos del carrer Cantarell n\u00ba 11"},"content":{"rendered":"<p>&nbsp;<\/p>\n<p><iframe title=\"MemoriaCat-Detencions75-106-Llu\u00eds Maruny Curto. La caiguda de l&#039;aparell de propaganda del PSUC i les seves conseq\u00fc\u00e8ncies. Els\" src=\"https:\/\/player.vimeo.com\/video\/60920442?dnt=1&amp;app_id=122963\" width=\"720\" height=\"480\" frameborder=\"0\" allow=\"autoplay; fullscreen; picture-in-picture; clipboard-write\"><\/iframe><\/p>\n<table border=\"0\" width=\"100%\" cellspacing=\"10\" cellpadding=\"0\">\n<tbody>\n<tr>\n<td><strong>Data de naixement:<\/strong> 24\/06\/1947<br \/>\n<strong>Milit\u00e0ncia:<\/strong> PSUC<strong>C\u00e0rrec<\/strong>: Responsable pol\u00edtic del Comit\u00e8 Comarcal del Bages des de 1974<br \/>\n<strong>Detenci\u00f3:<\/strong> va ser breument detingut el 10 de desembre de 1975 i alliberat el mateix dia, despr\u00e9s de fugar-se a Barcelona durant les detencions.<strong>Data entrevista<\/strong> :\u00a0 04\/10\/2009<\/p>\n<p><strong>Transcripci\u00f3: <\/strong><a href=\"https:\/\/www.memoria.cat\/detencions1975\/wp-content\/uploads\/sites\/211\/2024\/12\/6_lluis_maruny_els_baixos_del_carrer_cantarell.pdf\">Llu\u00eds Maruny Curto sobre &#8220;La caiguda de l&#8217;aparell de propaganda del PSUC i les seves conseq\u00fc\u00e8ncies. Els baixos del carrer Cantarell n\u00ba 11&#8221;<\/a><strong><br \/>\n<\/strong><\/td>\n<\/tr>\n<\/tbody>\n<\/table>\n","protected":false},"excerpt":{"rendered":"<p>&nbsp; Data de naixement: 24\/06\/1947 Milit\u00e0ncia: PSUCC\u00e0rrec: Responsable pol\u00edtic del Comit\u00e8 Comarcal del Bages des de 1974 Detenci\u00f3: va ser breument detingut el 10 de desembre de 1975 i alliberat el mateix dia, despr\u00e9s de fugar-se a Barcelona durant les detencions.Data entrevista :\u00a0 04\/10\/2009 Transcripci\u00f3: Llu\u00eds Maruny Curto sobre &#8220;La caiguda de l&#8217;aparell de propaganda [&hellip;]<\/p>\n","protected":false},"author":66,"featured_media":0,"parent":0,"menu_order":0,"comment_status":"closed","ping_status":"closed","template":"","meta":{"iawp_total_views":0,"footnotes":""},"class_list":["post-75352","page","type-page","status-publish","hentry"],"_links":{"self":[{"href":"https:\/\/www.memoria.cat\/detencions1975\/wp-json\/wp\/v2\/pages\/75352","targetHints":{"allow":["GET"]}}],"collection":[{"href":"https:\/\/www.memoria.cat\/detencions1975\/wp-json\/wp\/v2\/pages"}],"about":[{"href":"https:\/\/www.memoria.cat\/detencions1975\/wp-json\/wp\/v2\/types\/page"}],"author":[{"embeddable":true,"href":"https:\/\/www.memoria.cat\/detencions1975\/wp-json\/wp\/v2\/users\/66"}],"replies":[{"embeddable":true,"href":"https:\/\/www.memoria.cat\/detencions1975\/wp-json\/wp\/v2\/comments?post=75352"}],"version-history":[{"count":0,"href":"https:\/\/www.memoria.cat\/detencions1975\/wp-json\/wp\/v2\/pages\/75352\/revisions"}],"wp:attachment":[{"href":"https:\/\/www.memoria.cat\/detencions1975\/wp-json\/wp\/v2\/media?parent=75352"}],"curies":[{"name":"wp","href":"https:\/\/api.w.org\/{rel}","templated":true}]}}