{"id":74205,"date":"2024-11-06T10:52:03","date_gmt":"2024-11-06T09:52:03","guid":{"rendered":"https:\/\/www.memoria.cat\/detencions1975\/?page_id=74205"},"modified":"2024-11-06T11:18:55","modified_gmt":"2024-11-06T10:18:55","slug":"la-defensa-i-el-proces-judicial","status":"publish","type":"page","link":"https:\/\/www.memoria.cat\/detencions1975\/la-defensa-i-el-proces-judicial\/","title":{"rendered":"La defensa i el proc\u00e9s judicial"},"content":{"rendered":"<p>&nbsp;<\/p>\n<div id=\"jig1\" class=\"justified-image-grid jig-8a3baea0e7518f2881a13996a113c2d1 jig-preset-c2 jig-source-wp-gallery jig-rml-id-56\"><div class=\"jig-clearfix\"><\/div><noscript id=\"jig1-html\" class=\"justified-image-grid-html\" data-lazy-src=\"skiplazyload\" data-src=\"skipunveillazyload\"><ul><li><a href=\"https:\/\/www.memoria.cat\/detencions1975\/wp-content\/uploads\/sites\/211\/2024\/11\/aqueixaviader1-acb-det75_0.jpg\"><img decoding=\"async\" src=\"https:\/\/www.memoria.cat\/detencions1975\/wp-content\/plugins\/justified-image-grid\/timthumb.php?src=https%3A%2F%2Fwww.memoria.cat%2Fdetencions1975%2Fwp-content%2Fuploads%2Fsites%2F211%2F2024%2F11%2Faqueixaviader1-acb-det75_0.jpg&amp;h=230&amp;q=90&amp;f=.jpg\" alt=\"\" width=\"172\" height=\"230\" \/><\/a><\/li><li><a href=\"https:\/\/www.memoria.cat\/detencions1975\/wp-content\/uploads\/sites\/211\/2024\/11\/aqueixaviader2-acb-det75_0.jpg\"><img decoding=\"async\" src=\"https:\/\/www.memoria.cat\/detencions1975\/wp-content\/plugins\/justified-image-grid\/timthumb.php?src=https%3A%2F%2Fwww.memoria.cat%2Fdetencions1975%2Fwp-content%2Fuploads%2Fsites%2F211%2F2024%2F11%2Faqueixaviader2-acb-det75_0.jpg&amp;h=230&amp;q=90&amp;f=.jpg\" alt=\"\" width=\"172\" height=\"230\" \/><\/a><\/li><\/ul><\/noscript><\/div>\n<p style=\"text-align: center\"><span class=\"text-petit\">18-10-1975: Carta de l\u2019advocat Marc Viader al president del Col\u00b7legi d\u2019advocats de Barcelona per denunciar les intromissions del jutges d\u2019instrucci\u00f3 a l\u2019hora de dificultar i alentir els contactes entre els detinguts i els advocats defensors, posant com a exemple el cas d\u2019alguns manresans detinguts (Josep Fuentes, Josep C\u00f2nsola, Joan Sala, Jaume Sala, Manuel Pardillo i Manuel Ramos), acusats de pert\u00e0nyer al PSUC i CCOO. (Arxiu Comarcal del Bages).<\/span><\/p>\n<p>&nbsp;<\/p>\n<div id=\"jig2\" class=\"justified-image-grid jig-7555af3481d13af590d08356a4efca79 jig-preset-c2 jig-source-wp-gallery jig-rml-id-57\"><div class=\"jig-clearfix\"><\/div><noscript id=\"jig2-html\" class=\"justified-image-grid-html\" data-lazy-src=\"skiplazyload\" data-src=\"skipunveillazyload\"><ul><li><a href=\"https:\/\/www.memoria.cat\/detencions1975\/wp-content\/uploads\/sites\/211\/2024\/11\/bnotific-defensafuentes1-ccoobcn-det75_0.jpg\"><img decoding=\"async\" src=\"https:\/\/www.memoria.cat\/detencions1975\/wp-content\/plugins\/justified-image-grid\/timthumb.php?src=https%3A%2F%2Fwww.memoria.cat%2Fdetencions1975%2Fwp-content%2Fuploads%2Fsites%2F211%2F2024%2F11%2Fbnotific-defensafuentes1-ccoobcn-det75_0.jpg&amp;h=230&amp;q=90&amp;f=.jpg\" alt=\"\" width=\"167\" height=\"230\" \/><\/a><\/li><\/ul><\/noscript><\/div>\n<p style=\"text-align: center\"><span class=\"text-petit\">28-10-1975: Notificaci\u00f3 de la defensa de Josep Fuentes per part dels advocats Albert Fina i Montserrat Avil\u00e9s al Jutjat d\u2019Ordre P\u00fablic de Madrid. Document in\u00e8dit. (Arxiu Hist\u00f2ric de Comissions Obreres de Catalunya. Fundaci\u00f3 Cipriano Garcia).<\/span><\/p>\n<p>&nbsp;<\/p>\n<div id=\"jig3\" class=\"justified-image-grid jig-ae6c0f018b0644f67450b5170f6149d1 jig-preset-c2 jig-source-wp-gallery jig-rml-id-58\"><div class=\"jig-clearfix\"><\/div><noscript id=\"jig3-html\" class=\"justified-image-grid-html\" data-lazy-src=\"skiplazyload\" data-src=\"skipunveillazyload\"><ul><li><a href=\"https:\/\/www.memoria.cat\/detencions1975\/wp-content\/uploads\/sites\/211\/2024\/11\/cinforme-defensafuentes1-ccoobcn-det75_0.jpg\"><img loading=\"lazy\" decoding=\"async\" src=\"https:\/\/www.memoria.cat\/detencions1975\/wp-content\/plugins\/justified-image-grid\/timthumb.php?src=https%3A%2F%2Fwww.memoria.cat%2Fdetencions1975%2Fwp-content%2Fuploads%2Fsites%2F211%2F2024%2F11%2Fcinforme-defensafuentes1-ccoobcn-det75_0.jpg&amp;h=230&amp;q=90&amp;f=.jpg\" alt=\"\" width=\"165\" height=\"230\" \/><\/a><\/li><\/ul><\/noscript><\/div>\n<p style=\"text-align: center\"><span class=\"text-petit\">4-11-1975: Informe intern dels advocats Albert Fina i Montserrat Avil\u00e9s en prendre el relleu de Marc Viader en la defensa de Josep Fuentes a partir de l\u2019ingr\u00e9s d\u2019aquest a la pres\u00f3 Model de Barcelona. Document in\u00e8dit. (Arxiu Hist\u00f2ric de Comissions Obreres de Catalunya. Fundaci\u00f3 Cipriano Garcia).<\/span><\/p>\n<p>&nbsp;<\/p>\n<div id=\"jig4\" class=\"justified-image-grid jig-593941b7465d1232941aead37e3045bb jig-preset-c2 jig-source-wp-gallery jig-rml-id-59\"><div class=\"jig-clearfix\"><\/div><noscript id=\"jig4-html\" class=\"justified-image-grid-html\" data-lazy-src=\"skiplazyload\" data-src=\"skipunveillazyload\"><ul><li><a href=\"https:\/\/www.memoria.cat\/detencions1975\/wp-content\/uploads\/sites\/211\/2024\/11\/cnotific-defensafuentes2-ccoobcn-det75_0.jpg\"><img loading=\"lazy\" decoding=\"async\" src=\"https:\/\/www.memoria.cat\/detencions1975\/wp-content\/plugins\/justified-image-grid\/timthumb.php?src=https%3A%2F%2Fwww.memoria.cat%2Fdetencions1975%2Fwp-content%2Fuploads%2Fsites%2F211%2F2024%2F11%2Fcnotific-defensafuentes2-ccoobcn-det75_0.jpg&amp;h=230&amp;q=90&amp;f=.jpg\" alt=\"\" width=\"165\" height=\"230\" \/><\/a><\/li><\/ul><\/noscript><\/div>\n<p style=\"text-align: center\"><span class=\"text-petit\">6-11-1975: Notificaci\u00f3 de la defensa de Josep Fuentes per part dels advocats Albert Fina i Montserrat Avil\u00e9s al Jutjat d\u2019Ordre P\u00fablic n\u00famero 1 de Madrid. Document in\u00e8dit. (Arxiu Hist\u00f2ric de Comissions Obreres de Catalunya. Fundaci\u00f3 Cipriano Garcia).<\/span><\/p>\n<p>&nbsp;<\/p>\n<div id=\"jig5\" class=\"justified-image-grid jig-7eff38dfb723193e738ee19b97fed8af jig-preset-c2 jig-source-wp-gallery jig-rml-id-60\"><div class=\"jig-clearfix\"><\/div><noscript id=\"jig5-html\" class=\"justified-image-grid-html\" data-lazy-src=\"skiplazyload\" data-src=\"skipunveillazyload\"><ul><li><a href=\"https:\/\/www.memoria.cat\/detencions1975\/wp-content\/uploads\/sites\/211\/2025\/08\/12111975.-Sumari-165475.jpg\"><img loading=\"lazy\" decoding=\"async\" src=\"https:\/\/www.memoria.cat\/detencions1975\/wp-content\/plugins\/justified-image-grid\/timthumb.php?src=https%3A%2F%2Fwww.memoria.cat%2Fdetencions1975%2Fwp-content%2Fuploads%2Fsites%2F211%2F2025%2F08%2F12111975.-Sumari-165475.jpg&amp;h=230&amp;q=90&amp;f=.jpg\" alt=\"\" width=\"162\" height=\"230\" \/><\/a><\/li><\/ul><\/noscript><\/div>\n<p style=\"text-align: center\"><span class=\"text-petit\">12-11-1975: Sumari 1654\/75 referent als cinc detinguts de Manresa acusats de militar al PSUC. Els acusats s\u00f3n sotmesos a situaci\u00f3 de pres\u00f3 provisional sense fian\u00e7a i condemnats a pagar una multa de 30.000 pessetes cadascun. (Arxiu Comarcal del Bages).<\/span><\/p>\n<p>&nbsp;<\/p>\n<div id=\"jig6\" class=\"justified-image-grid jig-114ffb5cdffd1e8c116cf2ba7c5b981c jig-preset-c2 jig-source-wp-gallery jig-rml-id-61\"><div class=\"jig-clearfix\"><\/div><noscript id=\"jig6-html\" class=\"justified-image-grid-html\" data-lazy-src=\"skiplazyload\" data-src=\"skipunveillazyload\"><ul><li><a href=\"https:\/\/www.memoria.cat\/detencions1975\/wp-content\/uploads\/sites\/211\/2024\/11\/dinforme-defensafuentes2-ccoobcn-det75_0.jpg\"><img loading=\"lazy\" decoding=\"async\" src=\"https:\/\/www.memoria.cat\/detencions1975\/wp-content\/plugins\/justified-image-grid\/timthumb.php?src=https%3A%2F%2Fwww.memoria.cat%2Fdetencions1975%2Fwp-content%2Fuploads%2Fsites%2F211%2F2024%2F11%2Fdinforme-defensafuentes2-ccoobcn-det75_0.jpg&amp;h=230&amp;q=90&amp;f=.jpg\" alt=\"\" width=\"167\" height=\"230\" \/><\/a><\/li><li><a href=\"https:\/\/www.memoria.cat\/detencions1975\/wp-content\/uploads\/sites\/211\/2024\/11\/dinforme-defensafuentes3-ccoobcn-det75_0.jpg\"><img loading=\"lazy\" decoding=\"async\" src=\"https:\/\/www.memoria.cat\/detencions1975\/wp-content\/plugins\/justified-image-grid\/timthumb.php?src=https%3A%2F%2Fwww.memoria.cat%2Fdetencions1975%2Fwp-content%2Fuploads%2Fsites%2F211%2F2024%2F11%2Fdinforme-defensafuentes3-ccoobcn-det75_0.jpg&amp;h=230&amp;q=90&amp;f=.jpg\" alt=\"\" width=\"165\" height=\"230\" \/><\/a><\/li><\/ul><\/noscript><\/div>\n<p style=\"text-align: center\"><span class=\"text-petit\">22-11-1975: Informe manuscrit dels advocats Albert Fina i Montserrat Avil\u00e9s del proc\u00e9s seguit en la defensa de Josep Fuentes a partir del seu ingr\u00e9s a la pres\u00f3 Model de Barcelona. Document in\u00e8dit. (Arxiu Hist\u00f2ric de Comissions Obreres de Catalunya. Fundaci\u00f3 Cipriano Garcia).<\/span><\/p>\n<p>&nbsp;<\/p>\n<div id=\"jig7\" class=\"justified-image-grid jig-9de4144e26226dff21e535de094c1362 jig-preset-c2 jig-source-wp-gallery jig-rml-id-62\"><div class=\"jig-clearfix\"><\/div><noscript id=\"jig7-html\" class=\"justified-image-grid-html\" data-lazy-src=\"skiplazyload\" data-src=\"skipunveillazyload\"><ul><li><a href=\"https:\/\/www.memoria.cat\/detencions1975\/wp-content\/uploads\/sites\/211\/2024\/11\/edemanda-llibertatfuentes-ccoobcn-det75_0.jpg\"><img loading=\"lazy\" decoding=\"async\" src=\"https:\/\/www.memoria.cat\/detencions1975\/wp-content\/plugins\/justified-image-grid\/timthumb.php?src=https%3A%2F%2Fwww.memoria.cat%2Fdetencions1975%2Fwp-content%2Fuploads%2Fsites%2F211%2F2024%2F11%2Fedemanda-llibertatfuentes-ccoobcn-det75_0.jpg&amp;h=230&amp;q=90&amp;f=.jpg\" alt=\"\" width=\"167\" height=\"230\" \/><\/a><\/li><\/ul><\/noscript><\/div>\n<p style=\"text-align: center\"><span class=\"text-petit\">25-11-1975: Demanda de llibertat provisional de Josep Fuentes Ribas al Jutjat d\u2019Ordre P\u00fablic n\u00famero 2 de Barcelona despr\u00e9s de gaireb\u00e9 dos mesos de reclusi\u00f3. La demanda al\u00b7lega la voluntat de l\u2019acusat de no defugir la just\u00edcia, l\u2019obligaci\u00f3 del mateix de complir amb les seves necessitats familiars i laborals i l\u2019abs\u00e8ncia d\u2019antecedents policials. Document in\u00e8dit. (Arxiu Hist\u00f2ric de Comissions Obreres de Catalunya. Fundaci\u00f3 Cipriano Garcia).<\/span><\/p>\n<p>&nbsp;<\/p>\n<p>&nbsp;<\/p>\n<div id=\"jig8\" class=\"justified-image-grid jig-5cbc2cba8252b440bcd269745082b9aa jig-preset-c2 jig-source-wp-gallery jig-rml-id-63\"><div class=\"jig-clearfix\"><\/div><noscript id=\"jig8-html\" class=\"justified-image-grid-html\" data-lazy-src=\"skiplazyload\" data-src=\"skipunveillazyload\"><ul><li><a href=\"https:\/\/www.memoria.cat\/detencions1975\/wp-content\/uploads\/sites\/211\/2024\/11\/edemanda-llibertatsala-sv-det75_0.jpg\"><img loading=\"lazy\" decoding=\"async\" src=\"https:\/\/www.memoria.cat\/detencions1975\/wp-content\/plugins\/justified-image-grid\/timthumb.php?src=https%3A%2F%2Fwww.memoria.cat%2Fdetencions1975%2Fwp-content%2Fuploads%2Fsites%2F211%2F2024%2F11%2Fedemanda-llibertatsala-sv-det75_0.jpg&amp;h=230&amp;q=90&amp;f=.jpg\" alt=\"\" width=\"161\" height=\"230\" \/><\/a><\/li><\/ul><\/noscript><\/div>\n<p style=\"text-align: center\"><span class=\"text-petit\">25-11-1975: Sol\u00b7licitud de llibertat provisional del detingut Joan Sala al\u00b7legant domicili fix, bon comportament laboral i voluntat de cooperaci\u00f3 amb la just\u00edcia. Document in\u00e8dit. (Col\u00b7lecci\u00f3 Santos Valladolid).<\/span><\/p>\n<p>&nbsp;<\/p>\n<p style=\"text-align: center\">\n","protected":false},"excerpt":{"rendered":"<p>&nbsp; 18-10-1975: Carta de l\u2019advocat Marc Viader al president del Col\u00b7legi d\u2019advocats de Barcelona per denunciar les intromissions del jutges d\u2019instrucci\u00f3 a l\u2019hora de dificultar i alentir els contactes entre els detinguts i els advocats defensors, posant com a exemple el cas d\u2019alguns manresans detinguts (Josep Fuentes, Josep C\u00f2nsola, Joan Sala, Jaume Sala, Manuel Pardillo [&hellip;]<\/p>\n","protected":false},"author":66,"featured_media":0,"parent":0,"menu_order":0,"comment_status":"closed","ping_status":"closed","template":"","meta":{"iawp_total_views":0,"footnotes":""},"class_list":["post-74205","page","type-page","status-publish","hentry"],"_links":{"self":[{"href":"https:\/\/www.memoria.cat\/detencions1975\/wp-json\/wp\/v2\/pages\/74205","targetHints":{"allow":["GET"]}}],"collection":[{"href":"https:\/\/www.memoria.cat\/detencions1975\/wp-json\/wp\/v2\/pages"}],"about":[{"href":"https:\/\/www.memoria.cat\/detencions1975\/wp-json\/wp\/v2\/types\/page"}],"author":[{"embeddable":true,"href":"https:\/\/www.memoria.cat\/detencions1975\/wp-json\/wp\/v2\/users\/66"}],"replies":[{"embeddable":true,"href":"https:\/\/www.memoria.cat\/detencions1975\/wp-json\/wp\/v2\/comments?post=74205"}],"version-history":[{"count":0,"href":"https:\/\/www.memoria.cat\/detencions1975\/wp-json\/wp\/v2\/pages\/74205\/revisions"}],"wp:attachment":[{"href":"https:\/\/www.memoria.cat\/detencions1975\/wp-json\/wp\/v2\/media?parent=74205"}],"curies":[{"name":"wp","href":"https:\/\/api.w.org\/{rel}","templated":true}]}}