{"id":74043,"date":"2024-10-24T10:07:04","date_gmt":"2024-10-24T09:07:04","guid":{"rendered":"https:\/\/www.memoria.cat\/detencions1975\/?page_id=74043"},"modified":"2024-10-24T10:18:51","modified_gmt":"2024-10-24T09:18:51","slug":"els-antecedents-de-les-detencions","status":"publish","type":"page","link":"https:\/\/www.memoria.cat\/detencions1975\/els-antecedents-de-les-detencions\/","title":{"rendered":"Els antecedents de les detencions"},"content":{"rendered":"<p>&nbsp;<\/p>\n<div id=\"jig1\" class=\"justified-image-grid jig-9827b9a928d62c199e27ddc3c90f0e53 jig-preset-c2 jig-source-wp-gallery jig-rml-id-7\"><div class=\"jig-clearfix\"><\/div><noscript id=\"jig1-html\" class=\"justified-image-grid-html\" data-lazy-src=\"skiplazyload\" data-src=\"skipunveillazyload\"><ul><li><a href=\"https:\/\/www.memoria.cat\/detencions1975\/wp-content\/uploads\/sites\/211\/2024\/10\/aturadapirellipenesmort-gc.200-det75_1.jpg\"><img decoding=\"async\" src=\"https:\/\/www.memoria.cat\/detencions1975\/wp-content\/plugins\/justified-image-grid\/timthumb.php?src=https%3A%2F%2Fwww.memoria.cat%2Fdetencions1975%2Fwp-content%2Fuploads%2Fsites%2F211%2F2024%2F10%2Faturadapirellipenesmort-gc.200-det75_1.jpg&amp;h=230&amp;q=90&amp;f=.jpg\" alt=\"\" width=\"172\" height=\"230\" \/><\/a><\/li><\/ul><\/noscript><\/div>\n<p style=\"text-align: center\"><span class=\"text-petit\">3-10-1975: Nota informativa de la Gu\u00e0rdia Civil de Manresa adre\u00e7ada al Govern Civil de Barcelona per notificar-li el desenvolupament de diferents aturades laborals a l\u2019empresa Pirelli de Manresa en protesta per les cinc penes de mort que la dictadura franquista havia efectuat feia pocs dies. Document in\u00e8dit. (Arxiu General de la Delegaci\u00f3 del Govern a Catalunya).<\/span><\/p>\n<p>&nbsp;<\/p>\n<div id=\"jig2\" class=\"justified-image-grid jig-e92ca804d0ce1b44eb4737bf5278950f jig-preset-c2 jig-source-wp-gallery jig-rml-id-8\"><div class=\"jig-clearfix\"><\/div><noscript id=\"jig2-html\" class=\"justified-image-grid-html\" data-lazy-src=\"skiplazyload\" data-src=\"skipunveillazyload\"><ul><li><a href=\"https:\/\/www.memoria.cat\/detencions1975\/wp-content\/uploads\/sites\/211\/2024\/10\/denuncia5assass1.anc-psuc-det75_0.jpg\"><img fetchpriority=\"high\" decoding=\"async\" src=\"https:\/\/www.memoria.cat\/detencions1975\/wp-content\/plugins\/justified-image-grid\/timthumb.php?src=https%3A%2F%2Fwww.memoria.cat%2Fdetencions1975%2Fwp-content%2Fuploads%2Fsites%2F211%2F2024%2F10%2Fdenuncia5assass1.anc-psuc-det75_0.jpg&amp;h=230&amp;q=90&amp;f=.jpg\" alt=\"\" width=\"335\" height=\"230\" \/><\/a><\/li><li><a href=\"https:\/\/www.memoria.cat\/detencions1975\/wp-content\/uploads\/sites\/211\/2024\/10\/denuncia5assass2.anc-psuc-det75_0.jpg\"><img decoding=\"async\" src=\"https:\/\/www.memoria.cat\/detencions1975\/wp-content\/plugins\/justified-image-grid\/timthumb.php?src=https%3A%2F%2Fwww.memoria.cat%2Fdetencions1975%2Fwp-content%2Fuploads%2Fsites%2F211%2F2024%2F10%2Fdenuncia5assass2.anc-psuc-det75_0.jpg&amp;h=230&amp;q=90&amp;f=.jpg\" alt=\"\" width=\"340\" height=\"230\" \/><\/a><\/li><\/ul><\/noscript><\/div>\n<p style=\"text-align: center\"><span class=\"text-petit\">4-10-1975: Octaveta publicada per CCOO de Manresa que denuncia l\u2019augment de la repressi\u00f3 i viol\u00e8ncia per part de la dictadura franquista i condemna les recents execucions a dos membres d\u2019ETA i a tres del FRAP. La publicaci\u00f3 d\u2019aquesta octaveta hauria condu\u00eft a l\u2019inici de les detencions de militants antifranquistes manresans per part de la Gu\u00e0rdia Civil. (Arxiu Nacional de Catalunya, fons Partit Socialista Unificat de Catalunya).<\/span><\/p>\n<p>&nbsp;<\/p>\n<div id=\"jig3\" class=\"justified-image-grid jig-a9b12480856e1dd9516b50d61b1700a4 jig-preset-c2 jig-source-wp-gallery jig-rml-id-9\"><div class=\"jig-clearfix\"><\/div><noscript id=\"jig3-html\" class=\"justified-image-grid-html\" data-lazy-src=\"skiplazyload\" data-src=\"skipunveillazyload\"><ul><li><a href=\"https:\/\/www.memoria.cat\/detencions1975\/wp-content\/uploads\/sites\/211\/2024\/10\/octavetes5det1gc.200-det75_1.jpg\"><img loading=\"lazy\" decoding=\"async\" src=\"https:\/\/www.memoria.cat\/detencions1975\/wp-content\/plugins\/justified-image-grid\/timthumb.php?src=https%3A%2F%2Fwww.memoria.cat%2Fdetencions1975%2Fwp-content%2Fuploads%2Fsites%2F211%2F2024%2F10%2Foctavetes5det1gc.200-det75_1.jpg&amp;h=230&amp;q=90&amp;f=.jpg\" alt=\"\" width=\"172\" height=\"230\" \/><\/a><\/li><li><a href=\"https:\/\/www.memoria.cat\/detencions1975\/wp-content\/uploads\/sites\/211\/2024\/10\/octavetes5det2gc.200-det75_1.jpg\"><img loading=\"lazy\" decoding=\"async\" src=\"https:\/\/www.memoria.cat\/detencions1975\/wp-content\/plugins\/justified-image-grid\/timthumb.php?src=https%3A%2F%2Fwww.memoria.cat%2Fdetencions1975%2Fwp-content%2Fuploads%2Fsites%2F211%2F2024%2F10%2Foctavetes5det2gc.200-det75_1.jpg&amp;h=230&amp;q=90&amp;f=.jpg\" alt=\"\" width=\"172\" height=\"230\" \/><\/a><\/li><li><a href=\"https:\/\/www.memoria.cat\/detencions1975\/wp-content\/uploads\/sites\/211\/2024\/10\/octavetes5det3gc.200-det75_0.jpg\"><img loading=\"lazy\" decoding=\"async\" src=\"https:\/\/www.memoria.cat\/detencions1975\/wp-content\/plugins\/justified-image-grid\/timthumb.php?src=https%3A%2F%2Fwww.memoria.cat%2Fdetencions1975%2Fwp-content%2Fuploads%2Fsites%2F211%2F2024%2F10%2Foctavetes5det3gc.200-det75_0.jpg&amp;h=230&amp;q=90&amp;f=.jpg\" alt=\"\" width=\"306\" height=\"230\" \/><\/a><\/li><li><a href=\"https:\/\/www.memoria.cat\/detencions1975\/wp-content\/uploads\/sites\/211\/2024\/10\/octavetes5det4gc.200-det75_0.jpg\"><img loading=\"lazy\" decoding=\"async\" src=\"https:\/\/www.memoria.cat\/detencions1975\/wp-content\/plugins\/justified-image-grid\/timthumb.php?src=https%3A%2F%2Fwww.memoria.cat%2Fdetencions1975%2Fwp-content%2Fuploads%2Fsites%2F211%2F2024%2F10%2Foctavetes5det4gc.200-det75_0.jpg&amp;h=230&amp;q=90&amp;f=.jpg\" alt=\"\" width=\"306\" height=\"230\" \/><\/a><\/li><\/ul><\/noscript><\/div>\n<p style=\"text-align: center\"><span class=\"text-petit\">7-10-1975: Nota informativa de la Gu\u00e0rdia Civil de Manresa adre\u00e7ada al Govern Civil de Barcelona per comunicar-li la troballa de centenars d\u2019octavetes de CCOO de protesta per les cinc execucions de finals de setembre. La nota s\u2019acompanya d\u2019un exemplar de les fulles distribu\u00efdes. Document in\u00e8dit. (Arxiu General de la Delegaci\u00f3 del Govern a Catalunya).<\/span><\/p>\n<p>&nbsp;<\/p>\n<p>&nbsp;<\/p>\n","protected":false},"excerpt":{"rendered":"<p>&nbsp; 3-10-1975: Nota informativa de la Gu\u00e0rdia Civil de Manresa adre\u00e7ada al Govern Civil de Barcelona per notificar-li el desenvolupament de diferents aturades laborals a l\u2019empresa Pirelli de Manresa en protesta per les cinc penes de mort que la dictadura franquista havia efectuat feia pocs dies. Document in\u00e8dit. (Arxiu General de la Delegaci\u00f3 del Govern [&hellip;]<\/p>\n","protected":false},"author":66,"featured_media":0,"parent":0,"menu_order":0,"comment_status":"closed","ping_status":"closed","template":"","meta":{"iawp_total_views":0,"footnotes":""},"class_list":["post-74043","page","type-page","status-publish","hentry"],"_links":{"self":[{"href":"https:\/\/www.memoria.cat\/detencions1975\/wp-json\/wp\/v2\/pages\/74043","targetHints":{"allow":["GET"]}}],"collection":[{"href":"https:\/\/www.memoria.cat\/detencions1975\/wp-json\/wp\/v2\/pages"}],"about":[{"href":"https:\/\/www.memoria.cat\/detencions1975\/wp-json\/wp\/v2\/types\/page"}],"author":[{"embeddable":true,"href":"https:\/\/www.memoria.cat\/detencions1975\/wp-json\/wp\/v2\/users\/66"}],"replies":[{"embeddable":true,"href":"https:\/\/www.memoria.cat\/detencions1975\/wp-json\/wp\/v2\/comments?post=74043"}],"version-history":[{"count":0,"href":"https:\/\/www.memoria.cat\/detencions1975\/wp-json\/wp\/v2\/pages\/74043\/revisions"}],"wp:attachment":[{"href":"https:\/\/www.memoria.cat\/detencions1975\/wp-json\/wp\/v2\/media?parent=74043"}],"curies":[{"name":"wp","href":"https:\/\/api.w.org\/{rel}","templated":true}]}}