{"id":73404,"date":"2019-11-11T13:18:10","date_gmt":"2019-11-11T12:18:10","guid":{"rendered":"https:\/\/www.memoria.cat\/detencions1975\/?page_id=73404"},"modified":"2025-09-21T13:18:58","modified_gmt":"2025-09-21T12:18:58","slug":"portada","status":"publish","type":"page","link":"https:\/\/www.memoria.cat\/detencions1975\/","title":{"rendered":"Portada"},"content":{"rendered":"<p>&nbsp;<\/p>\n<p>25 militants antifranquistes de Manresa i Berga, vinculats a les Plataformes Anticapitalistes, el PSUC i CCOO principalment, van passar per la Caserna de la Gu\u00e0rdia Civil manresana en una sola setmana \u2013del 9 al 16 d\u2019octubre de 1975- en l\u2019\u00faltima gran operaci\u00f3 repressiva de la dictadura a la Catalunya central, que va acabar amb el desmantellament de bona part del Comit\u00e8 local del PSUC i amb la caiguda del seu aparell de propaganda com a elements m\u00e9s visibles. Un impacte social que es va veure incrementat amb les m\u00faltiples tortures infringides per la Gu\u00e0rdia Civil i el llarg empresonament de cinc d\u2019aquests detinguts, que van passar prop de dos mesos entre la pres\u00f3 de Manresa i la Model de Barcelona.<\/p>\n<p>Fins el moment nom\u00e9s es coneixien alguns detalls de l\u2019operaci\u00f3 policial, per\u00f2 en aquest web us oferim aspectes fins ara desconeguts. Amb una <a href=\"https:\/\/www.memoria.cat\/detencions1975\/videos-ordenats-pel-nom-de-les-persones-entrevistades\/\" target=\"_blank\" rel=\"noopener\">trentena de personatges entrevistats<\/a> i m\u00e9s de deu hores de gravacions d\u2019entrevistes a les v\u00edctimes, familiars i advocats d\u2019aquestes operacions, el web recrea els esdeveniments d\u2019inici a fi en un relat que es complementa amb la publicaci\u00f3 d&#8217;uns <a href=\"https:\/\/www.memoria.cat\/detencions1975\/documents\/\">noranta documents<\/a>, 31 dels quals s\u00f3n in\u00e8dits. Entre aquestes aportacions destaca, per sobre de tot, un <a href=\"https:\/\/www.memoria.cat\/detencions1975\/els-informes-de-la-guardia-civil\/\" target=\"_blank\" rel=\"noopener\">informe de la Gu\u00e0rdia Civil<\/a>,\u00a0 de vuit p\u00e0gines que descriu amb tota mena de detalls el desenvolupament de les detencions a Manresa. A m\u00e9s, aquestes novetats es completen amb prop d\u2019una quarantena de retalls de <a href=\"https:\/\/www.memoria.cat\/detencions1975\/premsa-de-lepoca\/\" target=\"_blank\" rel=\"noopener\">premsa d\u2019\u00e8poca<\/a> i d\u2019altres <a href=\"https:\/\/www.memoria.cat\/detencions1975\/recull-de-premsa-posterior\/\" target=\"_blank\" rel=\"noopener\">reportatges i not\u00edcies publicats posteriorment<\/a> que es van fer ress\u00f2 dels fets.<\/p>\n<p>Una aportaci\u00f3 especialment rellevant del web \u00e9s\u00a0 <a href=\"https:\/\/www.memoria.cat\/detencions1975\/audio-del-miting-de-la-sala-loiola-1976\/\" target=\"_blank\" rel=\"noopener\">l\u2019\u00e0udio del m\u00edting que el PSUC va celebrar a Manresa<\/a> el 3 de juliol de 1976, el segon acte d\u2019aquestes caracter\u00edstiques que realitzava el partit a Catalunya i que culminava amb la sortida a la llum p\u00fablica dels seus militants, mesos despr\u00e9s d\u2019haver estat represaliats.<\/p>\n<p>Tota aquesta documentaci\u00f3 in\u00e8dita ha perm\u00e8s elaborar\u00a0 <a href=\"https:\/\/www.memoria.cat\/detencions1975\/analisi-historica-dels-fets\/\" target=\"_blank\" rel=\"noopener\">un text interpretatiu i anal\u00edtic dels fets<\/a>, que amb la contribuci\u00f3 de les entrevistes realitzades, ha recreat l\u2019operaci\u00f3 policial des de l\u2019inici de les detencions i el seu possible origen fins a la celebraci\u00f3 a Manresa del primer m\u00edting p\u00fablic del PSUC despr\u00e9s del franquisme.<\/p>\n<p>Llastimosament, l\u2019aportaci\u00f3 documental m\u00e9s important que us vol\u00edem oferir finalment no ha estat possible perqu\u00e8 nom\u00e9s hem aconseguit l\u2019autoritzaci\u00f3 de 4 de les 5 persones que van ser detingudes pels fets. Es tracta de tots els papers preparatius del sumari judicial i que hem localitzat a l\u2019Arxiu de Salamanca. De la mateixa manera, tampoc ha estat factible la recuperaci\u00f3 de les imatges que Televisi\u00f3 Espanyola va emetre en el Telediario de l\u2019\u00e8poca sobre aquestes detencions i el descobriment de l\u2019aparell de propaganda del PSUC per part de la Gu\u00e0rdia Civil. Finalment, tampoc ha estat possible entrevistar un policia nacional, que tot i no estar implicat directament en aquestes operacions, va ser un important testimoni del funcionament dels cossos policials durant el final del franquisme i la transici\u00f3.<\/p>\n<p>&nbsp;<\/p>\n<p style=\"text-align: center\">Joaquim Aloy, Jordi Basiana, Pere Gasol i Oriol Lujan.<\/p>\n","protected":false},"excerpt":{"rendered":"<p>&nbsp; 25 militants antifranquistes de Manresa i Berga, vinculats a les Plataformes Anticapitalistes, el PSUC i CCOO principalment, van passar per la Caserna de la Gu\u00e0rdia Civil manresana en una sola setmana \u2013del 9 al 16 d\u2019octubre de 1975- en l\u2019\u00faltima gran operaci\u00f3 repressiva de la dictadura a la Catalunya central, que va acabar amb [&hellip;]<\/p>\n","protected":false},"author":1,"featured_media":0,"parent":0,"menu_order":0,"comment_status":"closed","ping_status":"closed","template":"","meta":{"iawp_total_views":38,"footnotes":""},"class_list":["post-73404","page","type-page","status-publish","hentry"],"_links":{"self":[{"href":"https:\/\/www.memoria.cat\/detencions1975\/wp-json\/wp\/v2\/pages\/73404","targetHints":{"allow":["GET"]}}],"collection":[{"href":"https:\/\/www.memoria.cat\/detencions1975\/wp-json\/wp\/v2\/pages"}],"about":[{"href":"https:\/\/www.memoria.cat\/detencions1975\/wp-json\/wp\/v2\/types\/page"}],"author":[{"embeddable":true,"href":"https:\/\/www.memoria.cat\/detencions1975\/wp-json\/wp\/v2\/users\/1"}],"replies":[{"embeddable":true,"href":"https:\/\/www.memoria.cat\/detencions1975\/wp-json\/wp\/v2\/comments?post=73404"}],"version-history":[{"count":5,"href":"https:\/\/www.memoria.cat\/detencions1975\/wp-json\/wp\/v2\/pages\/73404\/revisions"}],"predecessor-version":[{"id":76817,"href":"https:\/\/www.memoria.cat\/detencions1975\/wp-json\/wp\/v2\/pages\/73404\/revisions\/76817"}],"wp:attachment":[{"href":"https:\/\/www.memoria.cat\/detencions1975\/wp-json\/wp\/v2\/media?parent=73404"}],"curies":[{"name":"wp","href":"https:\/\/api.w.org\/{rel}","templated":true}]}}