{"id":73571,"date":"2018-09-15T16:39:56","date_gmt":"2018-09-15T15:39:56","guid":{"rendered":"https:\/\/www.memoria.cat\/depurats\/?page_id=73571"},"modified":"2018-09-15T16:48:41","modified_gmt":"2018-09-15T15:48:41","slug":"fornells-clara-bartolome","status":"publish","type":"page","link":"https:\/\/www.memoria.cat\/depurats\/documents\/documents-personal-sanitari\/fornells-clara-bartolome\/","title":{"rendered":"Fornells Clar\u00e0, Bartolom\u00e9"},"content":{"rendered":"<p>4\/07\/1939: Informe de bona conducta que l&#8217;Alcalde de Manresa tramet al Jutjat Militar n\u00ba 2 de Manresa en relaci\u00f3 a l&#8217;expedient de depuraci\u00f3 del practicant Bartolom\u00e9 Fornells Clar\u00e0 incoat pel Juzgado Especial de Depuraci\u00f3n de Funcionarios Civiles depenent de l&#8217;Auditoria de Guerra. Va ser adm\u00e8s (Arxiu Tribunal Militar Territorial Tercer).<\/p>\n<p>&nbsp;<\/p>\n<p><a href=\"https:\/\/www.memoria.cat\/depurats\/wp-content\/uploads\/sites\/16\/2018\/02\/DSC07323.jpg\"><img fetchpriority=\"high\" decoding=\"async\" class=\"aligncenter wp-image-73581 size-medium\" src=\"https:\/\/www.memoria.cat\/depurats\/wp-content\/uploads\/sites\/16\/2018\/02\/DSC07323-229x300.jpg\" alt=\"\" width=\"229\" height=\"300\" srcset=\"https:\/\/www.memoria.cat\/depurats\/wp-content\/uploads\/sites\/16\/2018\/02\/DSC07323-229x300.jpg 229w, https:\/\/www.memoria.cat\/depurats\/wp-content\/uploads\/sites\/16\/2018\/02\/DSC07323-768x1004.jpg 768w, https:\/\/www.memoria.cat\/depurats\/wp-content\/uploads\/sites\/16\/2018\/02\/DSC07323-783x1024.jpg 783w, https:\/\/www.memoria.cat\/depurats\/wp-content\/uploads\/sites\/16\/2018\/02\/DSC07323.jpg 1741w\" sizes=\"(max-width: 229px) 100vw, 229px\" \/><\/a><\/p>\n<p>27\/07\/1939: Informe de bona conducta que FET-JONS tramet al Jutjat Militar n\u00ba 2 de Manresa en relaci\u00f3 a l&#8217;expedient de depuraci\u00f3 del practicant Bartolom\u00e9 Fornells Clar\u00e0 incoat pel Juzgado Especial de Depuraci\u00f3n de Funcionarios Civiles depenent de l&#8217;Auditoria de Guerra. Va ser adm\u00e8s (Arxiu Tribunal Militar Territorial Tercer).<\/p>\n<p>&nbsp;<\/p>\n<p><a href=\"https:\/\/www.memoria.cat\/depurats\/wp-content\/uploads\/sites\/16\/2018\/02\/DSC07324.jpg\"><img decoding=\"async\" class=\"aligncenter wp-image-73582 size-medium\" src=\"https:\/\/www.memoria.cat\/depurats\/wp-content\/uploads\/sites\/16\/2018\/02\/DSC07324-226x300.jpg\" alt=\"\" width=\"226\" height=\"300\" srcset=\"https:\/\/www.memoria.cat\/depurats\/wp-content\/uploads\/sites\/16\/2018\/02\/DSC07324-226x300.jpg 226w, https:\/\/www.memoria.cat\/depurats\/wp-content\/uploads\/sites\/16\/2018\/02\/DSC07324-768x1021.jpg 768w, https:\/\/www.memoria.cat\/depurats\/wp-content\/uploads\/sites\/16\/2018\/02\/DSC07324-770x1024.jpg 770w, https:\/\/www.memoria.cat\/depurats\/wp-content\/uploads\/sites\/16\/2018\/02\/DSC07324.jpg 1798w\" sizes=\"(max-width: 226px) 100vw, 226px\" \/><\/a><\/p>\n","protected":false},"excerpt":{"rendered":"<p>4\/07\/1939: Informe de bona conducta que l&#8217;Alcalde de Manresa tramet al Jutjat Militar n\u00ba 2 de Manresa en relaci\u00f3 a l&#8217;expedient de depuraci\u00f3 del practicant Bartolom\u00e9 Fornells Clar\u00e0 incoat pel Juzgado Especial de Depuraci\u00f3n de Funcionarios Civiles depenent de l&#8217;Auditoria de Guerra. Va ser adm\u00e8s (Arxiu Tribunal Militar Territorial Tercer). &nbsp; 27\/07\/1939: Informe de bona [&hellip;]<\/p>\n","protected":false},"author":11,"featured_media":0,"parent":72799,"menu_order":0,"comment_status":"closed","ping_status":"closed","template":"","meta":{"footnotes":""},"class_list":["post-73571","page","type-page","status-publish","hentry"],"_links":{"self":[{"href":"https:\/\/www.memoria.cat\/depurats\/wp-json\/wp\/v2\/pages\/73571","targetHints":{"allow":["GET"]}}],"collection":[{"href":"https:\/\/www.memoria.cat\/depurats\/wp-json\/wp\/v2\/pages"}],"about":[{"href":"https:\/\/www.memoria.cat\/depurats\/wp-json\/wp\/v2\/types\/page"}],"author":[{"embeddable":true,"href":"https:\/\/www.memoria.cat\/depurats\/wp-json\/wp\/v2\/users\/11"}],"replies":[{"embeddable":true,"href":"https:\/\/www.memoria.cat\/depurats\/wp-json\/wp\/v2\/comments?post=73571"}],"version-history":[{"count":0,"href":"https:\/\/www.memoria.cat\/depurats\/wp-json\/wp\/v2\/pages\/73571\/revisions"}],"up":[{"embeddable":true,"href":"https:\/\/www.memoria.cat\/depurats\/wp-json\/wp\/v2\/pages\/72799"}],"wp:attachment":[{"href":"https:\/\/www.memoria.cat\/depurats\/wp-json\/wp\/v2\/media?parent=73571"}],"curies":[{"name":"wp","href":"https:\/\/api.w.org\/{rel}","templated":true}]}}