{"id":73372,"date":"2018-09-15T08:48:38","date_gmt":"2018-09-15T07:48:38","guid":{"rendered":"https:\/\/www.memoria.cat\/depurats\/?page_id=73372"},"modified":"2020-06-09T08:57:21","modified_gmt":"2020-06-09T07:57:21","slug":"clara-vinals-joan","status":"publish","type":"page","link":"https:\/\/www.memoria.cat\/depurats\/documents\/documents-treballadors-cessats\/clara-vinals-joan\/","title":{"rendered":"Clara Vi\u00f1als, Joan"},"content":{"rendered":"<p>23\/10\/1942: Infome positiu de la Gu\u00e0rdia Urbana adre\u00e7at al director de la pres\u00f3 Model de Barcelona perqu\u00e8 li sigui concedida la llibertat condicional a Joan Clara Vi\u00f1als (Arxiu Comarcal del Bages).<\/p>\n<p><a href=\"https:\/\/www.memoria.cat\/depurats\/wp-content\/uploads\/sites\/16\/2018\/02\/IMG_3500.jpg\"><img fetchpriority=\"high\" decoding=\"async\" class=\"aligncenter wp-image-73426 size-medium\" src=\"https:\/\/www.memoria.cat\/depurats\/wp-content\/uploads\/sites\/16\/2018\/02\/IMG_3500-214x300.jpg\" alt=\"\" width=\"214\" height=\"300\" srcset=\"https:\/\/www.memoria.cat\/depurats\/wp-content\/uploads\/sites\/16\/2018\/02\/IMG_3500-214x300.jpg 214w, https:\/\/www.memoria.cat\/depurats\/wp-content\/uploads\/sites\/16\/2018\/02\/IMG_3500-768x1077.jpg 768w, https:\/\/www.memoria.cat\/depurats\/wp-content\/uploads\/sites\/16\/2018\/02\/IMG_3500-730x1024.jpg 730w, https:\/\/www.memoria.cat\/depurats\/wp-content\/uploads\/sites\/16\/2018\/02\/IMG_3500.jpg 1229w\" sizes=\"(max-width: 214px) 100vw, 214px\" \/><\/a><\/p>\n","protected":false},"excerpt":{"rendered":"<p>23\/10\/1942: Infome positiu de la Gu\u00e0rdia Urbana adre\u00e7at al director de la pres\u00f3 Model de Barcelona perqu\u00e8 li sigui concedida la llibertat condicional a Joan Clara Vi\u00f1als (Arxiu Comarcal del Bages).<\/p>\n","protected":false},"author":11,"featured_media":0,"parent":72796,"menu_order":0,"comment_status":"closed","ping_status":"closed","template":"","meta":{"iawp_total_views":0,"footnotes":""},"class_list":["post-73372","page","type-page","status-publish","hentry"],"_links":{"self":[{"href":"https:\/\/www.memoria.cat\/depurats\/wp-json\/wp\/v2\/pages\/73372","targetHints":{"allow":["GET"]}}],"collection":[{"href":"https:\/\/www.memoria.cat\/depurats\/wp-json\/wp\/v2\/pages"}],"about":[{"href":"https:\/\/www.memoria.cat\/depurats\/wp-json\/wp\/v2\/types\/page"}],"author":[{"embeddable":true,"href":"https:\/\/www.memoria.cat\/depurats\/wp-json\/wp\/v2\/users\/11"}],"replies":[{"embeddable":true,"href":"https:\/\/www.memoria.cat\/depurats\/wp-json\/wp\/v2\/comments?post=73372"}],"version-history":[{"count":0,"href":"https:\/\/www.memoria.cat\/depurats\/wp-json\/wp\/v2\/pages\/73372\/revisions"}],"up":[{"embeddable":true,"href":"https:\/\/www.memoria.cat\/depurats\/wp-json\/wp\/v2\/pages\/72796"}],"wp:attachment":[{"href":"https:\/\/www.memoria.cat\/depurats\/wp-json\/wp\/v2\/media?parent=73372"}],"curies":[{"name":"wp","href":"https:\/\/api.w.org\/{rel}","templated":true}]}}