{"id":73027,"date":"2018-09-10T06:29:08","date_gmt":"2018-09-10T05:29:08","guid":{"rendered":"https:\/\/www.memoria.cat\/depurats\/?page_id=73027"},"modified":"2018-09-10T06:39:23","modified_gmt":"2018-09-10T05:39:23","slug":"canellas-baliellas-francesc","status":"publish","type":"page","link":"https:\/\/www.memoria.cat\/depurats\/documents\/documents-personal-separat\/canellas-baliellas-francesc\/","title":{"rendered":"Canellas Baliellas, Francesc"},"content":{"rendered":"<p><a href=\"https:\/\/www.memoria.cat\/depurats\/les-biografies-del-personal-separat\/canellas-baliellas-francisco\/\"><mark>Biografia<\/mark><\/a><\/p>\n<h6><a href=\"https:\/\/www.memoria.cat\/presos\/ca\/content\/canellas-baliellas-francesc\" target=\"_blank\" rel=\"noopener\">Web La repressi\u00f3 franquista a Manresa en la veu de les v\u00edctimes. Documents<\/a><\/h6>\n<h6><a href=\"https:\/\/www.memoria.cat\/presos\/ca\/content\/tots-els-v%C3%ADdeos-dentrevistes-familiars-dels-presos\" target=\"_blank\" rel=\"noopener\">Web La repressi\u00f3 franquista a Manresa en la veu de les v\u00edctimes. Entrevista familiar<\/a><\/h6>\n","protected":false},"excerpt":{"rendered":"<p>Biografia Web La repressi\u00f3 franquista a Manresa en la veu de les v\u00edctimes. Documents Web La repressi\u00f3 franquista a Manresa en la veu de les v\u00edctimes. Entrevista familiar<\/p>\n","protected":false},"author":11,"featured_media":0,"parent":72789,"menu_order":0,"comment_status":"closed","ping_status":"closed","template":"","meta":{"iawp_total_views":0,"footnotes":""},"class_list":["post-73027","page","type-page","status-publish","hentry"],"_links":{"self":[{"href":"https:\/\/www.memoria.cat\/depurats\/wp-json\/wp\/v2\/pages\/73027","targetHints":{"allow":["GET"]}}],"collection":[{"href":"https:\/\/www.memoria.cat\/depurats\/wp-json\/wp\/v2\/pages"}],"about":[{"href":"https:\/\/www.memoria.cat\/depurats\/wp-json\/wp\/v2\/types\/page"}],"author":[{"embeddable":true,"href":"https:\/\/www.memoria.cat\/depurats\/wp-json\/wp\/v2\/users\/11"}],"replies":[{"embeddable":true,"href":"https:\/\/www.memoria.cat\/depurats\/wp-json\/wp\/v2\/comments?post=73027"}],"version-history":[{"count":0,"href":"https:\/\/www.memoria.cat\/depurats\/wp-json\/wp\/v2\/pages\/73027\/revisions"}],"up":[{"embeddable":true,"href":"https:\/\/www.memoria.cat\/depurats\/wp-json\/wp\/v2\/pages\/72789"}],"wp:attachment":[{"href":"https:\/\/www.memoria.cat\/depurats\/wp-json\/wp\/v2\/media?parent=73027"}],"curies":[{"name":"wp","href":"https:\/\/api.w.org\/{rel}","templated":true}]}}