{"id":72894,"date":"2018-09-07T15:06:31","date_gmt":"2018-09-07T14:06:31","guid":{"rendered":"https:\/\/www.memoria.cat\/depurats\/?page_id=72894"},"modified":"2018-09-18T07:15:38","modified_gmt":"2018-09-18T06:15:38","slug":"pons-vall-francesc","status":"publish","type":"page","link":"https:\/\/www.memoria.cat\/depurats\/documents\/documents-personal-separat\/pons-vall-francesc\/","title":{"rendered":"Pons Vall, Francesc"},"content":{"rendered":"<p><a href=\"https:\/\/www.memoria.cat\/depurats\/les-biografies-del-personal-separat\/pons-vall-francesc\/\"><mark>Biografia<\/mark><\/a><\/p>\n<p>15\/05\/1939: Declaraci\u00f3 jurada que Francesc Pons Vall va presentar, obligat\u00f2riament, a l&#8217;Ajuntament perqu\u00e8 el jutge instructor inici\u00e9s la tramitaci\u00f3 i resoluci\u00f3 del seu expedient de depuraci\u00f3. Pons ser\u00e0 separat del servei (Arxiu Municipal de Manresa).<\/p>\n<p>&nbsp;<\/p>\n<div id=\"jig1\" class=\"justified-image-grid jig-eca707e44b4c33f8869d04064bdf8685 jig-preset-c2 jig-source-wp-gallery jig-rml-id-38\"><div class=\"jig-clearfix\"><\/div><noscript id=\"jig1-html\" class=\"justified-image-grid-html\" data-lazy-src=\"skiplazyload\" data-src=\"skipunveillazyload\"><ul><li><a href=\"https:\/\/www.memoria.cat\/depurats\/wp-content\/uploads\/sites\/16\/2018\/02\/IMG_4209.jpg\" title=\"IMG_4209\"><img decoding=\"async\" src=\"https:\/\/www.memoria.cat\/depurats\/wp-content\/uploads\/sites\/16\/2018\/02\/IMG_4209.jpg\" alt=\"IMG_4209\" width=\"157\" height=\"230\" \/><\/a><p class=\"jig-HTMLdescription\">IMG_4209<\/p><\/li><li><a href=\"https:\/\/www.memoria.cat\/depurats\/wp-content\/uploads\/sites\/16\/2018\/02\/IMG_4210.jpg\" title=\"IMG_4210\"><img decoding=\"async\" src=\"https:\/\/www.memoria.cat\/depurats\/wp-content\/uploads\/sites\/16\/2018\/02\/IMG_4210.jpg\" alt=\"IMG_4210\" width=\"153\" height=\"230\" \/><\/a><p class=\"jig-HTMLdescription\">IMG_4210<\/p><\/li><\/ul><\/noscript><\/div>\n<p>&nbsp;<\/p>\n<p>31\/05\/1939: Comunicaci\u00f3 de l&#8217;alcalde de Manresa al guarda passeig Francesc Pons Vall de l&#8217;acord de la Comissi\u00f3 Gestora de cessar-lo de la feina at\u00e8s que \u00e9s treballador eventual. Finalment Pons ser\u00e0 separat del servei (Arxiu Municipal de Manresa).<\/p>\n<p><a href=\"https:\/\/www.memoria.cat\/depurats\/wp-content\/uploads\/sites\/16\/2018\/02\/IMG_4206.jpg\"><img fetchpriority=\"high\" decoding=\"async\" class=\"aligncenter wp-image-73335 size-medium\" src=\"https:\/\/www.memoria.cat\/depurats\/wp-content\/uploads\/sites\/16\/2018\/02\/IMG_4206-214x300.jpg\" alt=\"\" width=\"214\" height=\"300\" \/><\/a><\/p>\n","protected":false},"excerpt":{"rendered":"<p>Biografia 15\/05\/1939: Declaraci\u00f3 jurada que Francesc Pons Vall va presentar, obligat\u00f2riament, a l&#8217;Ajuntament perqu\u00e8 el jutge instructor inici\u00e9s la tramitaci\u00f3 i resoluci\u00f3 del seu expedient de depuraci\u00f3. Pons ser\u00e0 separat del servei (Arxiu Municipal de Manresa). &nbsp; &nbsp; 31\/05\/1939: Comunicaci\u00f3 de l&#8217;alcalde de Manresa al guarda passeig Francesc Pons Vall de l&#8217;acord de la Comissi\u00f3 [&hellip;]<\/p>\n","protected":false},"author":11,"featured_media":0,"parent":72789,"menu_order":0,"comment_status":"closed","ping_status":"closed","template":"","meta":{"iawp_total_views":0,"footnotes":""},"class_list":["post-72894","page","type-page","status-publish","hentry"],"_links":{"self":[{"href":"https:\/\/www.memoria.cat\/depurats\/wp-json\/wp\/v2\/pages\/72894","targetHints":{"allow":["GET"]}}],"collection":[{"href":"https:\/\/www.memoria.cat\/depurats\/wp-json\/wp\/v2\/pages"}],"about":[{"href":"https:\/\/www.memoria.cat\/depurats\/wp-json\/wp\/v2\/types\/page"}],"author":[{"embeddable":true,"href":"https:\/\/www.memoria.cat\/depurats\/wp-json\/wp\/v2\/users\/11"}],"replies":[{"embeddable":true,"href":"https:\/\/www.memoria.cat\/depurats\/wp-json\/wp\/v2\/comments?post=72894"}],"version-history":[{"count":0,"href":"https:\/\/www.memoria.cat\/depurats\/wp-json\/wp\/v2\/pages\/72894\/revisions"}],"up":[{"embeddable":true,"href":"https:\/\/www.memoria.cat\/depurats\/wp-json\/wp\/v2\/pages\/72789"}],"wp:attachment":[{"href":"https:\/\/www.memoria.cat\/depurats\/wp-json\/wp\/v2\/media?parent=72894"}],"curies":[{"name":"wp","href":"https:\/\/api.w.org\/{rel}","templated":true}]}}