{"id":72882,"date":"2018-09-07T15:03:30","date_gmt":"2018-09-07T14:03:30","guid":{"rendered":"https:\/\/www.memoria.cat\/depurats\/?page_id=72882"},"modified":"2018-09-11T10:50:17","modified_gmt":"2018-09-11T09:50:17","slug":"mercadal-ayete-tomas","status":"publish","type":"page","link":"https:\/\/www.memoria.cat\/depurats\/documents\/documents-personal-separat\/mercadal-ayete-tomas\/","title":{"rendered":"Mercadal Ayete, Tom\u00e0s"},"content":{"rendered":"<p><a href=\"https:\/\/www.memoria.cat\/depurats\/les-biografies-del-personal-separat\/mercadal-ayete-tomas\/\"><mark>Biografia<\/mark><\/a><\/p>\n<p>30\/12\/1939: Comunicaci\u00f3 de l&#8217;alcalde de Manresa al vigilant sanitari Tom\u00e0s Mercadal Ayete de l&#8217;acord de la Comissi\u00f3 Gestora de la seva separaci\u00f3 del servei (Arxiu Municipal de Manresa).<\/p>\n<p><a href=\"https:\/\/www.memoria.cat\/depurats\/wp-content\/uploads\/sites\/16\/2018\/02\/IMG_4188.jpg\"><img fetchpriority=\"high\" decoding=\"async\" class=\"aligncenter wp-image-73252 size-medium\" src=\"https:\/\/www.memoria.cat\/depurats\/wp-content\/uploads\/sites\/16\/2018\/02\/IMG_4188-225x300.jpg\" alt=\"\" width=\"225\" height=\"300\" srcset=\"https:\/\/www.memoria.cat\/depurats\/wp-content\/uploads\/sites\/16\/2018\/02\/IMG_4188-225x300.jpg 225w, https:\/\/www.memoria.cat\/depurats\/wp-content\/uploads\/sites\/16\/2018\/02\/IMG_4188-768x1022.jpg 768w, https:\/\/www.memoria.cat\/depurats\/wp-content\/uploads\/sites\/16\/2018\/02\/IMG_4188-770x1024.jpg 770w, https:\/\/www.memoria.cat\/depurats\/wp-content\/uploads\/sites\/16\/2018\/02\/IMG_4188.jpg 1107w\" sizes=\"(max-width: 225px) 100vw, 225px\" \/><\/a><\/p>\n","protected":false},"excerpt":{"rendered":"<p>Biografia 30\/12\/1939: Comunicaci\u00f3 de l&#8217;alcalde de Manresa al vigilant sanitari Tom\u00e0s Mercadal Ayete de l&#8217;acord de la Comissi\u00f3 Gestora de la seva separaci\u00f3 del servei (Arxiu Municipal de Manresa).<\/p>\n","protected":false},"author":11,"featured_media":0,"parent":72789,"menu_order":0,"comment_status":"closed","ping_status":"closed","template":"","meta":{"footnotes":""},"class_list":["post-72882","page","type-page","status-publish","hentry"],"_links":{"self":[{"href":"https:\/\/www.memoria.cat\/depurats\/wp-json\/wp\/v2\/pages\/72882","targetHints":{"allow":["GET"]}}],"collection":[{"href":"https:\/\/www.memoria.cat\/depurats\/wp-json\/wp\/v2\/pages"}],"about":[{"href":"https:\/\/www.memoria.cat\/depurats\/wp-json\/wp\/v2\/types\/page"}],"author":[{"embeddable":true,"href":"https:\/\/www.memoria.cat\/depurats\/wp-json\/wp\/v2\/users\/11"}],"replies":[{"embeddable":true,"href":"https:\/\/www.memoria.cat\/depurats\/wp-json\/wp\/v2\/comments?post=72882"}],"version-history":[{"count":0,"href":"https:\/\/www.memoria.cat\/depurats\/wp-json\/wp\/v2\/pages\/72882\/revisions"}],"up":[{"embeddable":true,"href":"https:\/\/www.memoria.cat\/depurats\/wp-json\/wp\/v2\/pages\/72789"}],"wp:attachment":[{"href":"https:\/\/www.memoria.cat\/depurats\/wp-json\/wp\/v2\/media?parent=72882"}],"curies":[{"name":"wp","href":"https:\/\/api.w.org\/{rel}","templated":true}]}}