{"id":72870,"date":"2018-09-07T14:58:31","date_gmt":"2018-09-07T13:58:31","guid":{"rendered":"https:\/\/www.memoria.cat\/depurats\/?page_id=72870"},"modified":"2018-09-10T18:15:00","modified_gmt":"2018-09-10T17:15:00","slug":"garcia-biosca-isidre","status":"publish","type":"page","link":"https:\/\/www.memoria.cat\/depurats\/documents\/documents-personal-separat\/garcia-biosca-isidre\/","title":{"rendered":"Garc\u00eda Biosca, Isidre"},"content":{"rendered":"<p><a href=\"https:\/\/www.memoria.cat\/depurats\/les-biografies-del-personal-separat\/garcia-biosca-isidre\/\"><mark>Biografia<\/mark><\/a><\/p>\n<p>&nbsp;<\/p>\n<p>20\/12\/1939: Notificaci\u00f3 del tinent d&#8217;alcalde instructor dels expedients de depuraci\u00f3 al gu\u00e0rdia municipal Isidre Garc\u00eda Biosca dels c\u00e0rrecs dels quals se l&#8217;imputa (Arxiu Municipal de Manresa).<\/p>\n<p><a href=\"https:\/\/www.memoria.cat\/depurats\/wp-content\/uploads\/sites\/16\/2018\/02\/IMG_4117.jpg\"><img fetchpriority=\"high\" decoding=\"async\" class=\"aligncenter wp-image-73170 size-medium\" src=\"https:\/\/www.memoria.cat\/depurats\/wp-content\/uploads\/sites\/16\/2018\/02\/IMG_4117-202x300.jpg\" alt=\"\" width=\"202\" height=\"300\" srcset=\"https:\/\/www.memoria.cat\/depurats\/wp-content\/uploads\/sites\/16\/2018\/02\/IMG_4117-202x300.jpg 202w, https:\/\/www.memoria.cat\/depurats\/wp-content\/uploads\/sites\/16\/2018\/02\/IMG_4117-768x1142.jpg 768w, https:\/\/www.memoria.cat\/depurats\/wp-content\/uploads\/sites\/16\/2018\/02\/IMG_4117-689x1024.jpg 689w, https:\/\/www.memoria.cat\/depurats\/wp-content\/uploads\/sites\/16\/2018\/02\/IMG_4117.jpg 1026w\" sizes=\"(max-width: 202px) 100vw, 202px\" \/><\/a><\/p>\n<p>&nbsp;<\/p>\n<p>28\/12\/1939: Escrit del gu\u00e0rdia municipal Isidre Garc\u00eda Biosca en el qual refusa tots els c\u00e0rrecs que se li han imputat en l&#8217;expedient de depuraci\u00f3 (Arxiu Municipal de Manresa).<\/p>\n<p><a href=\"https:\/\/www.memoria.cat\/depurats\/wp-content\/uploads\/sites\/16\/2018\/02\/IMG_4118.jpg\"><img decoding=\"async\" class=\"aligncenter wp-image-73171 size-medium\" src=\"https:\/\/www.memoria.cat\/depurats\/wp-content\/uploads\/sites\/16\/2018\/02\/IMG_4118-203x300.jpg\" alt=\"\" width=\"203\" height=\"300\" srcset=\"https:\/\/www.memoria.cat\/depurats\/wp-content\/uploads\/sites\/16\/2018\/02\/IMG_4118-203x300.jpg 203w, https:\/\/www.memoria.cat\/depurats\/wp-content\/uploads\/sites\/16\/2018\/02\/IMG_4118-768x1135.jpg 768w, https:\/\/www.memoria.cat\/depurats\/wp-content\/uploads\/sites\/16\/2018\/02\/IMG_4118-693x1024.jpg 693w, https:\/\/www.memoria.cat\/depurats\/wp-content\/uploads\/sites\/16\/2018\/02\/IMG_4118.jpg 1248w\" sizes=\"(max-width: 203px) 100vw, 203px\" \/><\/a><\/p>\n<p>30\/12\/1939: Comunicaci\u00f3 de l&#8217;alcalde de Manresa al gu\u00e0rdia municipal Isidre Garc\u00eda Biosca de l&#8217;acord de la Comissi\u00f3 Gestora de la seva separaci\u00f3 del servei (Arxiu Municipal de Manresa).<\/p>\n<p><a href=\"https:\/\/www.memoria.cat\/depurats\/wp-content\/uploads\/sites\/16\/2018\/02\/IMG_4120.jpg\"><img decoding=\"async\" class=\"aligncenter wp-image-73172 size-medium\" src=\"https:\/\/www.memoria.cat\/depurats\/wp-content\/uploads\/sites\/16\/2018\/02\/IMG_4120-217x300.jpg\" alt=\"\" width=\"217\" height=\"300\" srcset=\"https:\/\/www.memoria.cat\/depurats\/wp-content\/uploads\/sites\/16\/2018\/02\/IMG_4120-217x300.jpg 217w, https:\/\/www.memoria.cat\/depurats\/wp-content\/uploads\/sites\/16\/2018\/02\/IMG_4120-768x1060.jpg 768w, https:\/\/www.memoria.cat\/depurats\/wp-content\/uploads\/sites\/16\/2018\/02\/IMG_4120-742x1024.jpg 742w, https:\/\/www.memoria.cat\/depurats\/wp-content\/uploads\/sites\/16\/2018\/02\/IMG_4120.jpg 1138w\" sizes=\"(max-width: 217px) 100vw, 217px\" \/><\/a><\/p>\n<p>&nbsp;<\/p>\n<h6><a href=\"https:\/\/www.memoria.cat\/censpresos\/content\/delacions-den%C3%BAncies-i-rumors-la-for%C3%A7-de-la-revenja-documents\" target=\"_blank\" rel=\"noopener\">Web Cens de manresans privats de llibertat<\/a><\/h6>\n","protected":false},"excerpt":{"rendered":"<p>Biografia &nbsp; 20\/12\/1939: Notificaci\u00f3 del tinent d&#8217;alcalde instructor dels expedients de depuraci\u00f3 al gu\u00e0rdia municipal Isidre Garc\u00eda Biosca dels c\u00e0rrecs dels quals se l&#8217;imputa (Arxiu Municipal de Manresa). &nbsp; 28\/12\/1939: Escrit del gu\u00e0rdia municipal Isidre Garc\u00eda Biosca en el qual refusa tots els c\u00e0rrecs que se li han imputat en l&#8217;expedient de depuraci\u00f3 (Arxiu Municipal [&hellip;]<\/p>\n","protected":false},"author":11,"featured_media":0,"parent":72789,"menu_order":0,"comment_status":"closed","ping_status":"closed","template":"","meta":{"iawp_total_views":0,"footnotes":""},"class_list":["post-72870","page","type-page","status-publish","hentry"],"_links":{"self":[{"href":"https:\/\/www.memoria.cat\/depurats\/wp-json\/wp\/v2\/pages\/72870","targetHints":{"allow":["GET"]}}],"collection":[{"href":"https:\/\/www.memoria.cat\/depurats\/wp-json\/wp\/v2\/pages"}],"about":[{"href":"https:\/\/www.memoria.cat\/depurats\/wp-json\/wp\/v2\/types\/page"}],"author":[{"embeddable":true,"href":"https:\/\/www.memoria.cat\/depurats\/wp-json\/wp\/v2\/users\/11"}],"replies":[{"embeddable":true,"href":"https:\/\/www.memoria.cat\/depurats\/wp-json\/wp\/v2\/comments?post=72870"}],"version-history":[{"count":0,"href":"https:\/\/www.memoria.cat\/depurats\/wp-json\/wp\/v2\/pages\/72870\/revisions"}],"up":[{"embeddable":true,"href":"https:\/\/www.memoria.cat\/depurats\/wp-json\/wp\/v2\/pages\/72789"}],"wp:attachment":[{"href":"https:\/\/www.memoria.cat\/depurats\/wp-json\/wp\/v2\/media?parent=72870"}],"curies":[{"name":"wp","href":"https:\/\/api.w.org\/{rel}","templated":true}]}}