{"id":72815,"date":"2018-09-06T15:38:29","date_gmt":"2018-09-06T14:38:29","guid":{"rendered":"https:\/\/www.memoria.cat\/depurats\/?page_id=72815"},"modified":"2018-09-09T17:49:37","modified_gmt":"2018-09-09T16:49:37","slug":"documents-ermengol-cabanas-jorba","status":"publish","type":"page","link":"https:\/\/www.memoria.cat\/depurats\/documents\/documents-personal-separat\/documents-ermengol-cabanas-jorba\/","title":{"rendered":"Cabanas Jorba, Ermengol"},"content":{"rendered":"<p><a href=\"https:\/\/www.memoria.cat\/depurats\/les-biografies-del-personal-separat\/cabanas-jorba-ermengol-2\/\"><span style=\"color: #ff6600\"><mark>Biografia<\/mark><\/span><\/a><\/p>\n<p>30\/12\/1939: Portada de l&#8217;expedient de depuraci\u00f3 del conserge Ermengol Cabanas Jorba, on consta la resoluci\u00f3 de separaci\u00f3 del servei (Arxiu Municipal de Manresa).<\/p>\n<p><a href=\"https:\/\/www.memoria.cat\/depurats\/wp-content\/uploads\/sites\/16\/2018\/02\/IMG_4020.jpg\"><img fetchpriority=\"high\" decoding=\"async\" class=\"aligncenter wp-image-73007 size-medium\" src=\"https:\/\/www.memoria.cat\/depurats\/wp-content\/uploads\/sites\/16\/2018\/02\/IMG_4020-208x300.jpg\" alt=\"\" width=\"208\" height=\"300\" srcset=\"https:\/\/www.memoria.cat\/depurats\/wp-content\/uploads\/sites\/16\/2018\/02\/IMG_4020-208x300.jpg 208w, https:\/\/www.memoria.cat\/depurats\/wp-content\/uploads\/sites\/16\/2018\/02\/IMG_4020-768x1109.jpg 768w, https:\/\/www.memoria.cat\/depurats\/wp-content\/uploads\/sites\/16\/2018\/02\/IMG_4020-709x1024.jpg 709w, https:\/\/www.memoria.cat\/depurats\/wp-content\/uploads\/sites\/16\/2018\/02\/IMG_4020.jpg 1257w\" sizes=\"(max-width: 208px) 100vw, 208px\" \/><\/a><\/p>\n<h6><a href=\"https:\/\/www.memoria.cat\/empleatsajuntament-1931-39\/documents\/\" target=\"_blank\" rel=\"noopener\">Web Els m\u00e9s de 1.000 empleats de la plantilla municipal de Manresa durant la Rep\u00fablica i la Guerra Civil<\/a><\/h6>\n","protected":false},"excerpt":{"rendered":"<p>Biografia 30\/12\/1939: Portada de l&#8217;expedient de depuraci\u00f3 del conserge Ermengol Cabanas Jorba, on consta la resoluci\u00f3 de separaci\u00f3 del servei (Arxiu Municipal de Manresa). Web Els m\u00e9s de 1.000 empleats de la plantilla municipal de Manresa durant la Rep\u00fablica i la Guerra Civil<\/p>\n","protected":false},"author":11,"featured_media":0,"parent":72789,"menu_order":0,"comment_status":"closed","ping_status":"closed","template":"","meta":{"footnotes":""},"class_list":["post-72815","page","type-page","status-publish","hentry"],"_links":{"self":[{"href":"https:\/\/www.memoria.cat\/depurats\/wp-json\/wp\/v2\/pages\/72815","targetHints":{"allow":["GET"]}}],"collection":[{"href":"https:\/\/www.memoria.cat\/depurats\/wp-json\/wp\/v2\/pages"}],"about":[{"href":"https:\/\/www.memoria.cat\/depurats\/wp-json\/wp\/v2\/types\/page"}],"author":[{"embeddable":true,"href":"https:\/\/www.memoria.cat\/depurats\/wp-json\/wp\/v2\/users\/11"}],"replies":[{"embeddable":true,"href":"https:\/\/www.memoria.cat\/depurats\/wp-json\/wp\/v2\/comments?post=72815"}],"version-history":[{"count":0,"href":"https:\/\/www.memoria.cat\/depurats\/wp-json\/wp\/v2\/pages\/72815\/revisions"}],"up":[{"embeddable":true,"href":"https:\/\/www.memoria.cat\/depurats\/wp-json\/wp\/v2\/pages\/72789"}],"wp:attachment":[{"href":"https:\/\/www.memoria.cat\/depurats\/wp-json\/wp\/v2\/media?parent=72815"}],"curies":[{"name":"wp","href":"https:\/\/api.w.org\/{rel}","templated":true}]}}