{"id":72802,"date":"2018-09-06T15:34:11","date_gmt":"2018-09-06T14:34:11","guid":{"rendered":"https:\/\/www.memoria.cat\/depurats\/?page_id=72802"},"modified":"2018-09-15T17:21:12","modified_gmt":"2018-09-15T16:21:12","slug":"documents-depuracio-republica-i-guerra-civil","status":"publish","type":"page","link":"https:\/\/www.memoria.cat\/depurats\/documents\/documents-depuracio-republica-i-guerra-civil\/","title":{"rendered":"Doble depuraci\u00f3"},"content":{"rendered":"<p>20\/2\/1936: Comunicaci\u00f3 del secretari a l&#8217;interventor dels cabals municipals sobre la reincorporaci\u00f3 en el seus c\u00e0rrecs a Mari\u00e0 Homs Montserrat, Jaume Vall Gass\u00f3, Pere Pallissa Sence, Josep Selvas Comallonga, Josep Canals Vives, Ramon Brunet Claris i Joaquim Amat-Piniella (Arxiu Comarcal del Bages).<\/p>\n<p><a href=\"https:\/\/www.memoria.cat\/depurats\/wp-content\/uploads\/sites\/16\/2018\/02\/IMG9100.jpg\"><img fetchpriority=\"high\" decoding=\"async\" class=\"aligncenter wp-image-73596 size-medium\" src=\"https:\/\/www.memoria.cat\/depurats\/wp-content\/uploads\/sites\/16\/2018\/02\/IMG9100-216x300.jpg\" alt=\"\" width=\"216\" height=\"300\" srcset=\"https:\/\/www.memoria.cat\/depurats\/wp-content\/uploads\/sites\/16\/2018\/02\/IMG9100-216x300.jpg 216w, https:\/\/www.memoria.cat\/depurats\/wp-content\/uploads\/sites\/16\/2018\/02\/IMG9100-768x1066.jpg 768w, https:\/\/www.memoria.cat\/depurats\/wp-content\/uploads\/sites\/16\/2018\/02\/IMG9100-738x1024.jpg 738w, https:\/\/www.memoria.cat\/depurats\/wp-content\/uploads\/sites\/16\/2018\/02\/IMG9100.jpg 1759w\" sizes=\"(max-width: 216px) 100vw, 216px\" \/><\/a><\/p>\n<p>25\/03\/1936: Llu\u00eds Mas Pons certifica que el Ple de l&#8217;Ajuntament ha acordat revocar els acords de reposici\u00f3 de Josep Calveras Vigu\u00e9, Francesc Villena Hern\u00e1ndez, Josep Firmat Serramalera, Mari\u00e0 Muntada Testagorda i Llu\u00eds Rovira Pujol (Arxiu Comarcal del Bages).<\/p>\n<p><a href=\"https:\/\/www.memoria.cat\/depurats\/wp-content\/uploads\/sites\/16\/2018\/02\/IMG9120.jpg\"><img decoding=\"async\" class=\"aligncenter wp-image-73597 size-medium\" src=\"https:\/\/www.memoria.cat\/depurats\/wp-content\/uploads\/sites\/16\/2018\/02\/IMG9120-207x300.jpg\" alt=\"\" width=\"207\" height=\"300\" srcset=\"https:\/\/www.memoria.cat\/depurats\/wp-content\/uploads\/sites\/16\/2018\/02\/IMG9120-207x300.jpg 207w, https:\/\/www.memoria.cat\/depurats\/wp-content\/uploads\/sites\/16\/2018\/02\/IMG9120-768x1114.jpg 768w, https:\/\/www.memoria.cat\/depurats\/wp-content\/uploads\/sites\/16\/2018\/02\/IMG9120-706x1024.jpg 706w, https:\/\/www.memoria.cat\/depurats\/wp-content\/uploads\/sites\/16\/2018\/02\/IMG9120.jpg 1770w\" sizes=\"(max-width: 207px) 100vw, 207px\" \/><\/a><\/p>\n<p>10\/08\/1936: Comunicaci\u00f3 de l&#8217;alcalde a l&#8217;interventor dels cabals municipals decretant el cessament de treballadors municipals per considerar-los enemics de la Rep\u00fablica (Arxiu Comarcal del Bages)<\/p>\n<p><a href=\"https:\/\/www.memoria.cat\/depurats\/wp-content\/uploads\/sites\/16\/2018\/02\/IMG9148.jpg\"><img decoding=\"async\" class=\"aligncenter wp-image-73598 size-medium\" src=\"https:\/\/www.memoria.cat\/depurats\/wp-content\/uploads\/sites\/16\/2018\/02\/IMG9148-221x300.jpg\" alt=\"\" width=\"221\" height=\"300\" srcset=\"https:\/\/www.memoria.cat\/depurats\/wp-content\/uploads\/sites\/16\/2018\/02\/IMG9148-221x300.jpg 221w, https:\/\/www.memoria.cat\/depurats\/wp-content\/uploads\/sites\/16\/2018\/02\/IMG9148-768x1043.jpg 768w, https:\/\/www.memoria.cat\/depurats\/wp-content\/uploads\/sites\/16\/2018\/02\/IMG9148-754x1024.jpg 754w, https:\/\/www.memoria.cat\/depurats\/wp-content\/uploads\/sites\/16\/2018\/02\/IMG9148.jpg 1803w\" sizes=\"(max-width: 221px) 100vw, 221px\" \/><\/a><\/p>\n","protected":false},"excerpt":{"rendered":"<p>20\/2\/1936: Comunicaci\u00f3 del secretari a l&#8217;interventor dels cabals municipals sobre la reincorporaci\u00f3 en el seus c\u00e0rrecs a Mari\u00e0 Homs Montserrat, Jaume Vall Gass\u00f3, Pere Pallissa Sence, Josep Selvas Comallonga, Josep Canals Vives, Ramon Brunet Claris i Joaquim Amat-Piniella (Arxiu Comarcal del Bages). 25\/03\/1936: Llu\u00eds Mas Pons certifica que el Ple de l&#8217;Ajuntament ha acordat revocar [&hellip;]<\/p>\n","protected":false},"author":11,"featured_media":0,"parent":72117,"menu_order":0,"comment_status":"closed","ping_status":"closed","template":"","meta":{"iawp_total_views":0,"footnotes":""},"class_list":["post-72802","page","type-page","status-publish","hentry"],"_links":{"self":[{"href":"https:\/\/www.memoria.cat\/depurats\/wp-json\/wp\/v2\/pages\/72802","targetHints":{"allow":["GET"]}}],"collection":[{"href":"https:\/\/www.memoria.cat\/depurats\/wp-json\/wp\/v2\/pages"}],"about":[{"href":"https:\/\/www.memoria.cat\/depurats\/wp-json\/wp\/v2\/types\/page"}],"author":[{"embeddable":true,"href":"https:\/\/www.memoria.cat\/depurats\/wp-json\/wp\/v2\/users\/11"}],"replies":[{"embeddable":true,"href":"https:\/\/www.memoria.cat\/depurats\/wp-json\/wp\/v2\/comments?post=72802"}],"version-history":[{"count":0,"href":"https:\/\/www.memoria.cat\/depurats\/wp-json\/wp\/v2\/pages\/72802\/revisions"}],"up":[{"embeddable":true,"href":"https:\/\/www.memoria.cat\/depurats\/wp-json\/wp\/v2\/pages\/72117"}],"wp:attachment":[{"href":"https:\/\/www.memoria.cat\/depurats\/wp-json\/wp\/v2\/media?parent=72802"}],"curies":[{"name":"wp","href":"https:\/\/api.w.org\/{rel}","templated":true}]}}