{"id":72568,"date":"2018-08-07T15:20:20","date_gmt":"2018-08-07T14:20:20","guid":{"rendered":"https:\/\/www.memoria.cat\/depurats\/?page_id=72568"},"modified":"2018-09-13T07:24:45","modified_gmt":"2018-09-13T06:24:45","slug":"pla-farre-pau","status":"publish","type":"page","link":"https:\/\/www.memoria.cat\/depurats\/les-biografies-del-personal-separat\/pla-farre-pau\/","title":{"rendered":"PLA FARR\u00c9, Pau"},"content":{"rendered":"<p>Va n\u00e9ixer a Benavent (Lleida), el 25 de desembre de 1909. Treballava de guarda rural.\u00a0 Va anar de voluntari al front a finals de novembre de 1936 i el 1937 es va traslladar a prestar servei a la columna de Defensa de Costes, destacament de l&#8217;Ampolla.<\/p>\n<p>Acabada la guerra va romandre empresonat al camp de concentraci\u00f3 de Deusto (Bilbao).<\/p>\n<p>Iniciat l\u2019expedient de depuraci\u00f3 un informe de la Gu\u00e0rdia Urbana explicava que:<\/p>\n<blockquote><p><em>\u201c(&#8230;) era de los m\u00e1s entusiasta al frente popular-separatista. Prest\u00f3 varios servicios voluntarios a favor del marxismo. Su conducta es regular, sin hab\u00e9rsele conocido ning\u00fan acto delictivo\u201d.<\/em><\/p><\/blockquote>\n<p>El 20 de desembre de 1939 l\u2019instructor va presentar els seg\u00fcents c\u00e0rrecs contra Pla: afiliat a ERC i a Estat Catal\u00e0; ingr\u00e9s voluntari a l&#8217;ex\u00e8rcit republic\u00e0 i \u201c<em>Gran entusiasta de la causa roja\u201d. <\/em><\/p>\n<p>El 25 de desembre de 1939 Pau Pla va negar tots els carrers, per\u00f2, el 30 de desembre de 1939 l\u2019Ajuntament va acordar \u00a0la seva SEPARACI\u00d3 del servei.<\/p>\n","protected":false},"excerpt":{"rendered":"<p>Va n\u00e9ixer a Benavent (Lleida), el 25 de desembre de 1909. Treballava de guarda rural.\u00a0 Va anar de voluntari al front a finals de novembre de 1936 i el 1937 es va traslladar a prestar servei a la columna de Defensa de Costes, destacament de l&#8217;Ampolla. Acabada la guerra va romandre empresonat al camp de [&hellip;]<\/p>\n","protected":false},"author":11,"featured_media":0,"parent":72101,"menu_order":0,"comment_status":"closed","ping_status":"closed","template":"","meta":{"footnotes":""},"class_list":["post-72568","page","type-page","status-publish","hentry"],"_links":{"self":[{"href":"https:\/\/www.memoria.cat\/depurats\/wp-json\/wp\/v2\/pages\/72568","targetHints":{"allow":["GET"]}}],"collection":[{"href":"https:\/\/www.memoria.cat\/depurats\/wp-json\/wp\/v2\/pages"}],"about":[{"href":"https:\/\/www.memoria.cat\/depurats\/wp-json\/wp\/v2\/types\/page"}],"author":[{"embeddable":true,"href":"https:\/\/www.memoria.cat\/depurats\/wp-json\/wp\/v2\/users\/11"}],"replies":[{"embeddable":true,"href":"https:\/\/www.memoria.cat\/depurats\/wp-json\/wp\/v2\/comments?post=72568"}],"version-history":[{"count":0,"href":"https:\/\/www.memoria.cat\/depurats\/wp-json\/wp\/v2\/pages\/72568\/revisions"}],"up":[{"embeddable":true,"href":"https:\/\/www.memoria.cat\/depurats\/wp-json\/wp\/v2\/pages\/72101"}],"wp:attachment":[{"href":"https:\/\/www.memoria.cat\/depurats\/wp-json\/wp\/v2\/media?parent=72568"}],"curies":[{"name":"wp","href":"https:\/\/api.w.org\/{rel}","templated":true}]}}