{"id":72527,"date":"2018-08-07T09:47:50","date_gmt":"2018-08-07T08:47:50","guid":{"rendered":"https:\/\/www.memoria.cat\/depurats\/?page_id=72527"},"modified":"2018-09-13T06:29:56","modified_gmt":"2018-09-13T05:29:56","slug":"morera-sala-josep","status":"publish","type":"page","link":"https:\/\/www.memoria.cat\/depurats\/les-biografies-del-personal-separat\/morera-sala-josep\/","title":{"rendered":"MORERA SALA, Josep"},"content":{"rendered":"<p>Treballava de guarda dip\u00f2sits. Anteriorment, havia treballat a la Fundici\u00f3 Ubach del 1904 al 1914 i, m\u00e9s tard, del 1914 al 1926 a l&#8217;empresa de fusta de Josep Corominas Bussoms.<\/p>\n<p>El 30 de desembre de 1939, \u00a0l\u2019Ajuntament va acordar la seva SEPARACI\u00d3 perqu\u00e8 era inter\u00ed.<\/p>\n","protected":false},"excerpt":{"rendered":"<p>Treballava de guarda dip\u00f2sits. Anteriorment, havia treballat a la Fundici\u00f3 Ubach del 1904 al 1914 i, m\u00e9s tard, del 1914 al 1926 a l&#8217;empresa de fusta de Josep Corominas Bussoms. El 30 de desembre de 1939, \u00a0l\u2019Ajuntament va acordar la seva SEPARACI\u00d3 perqu\u00e8 era inter\u00ed.<\/p>\n","protected":false},"author":11,"featured_media":0,"parent":72101,"menu_order":0,"comment_status":"closed","ping_status":"closed","template":"","meta":{"footnotes":""},"class_list":["post-72527","page","type-page","status-publish","hentry"],"_links":{"self":[{"href":"https:\/\/www.memoria.cat\/depurats\/wp-json\/wp\/v2\/pages\/72527","targetHints":{"allow":["GET"]}}],"collection":[{"href":"https:\/\/www.memoria.cat\/depurats\/wp-json\/wp\/v2\/pages"}],"about":[{"href":"https:\/\/www.memoria.cat\/depurats\/wp-json\/wp\/v2\/types\/page"}],"author":[{"embeddable":true,"href":"https:\/\/www.memoria.cat\/depurats\/wp-json\/wp\/v2\/users\/11"}],"replies":[{"embeddable":true,"href":"https:\/\/www.memoria.cat\/depurats\/wp-json\/wp\/v2\/comments?post=72527"}],"version-history":[{"count":0,"href":"https:\/\/www.memoria.cat\/depurats\/wp-json\/wp\/v2\/pages\/72527\/revisions"}],"up":[{"embeddable":true,"href":"https:\/\/www.memoria.cat\/depurats\/wp-json\/wp\/v2\/pages\/72101"}],"wp:attachment":[{"href":"https:\/\/www.memoria.cat\/depurats\/wp-json\/wp\/v2\/media?parent=72527"}],"curies":[{"name":"wp","href":"https:\/\/api.w.org\/{rel}","templated":true}]}}