{"id":72520,"date":"2018-08-07T09:46:23","date_gmt":"2018-08-07T08:46:23","guid":{"rendered":"https:\/\/www.memoria.cat\/depurats\/?page_id=72520"},"modified":"2018-09-18T06:55:42","modified_gmt":"2018-09-18T05:55:42","slug":"montane-carbonell-joaquim","status":"publish","type":"page","link":"https:\/\/www.memoria.cat\/depurats\/les-biografies-del-personal-separat\/montane-carbonell-joaquim\/","title":{"rendered":"MONTAN\u00c9 CARBONELL, Joaquim"},"content":{"rendered":"<p>Va n\u00e9ixer el 1881 a Llinars del Vall\u00e8s. Treballava de vigilant nocturn i estava afiliat a ERC i UGT.<\/p>\n<p>Acabada la guerra va ser detingut, jutjat pel delicte d&#8217;<em>Auxilio a la Rebeli\u00f3n<\/em> i empresonat al Penal de los Reyes (Val\u00e8ncia), a la pres\u00f3 del monestir d\u2019Ucl\u00e8s (Conca) i a Barcelona. La Gu\u00e0rdia Urbana, el mar\u00e7 de 1939 va elaborar un informe que deia que Montan\u00e9 \u201c<em>(&#8230;)Ha sido muy adicto al R\u00e9gimen Rojo (&#8230;)\u201d.<\/em><\/p>\n<p>En un nou informe, el 20 de setembre de 1939 el qualificava de \u201c<em>hombre de ideologia marxista.\u201d<\/em><\/p>\n<p>El 31 d&#8217;octubre de 1939, l&#8217;alcalde va decretar que \u201c(&#8230;) <em>encontr\u00e1ndose ausente de esta ciudad al tiempo de la Liberaci\u00f3n, sin que posteriormente se haya presentado ni haya cumplido la obligaci\u00f3n de presentar su declaraci\u00f3n jurada (&#8230;) vengo en disponer la incoaci\u00f3n de expediente a dicho empleado (&#8230;)\u201d. <\/em><\/p>\n<p>El 12 de desembre de 1939 el tinent d&#8217;acalde instructor va argumentar que la no presentaci\u00f3 al lloc de treball<em>, <\/em><\/p>\n<blockquote><p><em>\u201c(&#8230;) hace innecesaria toda investigaci\u00f3n acerca de su conducta anterior, ya que si fuese adicto o simplemente simpatizante con el Glorioso Movimiento Nacional ha tenido tiempo suficiente para demostrarlo present\u00e1ndose para prestar el servicio que tenia confiado (&#8230;)\u201d. <\/em><\/p><\/blockquote>\n<p>Un cop van ser presentats els c\u00e0rrecs i es va haver concedit a l\u2019inculpat un termini de 8 dies per presentar la declaraci\u00f3 jurada, el 30 de desembre de 1939, l\u2019Ajuntament va acordar la \u00a0SEPARACI\u00d3 del servei.<\/p>\n<p>El 23 d\u2019abril de 1942 va aconseguir la llibertat condicional sense desterrament.<\/p>\n<p><a href=\"https:\/\/www.memoria.cat\/depurats\/documents\/documents-personal-separat\/montane-carbonell-joaquim\/\"><mark>Documents<\/mark><\/a><\/p>\n<h6><a href=\"https:\/\/www.memoria.cat\/censpresos\/content\/montan%C3%A9-carbonell-joaquim\" target=\"_blank\" rel=\"noopener\">Web Cens de manresans privats de llibertat<\/a><\/h6>\n<p>&nbsp;<\/p>\n","protected":false},"excerpt":{"rendered":"<p>Va n\u00e9ixer el 1881 a Llinars del Vall\u00e8s. Treballava de vigilant nocturn i estava afiliat a ERC i UGT. Acabada la guerra va ser detingut, jutjat pel delicte d&#8217;Auxilio a la Rebeli\u00f3n i empresonat al Penal de los Reyes (Val\u00e8ncia), a la pres\u00f3 del monestir d\u2019Ucl\u00e8s (Conca) i a Barcelona. La Gu\u00e0rdia Urbana, el mar\u00e7 [&hellip;]<\/p>\n","protected":false},"author":11,"featured_media":0,"parent":72101,"menu_order":0,"comment_status":"closed","ping_status":"closed","template":"","meta":{"footnotes":""},"class_list":["post-72520","page","type-page","status-publish","hentry"],"_links":{"self":[{"href":"https:\/\/www.memoria.cat\/depurats\/wp-json\/wp\/v2\/pages\/72520","targetHints":{"allow":["GET"]}}],"collection":[{"href":"https:\/\/www.memoria.cat\/depurats\/wp-json\/wp\/v2\/pages"}],"about":[{"href":"https:\/\/www.memoria.cat\/depurats\/wp-json\/wp\/v2\/types\/page"}],"author":[{"embeddable":true,"href":"https:\/\/www.memoria.cat\/depurats\/wp-json\/wp\/v2\/users\/11"}],"replies":[{"embeddable":true,"href":"https:\/\/www.memoria.cat\/depurats\/wp-json\/wp\/v2\/comments?post=72520"}],"version-history":[{"count":0,"href":"https:\/\/www.memoria.cat\/depurats\/wp-json\/wp\/v2\/pages\/72520\/revisions"}],"up":[{"embeddable":true,"href":"https:\/\/www.memoria.cat\/depurats\/wp-json\/wp\/v2\/pages\/72101"}],"wp:attachment":[{"href":"https:\/\/www.memoria.cat\/depurats\/wp-json\/wp\/v2\/media?parent=72520"}],"curies":[{"name":"wp","href":"https:\/\/api.w.org\/{rel}","templated":true}]}}