{"id":72506,"date":"2018-08-07T09:37:00","date_gmt":"2018-08-07T08:37:00","guid":{"rendered":"https:\/\/www.memoria.cat\/depurats\/?page_id=72506"},"modified":"2018-09-11T10:51:34","modified_gmt":"2018-09-11T09:51:34","slug":"meya-bailina-vicenc","status":"publish","type":"page","link":"https:\/\/www.memoria.cat\/depurats\/les-biografies-del-personal-separat\/meya-bailina-vicenc\/","title":{"rendered":"MEYA BAILINA, Vicen\u00e7"},"content":{"rendered":"<p>Treballava de vigilant sanitari des de l\u20191 d\u2019abril de 1937 i va ser cessat el 28 de febrer de 1939.<\/p>\n<p>El 5 de maig de 1939 va presentar una inst\u00e0ncia demanant el reingr\u00e9s, per\u00f2 no ens consta que fos adm\u00e8s.<\/p>\n","protected":false},"excerpt":{"rendered":"<p>Treballava de vigilant sanitari des de l\u20191 d\u2019abril de 1937 i va ser cessat el 28 de febrer de 1939. El 5 de maig de 1939 va presentar una inst\u00e0ncia demanant el reingr\u00e9s, per\u00f2 no ens consta que fos adm\u00e8s.<\/p>\n","protected":false},"author":11,"featured_media":0,"parent":72101,"menu_order":0,"comment_status":"closed","ping_status":"closed","template":"","meta":{"footnotes":""},"class_list":["post-72506","page","type-page","status-publish","hentry"],"_links":{"self":[{"href":"https:\/\/www.memoria.cat\/depurats\/wp-json\/wp\/v2\/pages\/72506","targetHints":{"allow":["GET"]}}],"collection":[{"href":"https:\/\/www.memoria.cat\/depurats\/wp-json\/wp\/v2\/pages"}],"about":[{"href":"https:\/\/www.memoria.cat\/depurats\/wp-json\/wp\/v2\/types\/page"}],"author":[{"embeddable":true,"href":"https:\/\/www.memoria.cat\/depurats\/wp-json\/wp\/v2\/users\/11"}],"replies":[{"embeddable":true,"href":"https:\/\/www.memoria.cat\/depurats\/wp-json\/wp\/v2\/comments?post=72506"}],"version-history":[{"count":0,"href":"https:\/\/www.memoria.cat\/depurats\/wp-json\/wp\/v2\/pages\/72506\/revisions"}],"up":[{"embeddable":true,"href":"https:\/\/www.memoria.cat\/depurats\/wp-json\/wp\/v2\/pages\/72101"}],"wp:attachment":[{"href":"https:\/\/www.memoria.cat\/depurats\/wp-json\/wp\/v2\/media?parent=72506"}],"curies":[{"name":"wp","href":"https:\/\/api.w.org\/{rel}","templated":true}]}}