{"id":72476,"date":"2018-08-06T15:38:17","date_gmt":"2018-08-06T14:38:17","guid":{"rendered":"https:\/\/www.memoria.cat\/depurats\/?page_id=72476"},"modified":"2018-09-18T06:37:04","modified_gmt":"2018-09-18T05:37:04","slug":"marin-rodriguez-ramon","status":"publish","type":"page","link":"https:\/\/www.memoria.cat\/depurats\/les-biografies-del-personal-separat\/marin-rodriguez-ramon\/","title":{"rendered":"MAR\u00cdN RODR\u00cdGUEZ, Ramon"},"content":{"rendered":"<p>Treballava de bomber. El novembre de 1936 va marxar de milici\u00e0 amb la Cent\u00faria Roja de Manresa. Batall\u00f3 de Metralladores n\u00fam. 4 al Front d\u2019Osca i va retornar a Manresa al cap d\u2019un temps; novament, es va incorporar a files, el maig de 1938.<\/p>\n<p>En finalitzar la guerra no es va presentar a treballar i el 31 d&#8217;octubre de 1939, l&#8217;alcalde va decretar que<\/p>\n<blockquote><p>\u201c(&#8230;) <em>encontr\u00e1ndose ausente de esta ciudad al tiempo de la Liberaci\u00f3n, sin que posteriormente se haya presentado ni haya cumplido la obligaci\u00f3n de presentar su declaraci\u00f3n jurada (&#8230;) vengo en disponer la incoaci\u00f3n de expediente a dicho empleado (&#8230;)\u201d. <\/em><\/p><\/blockquote>\n<p>El 12 de desembre de 1939, el tinent d&#8217;alcalde instructor va escriure <em>&#8220;(&#8230;) la no presentaci\u00f3n del empleado (&#8230;) y su prolongado silencio constituyen un caso flagrante de abandono de destino, que hace innecesaria toda investigaci\u00f3n acerca de su conducta anterior (&#8230;)\u201d. <\/em>Per tant, el mateix dia, l\u2019instructor va formular els c\u00e0rrecs: \u201c<em>a) Abandono de destino. b) Incumplimiento de la obligaci\u00f3n de presentar la declaraci\u00f3n jurada (&#8230;)<\/em>\u201d.<\/p>\n<p>Un Edicte de l&#8217;Ajuntament li va concedir 8 dies per presentar la declaraci\u00f3 jurada amb la finalitat de poder seguir la tramitaci\u00f3 i la resoluci\u00f3 de l&#8217;expedient de depuraci\u00f3.<\/p>\n<p>El 30 de desembre de 1939, l\u2019Ajuntament va acordar la seva SEPARACI\u00d3 de la feina.<\/p>\n<p><a href=\"https:\/\/www.memoria.cat\/depurats\/documents\/documents-personal-separat\/marin-rodriguez-ramon\/\"><mark>Documents<\/mark><\/a><mark><\/mark><\/p>\n<p>&nbsp;<\/p>\n","protected":false},"excerpt":{"rendered":"<p>Treballava de bomber. El novembre de 1936 va marxar de milici\u00e0 amb la Cent\u00faria Roja de Manresa. Batall\u00f3 de Metralladores n\u00fam. 4 al Front d\u2019Osca i va retornar a Manresa al cap d\u2019un temps; novament, es va incorporar a files, el maig de 1938. En finalitzar la guerra no es va presentar a treballar i [&hellip;]<\/p>\n","protected":false},"author":11,"featured_media":0,"parent":72101,"menu_order":0,"comment_status":"closed","ping_status":"closed","template":"","meta":{"footnotes":""},"class_list":["post-72476","page","type-page","status-publish","hentry"],"_links":{"self":[{"href":"https:\/\/www.memoria.cat\/depurats\/wp-json\/wp\/v2\/pages\/72476","targetHints":{"allow":["GET"]}}],"collection":[{"href":"https:\/\/www.memoria.cat\/depurats\/wp-json\/wp\/v2\/pages"}],"about":[{"href":"https:\/\/www.memoria.cat\/depurats\/wp-json\/wp\/v2\/types\/page"}],"author":[{"embeddable":true,"href":"https:\/\/www.memoria.cat\/depurats\/wp-json\/wp\/v2\/users\/11"}],"replies":[{"embeddable":true,"href":"https:\/\/www.memoria.cat\/depurats\/wp-json\/wp\/v2\/comments?post=72476"}],"version-history":[{"count":0,"href":"https:\/\/www.memoria.cat\/depurats\/wp-json\/wp\/v2\/pages\/72476\/revisions"}],"up":[{"embeddable":true,"href":"https:\/\/www.memoria.cat\/depurats\/wp-json\/wp\/v2\/pages\/72101"}],"wp:attachment":[{"href":"https:\/\/www.memoria.cat\/depurats\/wp-json\/wp\/v2\/media?parent=72476"}],"curies":[{"name":"wp","href":"https:\/\/api.w.org\/{rel}","templated":true}]}}