{"id":72402,"date":"2018-08-05T08:34:18","date_gmt":"2018-08-05T07:34:18","guid":{"rendered":"https:\/\/www.memoria.cat\/depurats\/?page_id=72402"},"modified":"2018-09-17T16:39:05","modified_gmt":"2018-09-17T15:39:05","slug":"dalmau-arano-bonaventura","status":"publish","type":"page","link":"https:\/\/www.memoria.cat\/depurats\/les-biografies-del-personal-separat\/dalmau-arano-bonaventura\/","title":{"rendered":"DALMAU ARA\u00d1\u00d3, Bonaventura"},"content":{"rendered":"<p>Va n\u00e9ixer el 12 de juliol de 1882. Estava afiliat, des de l&#8217;any 1932, a ERC, al &#8220;Sindicat de l&#8217;Element Directiu del G\u00e8nere de Punt&#8221; i a UGT.\u00a0 Era, des del 1922, professor de Teoria de Teixits a l&#8217;Escola d&#8217;Arts i Oficis i el 1930 en va ser nomenat director.\u00a0 Tamb\u00e9, havia treballat a la f\u00e0brica <em>d&#8217;Avelino Trinxet e hijos; <\/em>i durant la guerra, treballava a la f\u00e0brica Perera Industrial S.A. Quan va ser col\u00b7lectivitzada,\u00a0 el director de l&#8217;empresa el va nomenar delegat de la Generalitat a l&#8217;empresa.<\/p>\n<p>El 24 de gener de 1939 va ser cessat com a professor de l&#8217;Escola d&#8217;Arts i Oficis. El fet que treball\u00e9s a l&#8217;empresa col\u00b7lectivitzada va ser negatiu per al seu expedient de depuraci\u00f3. El 17 d&#8217;abril de 1939, el cap de la Gu\u00e0rdia Municipal va trametre un informe al Jutjat Militar n\u00fam. 2 que deia: &#8220;<em>Trabaj\u00f3 activamente en la implantaci\u00f3n de la Colectivizaci\u00f3n de la Fca. Pere Perera formando parte del Comit\u00e9. Se destac\u00f3 en la constituci\u00f3n del Comit\u00e9 central siendo Delegado, fu\u00e9 nombrado por los rojos Delegado de la Generalidad. Destacado Catalanista y marxista.<\/em>&#8221;<\/p>\n<p>El 9 de maig de 1939 va presentar la seva declaraci\u00f3 jurada on explicava que<\/p>\n<blockquote><p><em>&#8220;Habiendo<\/em> <em>quien pretend\u00eda, no s\u00e9 que persona o personas, la plaza de profesor que me fue otorgada en quinze de Septiembre de 1922, tuve que ingresar en Esquerra Republicana de Catalunya (&#8230;) y como en Noviembre de 1932 el Claustro de Profesores hab\u00eda de nombrar una terna de los mismos para ejercer el cargo de Director y Secretario, y como la mayor parte de ellos quer\u00edan elegirme, tuve que ir a rogarles que no lo hicieran pues la mayor parte de los componentes de la Junta del Profesorado quer\u00eda que fuese uno de los reci\u00e9n entrados&#8221;. <\/em><\/p><\/blockquote>\n<p>Despr\u00e9s de rebre aquesta declaraci\u00f3, el 4 de juny de 1939 el jutge instructor va demanar informes a la Gu\u00e0rdia Municipal, la qual va respondre dient que: &#8220;<em>Trabaj\u00f3 activamente en la implantaci\u00f3n de la colectivizaci\u00f3n de la Fca. Pere-Perera, formando parte del Comit\u00e9 de Control, siendo delegado; fue nombrado por los rojos Delegado de la Generalitat, siendo destacado separatista y marxista.&#8221;<\/em><\/p>\n<p>L&#8217;instructor, el 2 de novembre de 1939, va proposar &#8221; <em>Examinada la declaraci\u00f3n jurada (&#8230;) los informes unidos a la misma y estimando que en la conducta pol\u00edtico-social, (&#8230;) existe culpabilidad (&#8230;) se le instruya expediente formal para la imposici\u00f3n de la sanci\u00f3n que proceda<\/em>&#8220;. Per tant, l&#8217;instructor va imputar, el 20 de desembre de 1939,\u00a0 a Dalmau els seg\u00fcents c\u00e0rrecs:<\/p>\n<blockquote><p><em>&#8220;1\u00ba. Afiliado a Izquierda Republicana<\/em><\/p>\n<p><em>2n. Delegado de enlace de los Comit\u00e9s sindicales<\/em><\/p>\n<p><em>3\u00ba. Fue nombrado por los rojos Delegado de la Generalidad en la F\u00e1brica Parera Industrial<\/em><\/p>\n<p><em>4\u00ba . Fue destacado separatista y marxista.&#8221;<\/em><\/p><\/blockquote>\n<p>Ell va respondre a les acusacions dient que<\/p>\n<blockquote><p><em>\u00a0&#8220;(&#8230;) Nunca ha formado parte de partido pol\u00edtico alguno, solo en Noviembre de 1932 dej\u00f3 que lo anotaran a Izquierda Republicana, forzado por las amenazas de abrirle expediente y despedirle\u00a0 (&#8230;) se constituyo en la f\u00e1brica Perera Industrial SA <\/em>(Ind\u00fastria T\u00e8xtil) <em>el Comit\u00e9 de Control primero, y se hizo la colectivizaci\u00f3n despu\u00e9s y siempre bajo la iniciativa del Sr. Due\u00f1o y su hijo, el cual fue propuesto como Director de Empresa (&#8230;) el Consejo de Empresa a propuesta del Sr. Due\u00f1o de la Industria hizo la indicaci\u00f3n de proponer al que suscribe para ser nombrado Delegado de la Generalidad en la Fabrica Perera Industrial SA (&#8230;) el nombramiento no fue hecho por los rojos sino por la iniciativa del Sr. Director de la Casa Industrial. (&#8230;) debe decir rotundamente que no ha sido nunca destacado separatista (&#8230;) en la Escuela hab\u00eda dado siempre sus programas y sus ense\u00f1anzas en Espa\u00f1ol, hasta que obligaron a darlas en dialecto regional (&#8230;) tampoco ha sido marxista (&#8230;) ha sido perseguido por el Sindicato de Contramaestres y ayudantes el &#8220;Radium&#8221;. <\/em><\/p><\/blockquote>\n<p>El 30 de desembre de 1939, l&#8217;Ajuntament va resoldre la SEPARACI\u00d3 del servei. \u00a0El 1942 Bonaventura Dalmau es va traslladar a viure a Barcelona.<\/p>\n<p><a href=\"https:\/\/www.memoria.cat\/depurats\/documents\/documents-personal-separat\/dalmau-arano-bonaventura\/\"><mark>Documents<\/mark><\/a><\/p>\n<h6><a href=\"https:\/\/www.memoria.cat\/mestres\/content\/relaci%C3%B3-de-mestres-que-exerciren-manresa\" target=\"_blank\" rel=\"noopener\">Web Els mestres de la Rep\u00fablica a Manresa<\/a><\/h6>\n","protected":false},"excerpt":{"rendered":"<p>Va n\u00e9ixer el 12 de juliol de 1882. Estava afiliat, des de l&#8217;any 1932, a ERC, al &#8220;Sindicat de l&#8217;Element Directiu del G\u00e8nere de Punt&#8221; i a UGT.\u00a0 Era, des del 1922, professor de Teoria de Teixits a l&#8217;Escola d&#8217;Arts i Oficis i el 1930 en va ser nomenat director.\u00a0 Tamb\u00e9, havia treballat a la [&hellip;]<\/p>\n","protected":false},"author":11,"featured_media":0,"parent":72101,"menu_order":0,"comment_status":"closed","ping_status":"closed","template":"","meta":{"footnotes":""},"class_list":["post-72402","page","type-page","status-publish","hentry"],"_links":{"self":[{"href":"https:\/\/www.memoria.cat\/depurats\/wp-json\/wp\/v2\/pages\/72402","targetHints":{"allow":["GET"]}}],"collection":[{"href":"https:\/\/www.memoria.cat\/depurats\/wp-json\/wp\/v2\/pages"}],"about":[{"href":"https:\/\/www.memoria.cat\/depurats\/wp-json\/wp\/v2\/types\/page"}],"author":[{"embeddable":true,"href":"https:\/\/www.memoria.cat\/depurats\/wp-json\/wp\/v2\/users\/11"}],"replies":[{"embeddable":true,"href":"https:\/\/www.memoria.cat\/depurats\/wp-json\/wp\/v2\/comments?post=72402"}],"version-history":[{"count":0,"href":"https:\/\/www.memoria.cat\/depurats\/wp-json\/wp\/v2\/pages\/72402\/revisions"}],"up":[{"embeddable":true,"href":"https:\/\/www.memoria.cat\/depurats\/wp-json\/wp\/v2\/pages\/72101"}],"wp:attachment":[{"href":"https:\/\/www.memoria.cat\/depurats\/wp-json\/wp\/v2\/media?parent=72402"}],"curies":[{"name":"wp","href":"https:\/\/api.w.org\/{rel}","templated":true}]}}