{"id":72389,"date":"2018-08-04T07:16:03","date_gmt":"2018-08-04T06:16:03","guid":{"rendered":"https:\/\/www.memoria.cat\/depurats\/?page_id=72389"},"modified":"2021-10-19T10:16:25","modified_gmt":"2021-10-19T09:16:25","slug":"criado-rivas-miguel","status":"publish","type":"page","link":"https:\/\/www.memoria.cat\/depurats\/les-biografies-del-personal-separat\/criado-rivas-miguel\/","title":{"rendered":"CRIADO RIBAS, Miguel"},"content":{"rendered":"<p>Va n\u00e9ixer a Torremormoj\u00f3n (Pal\u00e8ncia), el 5 de juliol de 1895. Treballava de vigilant a Inspecci\u00f3 i Salubritat. Es va afiliar a UGT.<\/p>\n<p>Acabada la guerra va restar empresonat al Batall\u00f3 de Treballadors n\u00fam. 134 (Martorell); per tant, no es va presentar a treballar ni tampoc va presentar l&#8217;obligat\u00f2ria declaraci\u00f3 jurada.<\/p>\n<p>Un Edicte de l&#8217;Ajuntament de Manresa de 19 de desembre de 1939 li va concedir un termini de 8 dies per presentar la declaraci\u00f3 jurada i poder seguir la tramitaci\u00f3 i resoluci\u00f3 de l&#8217;expedient de depuraci\u00f3. El 30 de desembre de 1939 l\u2019Ajuntament va acordar la seva SEPARACI\u00d3.<\/p>\n<h6><a href=\"https:\/\/www.memoria.cat\/censpresos\/content\/criado-rivas-miguel\" target=\"_blank\" rel=\"noopener\">Web Cens de manresans privats de llibertat<\/a><\/h6>\n","protected":false},"excerpt":{"rendered":"<p>Va n\u00e9ixer a Torremormoj\u00f3n (Pal\u00e8ncia), el 5 de juliol de 1895. Treballava de vigilant a Inspecci\u00f3 i Salubritat. Es va afiliar a UGT. Acabada la guerra va restar empresonat al Batall\u00f3 de Treballadors n\u00fam. 134 (Martorell); per tant, no es va presentar a treballar ni tampoc va presentar l&#8217;obligat\u00f2ria declaraci\u00f3 jurada. Un Edicte de l&#8217;Ajuntament [&hellip;]<\/p>\n","protected":false},"author":11,"featured_media":0,"parent":72101,"menu_order":0,"comment_status":"closed","ping_status":"closed","template":"","meta":{"iawp_total_views":0,"footnotes":""},"class_list":["post-72389","page","type-page","status-publish","hentry"],"_links":{"self":[{"href":"https:\/\/www.memoria.cat\/depurats\/wp-json\/wp\/v2\/pages\/72389","targetHints":{"allow":["GET"]}}],"collection":[{"href":"https:\/\/www.memoria.cat\/depurats\/wp-json\/wp\/v2\/pages"}],"about":[{"href":"https:\/\/www.memoria.cat\/depurats\/wp-json\/wp\/v2\/types\/page"}],"author":[{"embeddable":true,"href":"https:\/\/www.memoria.cat\/depurats\/wp-json\/wp\/v2\/users\/11"}],"replies":[{"embeddable":true,"href":"https:\/\/www.memoria.cat\/depurats\/wp-json\/wp\/v2\/comments?post=72389"}],"version-history":[{"count":0,"href":"https:\/\/www.memoria.cat\/depurats\/wp-json\/wp\/v2\/pages\/72389\/revisions"}],"up":[{"embeddable":true,"href":"https:\/\/www.memoria.cat\/depurats\/wp-json\/wp\/v2\/pages\/72101"}],"wp:attachment":[{"href":"https:\/\/www.memoria.cat\/depurats\/wp-json\/wp\/v2\/media?parent=72389"}],"curies":[{"name":"wp","href":"https:\/\/api.w.org\/{rel}","templated":true}]}}