{"id":72308,"date":"2018-08-03T16:24:49","date_gmt":"2018-08-03T15:24:49","guid":{"rendered":"https:\/\/www.memoria.cat\/depurats\/?page_id=72308"},"modified":"2018-09-17T14:52:20","modified_gmt":"2018-09-17T13:52:20","slug":"botines-botifoll-joan","status":"publish","type":"page","link":"https:\/\/www.memoria.cat\/depurats\/les-biografies-del-personal-separat\/botines-botifoll-joan\/","title":{"rendered":"BOTINES BOTIFOLL, Joan"},"content":{"rendered":"<p>Va n\u00e9ixer el 1896. Treballava de bomber i de paleta per l&#8217;Ajuntament. Estava afiliat a \u00a0UGT.<\/p>\n<p>Va anar al front i en finalitzar la guerra va ser empresonat en un camp de concentraci\u00f3 de Reus. Per aquest motiu, no es va presentar al lloc de treball i, per tant, es va incoar un expedient de depuraci\u00f3. El 4 de juny de 1941 el secretari Carlos Aguilar Mas certificava: &#8220;<em>Se acuerda instruir expediente en averiguaci\u00f3n de las causas por las cuales no se ha incorporado a su destino el alba\u00f1il municipal Joan Botinas (&#8230;)\u201d. E<\/em>l 16 de juny de 1941 Botines explicava que quan va retornar del camp de concentraci\u00f3, l\u2019Ajuntament va acceptar la seva incorporaci\u00f3 al lloc de treball per\u00f2 que, en aquell moment, \u00a0ell tenia altres projectes econ\u00f2micament millors i que va sol\u00b7icitar l&#8217;exced\u00e8ncia de paleta.<\/p>\n<p>L&#8217;Ajuntament no li va concedir l&#8217;exced\u00e8ncia i, per tant, el 19 d&#8217;agost de 1941, va acordar<\/p>\n<blockquote><p>&#8220;<em>Se declara cesante y separado del empleo de alba\u00f1il municipal a Don Juan Botinas Botifoll, por no haberse reintegrado al trabajo cuando le fu\u00e9 ordenado despu\u00e9s de su regreso del campo de concentraci\u00f3n y haber declarado que no le interesaba continuar al servicio del Ayuntamiento&#8221;.<\/em><\/p><\/blockquote>\n<p>Botines va ser SEPARAT de la feina de paleta, per\u00f2 va continuar exercint de bomber.<\/p>\n<h6><a href=\"https:\/\/www.memoria.cat\/censpresos\/content\/botines-botifoll-joan\" target=\"_blank\" rel=\"noopener\">Web Cens de manresans privats de llibertat<\/a><\/h6>\n","protected":false},"excerpt":{"rendered":"<p>Va n\u00e9ixer el 1896. Treballava de bomber i de paleta per l&#8217;Ajuntament. Estava afiliat a \u00a0UGT. Va anar al front i en finalitzar la guerra va ser empresonat en un camp de concentraci\u00f3 de Reus. Per aquest motiu, no es va presentar al lloc de treball i, per tant, es va incoar un expedient de [&hellip;]<\/p>\n","protected":false},"author":11,"featured_media":0,"parent":72101,"menu_order":0,"comment_status":"closed","ping_status":"closed","template":"","meta":{"footnotes":""},"class_list":["post-72308","page","type-page","status-publish","hentry"],"_links":{"self":[{"href":"https:\/\/www.memoria.cat\/depurats\/wp-json\/wp\/v2\/pages\/72308","targetHints":{"allow":["GET"]}}],"collection":[{"href":"https:\/\/www.memoria.cat\/depurats\/wp-json\/wp\/v2\/pages"}],"about":[{"href":"https:\/\/www.memoria.cat\/depurats\/wp-json\/wp\/v2\/types\/page"}],"author":[{"embeddable":true,"href":"https:\/\/www.memoria.cat\/depurats\/wp-json\/wp\/v2\/users\/11"}],"replies":[{"embeddable":true,"href":"https:\/\/www.memoria.cat\/depurats\/wp-json\/wp\/v2\/comments?post=72308"}],"version-history":[{"count":0,"href":"https:\/\/www.memoria.cat\/depurats\/wp-json\/wp\/v2\/pages\/72308\/revisions"}],"up":[{"embeddable":true,"href":"https:\/\/www.memoria.cat\/depurats\/wp-json\/wp\/v2\/pages\/72101"}],"wp:attachment":[{"href":"https:\/\/www.memoria.cat\/depurats\/wp-json\/wp\/v2\/media?parent=72308"}],"curies":[{"name":"wp","href":"https:\/\/api.w.org\/{rel}","templated":true}]}}