{"id":72296,"date":"2018-08-01T17:15:38","date_gmt":"2018-08-01T16:15:38","guid":{"rendered":"https:\/\/www.memoria.cat\/depurats\/?page_id=72296"},"modified":"2018-09-09T10:04:39","modified_gmt":"2018-09-09T09:04:39","slug":"boixader-castella-josep","status":"publish","type":"page","link":"https:\/\/www.memoria.cat\/depurats\/les-biografies-del-personal-separat\/boixader-castella-josep\/","title":{"rendered":"BOIXADER CASTELL\u00c0, Josep"},"content":{"rendered":"<p>Treballava de paleta i estava afiliat a UGT. A finals de novembre de 1936 va anar al front com a milici\u00e0. Ens consta que el 14 de desembre de 1936,\u00a0 era un dels components de la Cent\u00faria Roja de Manresa destacada amb el Batall\u00f3 de Metralladores n\u00fam. 4 del Front d&#8217;Osca.<\/p>\n<p>Acabada la guerra, es va exiliar a Fran\u00e7a i, per tant, no va anar a treballar i tampoc no va presentar la declaraci\u00f3 jurada que s&#8217;exigia des de l&#8217;Ajuntament per iniciar els tr\u00e0mits de depuraci\u00f3. Segons el jutge instructor Juan Ferrer Folch, &#8220;<em> encontr\u00e1ndose ausente de esta Ciudad el tiempo de la liberaci\u00f3n, sin que posteriormente se haya presentado ni haya cumplido la obligaci\u00f3n de presentar su declaraci\u00f3n jurada&#8221;, <\/em>\u00a0era una mostra de la seva culpabilitat perqu\u00e8<\/p>\n<blockquote><p>&#8220;<em>su prologando silencio constituye un caso flagrante de abandono de destino, que hace innecesaria toda investigaci\u00f3n acerca de su conducta anterior, ya que si fuese adicto o simplemente simpatizante con el Glorioso Movimiento Nacional ha tenido tiempo suficiente para demostrarlo present\u00e1ndose para prestar el Servicio que tenia confiado&#8221;<\/em>.<\/p><\/blockquote>\n<p>Per tant, l&#8217;instructor va considerar c\u00e0rrecs suficients l&#8217;abandonament del servei i l&#8217;incompliment de presentar la declaraci\u00f3 jurada arran de la seva actuaci\u00f3 en relaci\u00f3 al <em>Glorioso Movimiento Nacional <\/em>i, per aquest motiu, va proposar a la Comissi\u00f3 Gestora la separaci\u00f3 del servei. La resoluci\u00f3 definitiva de l&#8217;Ajuntament de Manresa, en data 30 de desembre de 1939, va confirmar la SEPARACI\u00d3.<\/p>\n<p>&nbsp;<\/p>\n","protected":false},"excerpt":{"rendered":"<p>Treballava de paleta i estava afiliat a UGT. A finals de novembre de 1936 va anar al front com a milici\u00e0. Ens consta que el 14 de desembre de 1936,\u00a0 era un dels components de la Cent\u00faria Roja de Manresa destacada amb el Batall\u00f3 de Metralladores n\u00fam. 4 del Front d&#8217;Osca. Acabada la guerra, es [&hellip;]<\/p>\n","protected":false},"author":11,"featured_media":0,"parent":72101,"menu_order":0,"comment_status":"closed","ping_status":"closed","template":"","meta":{"footnotes":""},"class_list":["post-72296","page","type-page","status-publish","hentry"],"_links":{"self":[{"href":"https:\/\/www.memoria.cat\/depurats\/wp-json\/wp\/v2\/pages\/72296","targetHints":{"allow":["GET"]}}],"collection":[{"href":"https:\/\/www.memoria.cat\/depurats\/wp-json\/wp\/v2\/pages"}],"about":[{"href":"https:\/\/www.memoria.cat\/depurats\/wp-json\/wp\/v2\/types\/page"}],"author":[{"embeddable":true,"href":"https:\/\/www.memoria.cat\/depurats\/wp-json\/wp\/v2\/users\/11"}],"replies":[{"embeddable":true,"href":"https:\/\/www.memoria.cat\/depurats\/wp-json\/wp\/v2\/comments?post=72296"}],"version-history":[{"count":0,"href":"https:\/\/www.memoria.cat\/depurats\/wp-json\/wp\/v2\/pages\/72296\/revisions"}],"up":[{"embeddable":true,"href":"https:\/\/www.memoria.cat\/depurats\/wp-json\/wp\/v2\/pages\/72101"}],"wp:attachment":[{"href":"https:\/\/www.memoria.cat\/depurats\/wp-json\/wp\/v2\/media?parent=72296"}],"curies":[{"name":"wp","href":"https:\/\/api.w.org\/{rel}","templated":true}]}}