{"id":72258,"date":"2018-08-01T16:47:34","date_gmt":"2018-08-01T15:47:34","guid":{"rendered":"https:\/\/www.memoria.cat\/depurats\/?page_id=72258"},"modified":"2018-09-17T14:36:15","modified_gmt":"2018-09-17T13:36:15","slug":"armengou-torra-pere","status":"publish","type":"page","link":"https:\/\/www.memoria.cat\/depurats\/les-biografies-del-personal-separat\/armengou-torra-pere\/","title":{"rendered":"ARMENGOU TORRA, Pere"},"content":{"rendered":"<p>Va n\u00e9ixer a Manresa el 1905. Va estudiar als Germans de les Escoles Cristianes de Manresa, i el 1922 va comen\u00e7ar estudis d&#8217;arquitectura a Barcelona. A trav\u00e9s de l&#8217;Escola d&#8217;Arquitectura i el Cercle Art\u00edstic Sant Lluc va entrar en contacte amb l&#8217;avantguarda cultural dels anys vint. Cap a l&#8217;any 1928 va col\u00b7laborar amb l&#8217;arquitecte Francesc Folguera en el projecte de l&#8217;edifici Casal Sant Jordi de Barcelona.<\/p>\n<p>L&#8217;any 1931 va ser soci fundador del Grup d&#8217;Arquitectes i T\u00e8cnics Catalans per al Progr\u00e9s de l&#8217;Arquitectura Contempor\u00e0nia (GATPAC) i es va encarregar de la publicaci\u00f3 de la prestigiosa revista d&#8217;arquitectura \u201cAC\u201d.<\/p>\n<p>El 1932 es va llicenciar com a arquitecte i va prendre possessi\u00f3 del c\u00e0rrec d&#8217;arquitecte municipal inter\u00ed de l&#8217;Ajuntament de Manresa el 21 de mar\u00e7 de 1932. Va exercir d&#8217;arquitecte municipal des de 1932 fins a l&#8217;octubre de 1934. \u00a0Durant aquest per\u00edode \u00a0sign\u00e0, l&#8217;any 1933, el Pla de l&#8217;Eixample de Manresa, redactat anteriorment pels arquitectes Josep Firmat i Ferran Tarrag\u00f3. Va projectar una caserna per a la Gu\u00e0rdia Civil, la piscina municipal de Manresa, el cobriment del torrent de Sant Ignasi i una escola al Bosquet de Sant Fruit\u00f3s.<\/p>\n<p>La seva obra m\u00e9s significativa va ser el Grup Escolar Renaixen\u00e7a -mostra d&#8217;arquitectura racionalista-, que va ser inaugurat pel president Llu\u00eds Companys, el setembre de 1934. El 21 de febrer de 1936 s&#8217;incorpor\u00e0 de nou al c\u00e0rrec d&#8217;arquitecte municipal fins al 1938. Tamb\u00e9 va ser arquitecte municipal de l&#8217;Ajuntament de Sant Fruit\u00f3s de Bages des de 1932. \u00a0Durant la Guerra va contribuir a salvar la bas\u00edlica de la Seu de Manresa, que estava amena\u00e7ada d\u2019enderroc.<\/p>\n<p>Va ser mobilitzat per anar al front el 1938. Acabada la guerra es refugi\u00e0 a Fran\u00e7a (1939-40). El mar\u00e7 de 1939 l&#8217;Ajuntament va retornar el c\u00e0rrec d&#8217;arquitecte municipal a Josep Firmat Serramalera; per tant, tornant de l&#8217;exili Pere Armengou va presentar, obligat, la seva REN\u00daNCIA. En canvi, va continuar treballant d&#8217;arquitecte municipal a Sant Fruit\u00f3s de Bages fins a la jubilaci\u00f3, tasca que va combinar amb la iniciativa privada.<\/p>\n<p>Va col\u00b7laborar amb l&#8217;arquitecte Josep Maria Armengou Vives en el projecte de l&#8217;Escola de Mestratge Industrial de Manresa (actual Institut Lacet\u00e0nia), el 1966. Va morir el 1991 a Barcelona.<\/p>\n<p><a href=\"https:\/\/www.memoria.cat\/depurats\/documents\/documents-personal-separat\/armengou-torra-pere\/\"><mark>Documents<\/mark><\/a><\/p>\n<h6><a href=\"https:\/\/www.memoria.cat\/republica\/content\/armengou-i-torra-pere\" target=\"_blank\" rel=\"noopener\">Web de la Rep\u00fablica a Manresa<\/a><\/h6>\n<h6><a href=\"https:\/\/www.memoria.cat\/dades-biogr%C3%A0fiques-de-pere-armengou-i-torra-manresa-1905-barcelona-1991\" target=\"_blank\" rel=\"noopener\">Web de les dades biogr\u00e0fiques de Pere Armengou<\/a><\/h6>\n","protected":false},"excerpt":{"rendered":"<p>Va n\u00e9ixer a Manresa el 1905. Va estudiar als Germans de les Escoles Cristianes de Manresa, i el 1922 va comen\u00e7ar estudis d&#8217;arquitectura a Barcelona. A trav\u00e9s de l&#8217;Escola d&#8217;Arquitectura i el Cercle Art\u00edstic Sant Lluc va entrar en contacte amb l&#8217;avantguarda cultural dels anys vint. Cap a l&#8217;any 1928 va col\u00b7laborar amb l&#8217;arquitecte Francesc [&hellip;]<\/p>\n","protected":false},"author":11,"featured_media":0,"parent":72101,"menu_order":0,"comment_status":"closed","ping_status":"closed","template":"","meta":{"footnotes":""},"class_list":["post-72258","page","type-page","status-publish","hentry"],"_links":{"self":[{"href":"https:\/\/www.memoria.cat\/depurats\/wp-json\/wp\/v2\/pages\/72258","targetHints":{"allow":["GET"]}}],"collection":[{"href":"https:\/\/www.memoria.cat\/depurats\/wp-json\/wp\/v2\/pages"}],"about":[{"href":"https:\/\/www.memoria.cat\/depurats\/wp-json\/wp\/v2\/types\/page"}],"author":[{"embeddable":true,"href":"https:\/\/www.memoria.cat\/depurats\/wp-json\/wp\/v2\/users\/11"}],"replies":[{"embeddable":true,"href":"https:\/\/www.memoria.cat\/depurats\/wp-json\/wp\/v2\/comments?post=72258"}],"version-history":[{"count":0,"href":"https:\/\/www.memoria.cat\/depurats\/wp-json\/wp\/v2\/pages\/72258\/revisions"}],"up":[{"embeddable":true,"href":"https:\/\/www.memoria.cat\/depurats\/wp-json\/wp\/v2\/pages\/72101"}],"wp:attachment":[{"href":"https:\/\/www.memoria.cat\/depurats\/wp-json\/wp\/v2\/media?parent=72258"}],"curies":[{"name":"wp","href":"https:\/\/api.w.org\/{rel}","templated":true}]}}