{"id":72251,"date":"2018-08-01T16:39:36","date_gmt":"2018-08-01T15:39:36","guid":{"rendered":"https:\/\/www.memoria.cat\/depurats\/?page_id=72251"},"modified":"2018-09-09T08:16:05","modified_gmt":"2018-09-09T07:16:05","slug":"amalia-arino-gascon","status":"publish","type":"page","link":"https:\/\/www.memoria.cat\/depurats\/les-biografies-del-personal-separat\/amalia-arino-gascon\/","title":{"rendered":"ARI\u00d1\u00d3 GASCON, Am\u00e0lia"},"content":{"rendered":"<p>Treballava, com a interina,\u00a0 a les Oficines Centrals fent tasques de neteja. L\u2019Ajuntament, en la sessi\u00f3 del 30 de desembre de 1939, va acordar la seva SEPARACI\u00d3.<\/p>\n","protected":false},"excerpt":{"rendered":"<p>Treballava, com a interina,\u00a0 a les Oficines Centrals fent tasques de neteja. L\u2019Ajuntament, en la sessi\u00f3 del 30 de desembre de 1939, va acordar la seva SEPARACI\u00d3.<\/p>\n","protected":false},"author":11,"featured_media":0,"parent":72101,"menu_order":0,"comment_status":"closed","ping_status":"closed","template":"","meta":{"footnotes":""},"class_list":["post-72251","page","type-page","status-publish","hentry"],"_links":{"self":[{"href":"https:\/\/www.memoria.cat\/depurats\/wp-json\/wp\/v2\/pages\/72251","targetHints":{"allow":["GET"]}}],"collection":[{"href":"https:\/\/www.memoria.cat\/depurats\/wp-json\/wp\/v2\/pages"}],"about":[{"href":"https:\/\/www.memoria.cat\/depurats\/wp-json\/wp\/v2\/types\/page"}],"author":[{"embeddable":true,"href":"https:\/\/www.memoria.cat\/depurats\/wp-json\/wp\/v2\/users\/11"}],"replies":[{"embeddable":true,"href":"https:\/\/www.memoria.cat\/depurats\/wp-json\/wp\/v2\/comments?post=72251"}],"version-history":[{"count":0,"href":"https:\/\/www.memoria.cat\/depurats\/wp-json\/wp\/v2\/pages\/72251\/revisions"}],"up":[{"embeddable":true,"href":"https:\/\/www.memoria.cat\/depurats\/wp-json\/wp\/v2\/pages\/72101"}],"wp:attachment":[{"href":"https:\/\/www.memoria.cat\/depurats\/wp-json\/wp\/v2\/media?parent=72251"}],"curies":[{"name":"wp","href":"https:\/\/api.w.org\/{rel}","templated":true}]}}