{"id":72120,"date":"2018-07-04T10:31:16","date_gmt":"2018-07-04T09:31:16","guid":{"rendered":"https:\/\/www.memoria.cat\/depurats\/?page_id=72120"},"modified":"2025-09-25T16:11:52","modified_gmt":"2025-09-25T15:11:52","slug":"biografia","status":"publish","type":"page","link":"https:\/\/www.memoria.cat\/depurats\/biografia\/","title":{"rendered":"Bibliografia"},"content":{"rendered":"<p>ALOY, Joaquim ; SARDANS, Jordi. <em>La Rep\u00fablica (1931-36).<\/em>\u00a0 Volum I.\u00a0 Manresa: Parcir, 1990 (Col\u00b7lecci\u00f3 Hist\u00f2ria Gr\u00e0fica de Manresa).<\/p>\n<p>ALOY, Joaquim ; SARDANS, Jordi. <em>La Rep\u00fablica (1931-36).<\/em>\u00a0 Volum II.\u00a0 Manresa: Parcir, 1991 (Col\u00b7lecci\u00f3 Hist\u00f2ria Gr\u00e0fica de Manresa).<\/p>\n<p>ALOY, Joaquim ; SARDANS, Jordi ; GASOL, Pere. <em>La Guerra Civil (1936-39). Hist\u00f2ria gr\u00e0fica de Manresa,<\/em>\u00a0 Volum I.\u00a0 Manresa: Parcir, 1992 (Col\u00b7lecci\u00f3 Hist\u00f2ria Gr\u00e0fica de Manresa).<\/p>\n<p>ALOY, Joaquim ; FONS, Ramon; GASOL, Pere. <em>La Guerra Civil (1936-39). Hist\u00f2ria gr\u00e0fica de Manresa,<\/em>\u00a0 Volum II.\u00a0 Manresa: Parcir, 1993 (Col\u00b7lecci\u00f3 Hist\u00f2ria Gr\u00e0fica de Manresa).<\/p>\n<p>ALOY, Joaquim ; BASIANA, Jordi ;\u00a0 GASOL, Pere. <em>Papers Catalans Espoliats<\/em>. Manresa,\u00a0 Zenobita Edicions, 2007.<\/p>\n<p>BRUGUERA i CORTADA, Miguel. <em>El tribunal de depuraci\u00f3 de responsabilitats pol\u00edtiques del Col\u00b7legi Oficial de Metges de Barcelona (1939-1941). <\/em>Revista Gimbernat 2008<em>. <\/em>Es troba digitalitzada a <a href=\"https:\/\/www.raco.cat\/\" target=\"_blank\" rel=\"noopener\">https:\/\/www.raco.cat\/<\/a><\/p>\n<p>COMAS, Francesc. <em>150 anys d&#8217;una instituci\u00f3. Casa Caritat. Manresa 1859-2009<\/em>. Manresa: Fundaci\u00f3 Cots, 2009.<\/p>\n<p>FINESTRES,\u00a0 Jordi. <em>Futbol i ciutadania. Centre d&#8217;esports Manresa (1906-2006)<\/em>. Manresa: Centre d&#8217;Esports Manresa, 2006.<\/p>\n<p>FINESTRES, Jordi ;\u00a0 PUS\u00d3 Pere Joan. <em>Historia del centre d&#8217;esports Manresa.\u00a0 <\/em>Centre d&#8217;Esports Manresa<em>, <\/em>1997.<\/p>\n<p>GARCIA CASARRAMONA, Gal\u00b7la. <em>L&#8217;Orde hospitalari de Sant Joan de D\u00e9u. 75 anys a Manresa (1932-2007)<\/em>. Manresa: Germans de Sant Joan de D\u00e9u. 2007.<\/p>\n<p>GIL GARRUSTA, Marc<em>. La instauraci\u00f3 del r\u00e8gim franquista a l&#8217;Ajuntament de Barcelona: depuraci\u00f3 i reconfiguraci\u00f3\u00a0 de l&#8217;Administraci\u00f3 Municipal<\/em>. Tesi doctoral 2015 (Consultada per\u00a0 internet 2017).<\/p>\n<p>GIL GARRUSTA, Marc. <em>Barcelona al servei del Nuevo Estado. Depuraci\u00f3 a l\u2019Ajuntament durant el primer franquisme. <\/em>Vic: Eumo Editorial, 2017.<\/p>\n<p>GUERRERO SALA, Llu\u00eds. <em>La Cl\u00ednica Sant Josep. Un comprom\u00eds amb Manresa (1929-2011)<\/em>. Manresa: Col\u00b7legi Oficial de Metges, 2011.<\/p>\n<p>L\u00d3PEZ ESTEVE, Manel.\u00a0 <em>Els fets del 6 d&#8217;octubre de 1934. Annex II Fets Octubre<\/em> (Pdf).<\/p>\n<p>MAS, Josep.\u00a0 <em>75 anys d&#8217;atletisme a Manresa (1922-1997<\/em>) Manresa: Club Atl\u00e8tic Manresa, 1997.<\/p>\n<p>MAS, Josep ; COMAS,\u00a0 Francesc. <em>50 anys del club Atl\u00e8tic Manresa<\/em>. Manresa:\u00a0 Zenobita Edicions, 2006.<\/p>\n<p>MAS SANTACREU, Ignasi. <em>Llu\u00eds Mas Pons: mem\u00f2ria d&#8217;un emboscat<\/em>. Manresa: Ajuntament de Manresa,\u00a0 2006.<\/p>\n<p>TORRAS SERRA, Marc.\u00a0 <em>Un hospital de 750 anys. Hospital de Sant Andreu de Manresa<\/em>. Manresa: Zenobita, 2010.<\/p>\n<p>ROTLLAN, Armand.\u00a0\u00a0 <em>La sanitat a Manresa, 1876-1976<\/em>. Manresa: Centre d&#8217;Estudis del Bages. Angle Editorial, 1998.<\/p>\n<p>SOL\u00c9 i SABAT\u00c9 Josep M. <em>La repressi\u00f3 franquista a Catalunya (1938-53).<\/em> Volum 5. Barcelona: Edicions 62, 1985. (Col\u00b7lecci\u00f3 Catalunya sota el franquisme).<\/p>\n<p>&nbsp;<\/p>\n<p><strong>HEMEROTECA<\/strong><\/p>\n<p>Diari <em>El Pla de Bages<\/em>. Es troba digitalitzat a Arxiu de revistes catalanes antigues.<\/p>\n<p>Diari <em>El dia. <\/em>Es troba digitalitzat a Arxiu de revistes catalanes antigues.<\/p>\n<p>BOE ( Consulta de la legislaci\u00f3\u00a0 per internet).<\/p>\n<p>&nbsp;<\/p>\n<p><strong>WEBS<\/strong><\/p>\n<p>ALERT, Josep. <a href=\"https:\/\/www.memoria.cat\/refugiats\/\" target=\"_blank\" rel=\"noopener\"><em>Cens de refugiats a Manresa durant la Guerra Civil. Els protagonistes d\u2019una hist\u00f2ria oblidada. <\/em><\/a>Manresa: Associaci\u00f3 Mem\u00f2ria i Hist\u00f2ria de Manresa, 2015.<\/p>\n<p>ALERT, Josep ; PARCERISAS, Conxita ; PONS, Joan Albert. <em><a href=\"https:\/\/www.memoria.cat\/censpresos\" target=\"_blank\" rel=\"noopener\">Cens de manresans privats de llibertat. Noms i xifres de la repressi\u00f3 franquista (1939-1975)<\/a>.\u00a0 <\/em>Manresa: Associaci\u00f3 Mem\u00f2ria i Hist\u00f2ria de Manresa, 2012.<\/p>\n<p>ALOY, Joaquim ; BASIANA, Jordi ; GASOL, Pere. <em><a href=\"https:\/\/www.memoria.cat\/republica\/\" target=\"_blank\" rel=\"noopener\">La Rep\u00fablica a Manresa en un clic (1931-1936)<\/a><\/em>. Manresa: Associaci\u00f3 Mem\u00f2ria i Hist\u00f2ria de Manresa, 2006 (revisi\u00f3 2010).<\/p>\n<p>ALOY, Joaquim ; BASIANA, Jordi ; GASOL, Pere.\u00a0 <em><a href=\"https:\/\/www.memoria.cat\/presos\/ca\" target=\"_blank\" rel=\"noopener\">La repressi\u00f3 franquista a Manresa en la veu de les v\u00edctimes<\/a><\/em>. Manresa: Associaci\u00f3 Mem\u00f2ria i Hist\u00f2ria de Manresa, 2009.<\/p>\n<p>ALOY, Joaquim ; GASOL, Pere. <a href=\"https:\/\/www.memoria.cat\/joves\/\" target=\"_blank\" rel=\"noopener\"><em>Joves i republicans. La Rep\u00fablica a Manresa (1931-1936<\/em><\/a><em>). <\/em>Manresa: Associaci\u00f3 Mem\u00f2ria i Hist\u00f2ria de Manresa, 2002 (revisi\u00f3 2012).<\/p>\n<p>ALOY, Joaquim ; BASIANA, Jordi ; CASTILLA, Pep ; GASOL, Pere ; LUJ\u00c1N, Oriol. <em><a href=\"https:\/\/www.memoria.cat\/franquisme\/\" target=\"_blank\" rel=\"noopener\">El primer franquisme a Manresa en un clic (1939-1959)<\/a>. <\/em>Manresa: Associaci\u00f3 Mem\u00f2ria i Hist\u00f2ria de Manresa, 2011.<\/p>\n<p>ALOY, Joaquim. <em><a href=\"https:\/\/www.memoria.cat\/amat\" target=\"_blank\" rel=\"noopener\">Joaquim Amat-Piniella. Escriptor i intel\u00b7lectual manres\u00e0 (1913-1974)<\/a>. <\/em>Manresa: Associaci\u00f3 Mem\u00f2ria i Hist\u00f2ria de Manresa, 2004 (revisi\u00f3 i ampliaci\u00f3 2010).<\/p>\n<p>ALOY, Joaquim ; GASOL, Pere. <em><a href=\"https:\/\/www.memoria.cat\/repressions\/\" target=\"_blank\" rel=\"noopener\">Les repressions de la guerra i la postguerra a Manresa<\/a>. <\/em>Manresa: Associaci\u00f3 Mem\u00f2ria i Hist\u00f2ria de Manresa, 2008.<\/p>\n<p>ALOY, Joaquim ; GASOL, Pere. <em><a href=\"https:\/\/www.memoria.cat\/bombardeigs\/\" target=\"_blank\" rel=\"noopener\">Els bombardeigs franquistes a Manresa (1938-39)<\/a>. <\/em>Manresa: Associaci\u00f3 Mem\u00f2ria i Hist\u00f2ria de Manresa, 2005 (revisi\u00f3 i ampliaci\u00f3 2008).<\/p>\n<p>ALOY, Joaquim. <em><a href=\"https:\/\/www.memoria.cat\/mercadal\/\" target=\"_blank\" rel=\"noopener\">Entrevista a Tom\u00e0s Mercadal<\/a>. <\/em>Manresa: Associaci\u00f3 Mem\u00f2ria i Hist\u00f2ria de Manresa, 2014.<\/p>\n<p>BOTIFOLL BENASAT, Carme. <a href=\"https:\/\/www.memoria.cat\/empleatsajuntament-1931-39\" target=\"_blank\" rel=\"noopener\"><em>Els m\u00e9s de 1.000 empleats de la plantilla municipal de Manresa durant la Rep\u00fablica i la Guerra Civil (1931-39). <\/em><\/a>Manresa: Associaci\u00f3 Mem\u00f2ria i Hist\u00f2ria de Manresa, 2018.<\/p>\n<p>GARC\u00cdA COMAS, Joaquim. <a href=\"https:\/\/www.memoria.cat\/recuperaci%C3%B3-duna-entrevista-larquitecte-municipal-pere-armengou-i-torra\" target=\"_blank\" rel=\"noopener\"><em>Recuperaci\u00f3 d\u2019una entrevista a l\u2019arquitecte municipal Pere Armengou Torra. <\/em><\/a>Manresa: Associaci\u00f3 Mem\u00f2ria i Hist\u00f2ria de Manresa, 2007 (renovaci\u00f3 2009).<\/p>\n<p>PARCERISAS, Conxita. <a href=\"https:\/\/www.memoria.cat\/manresanes-guerra-civil-i-repressio\/\" target=\"_blank\" rel=\"noopener\"><em>Le<\/em><em>s dones manre<\/em><em>sa<\/em><em>nes: guerra civil i repressi\u00f3<\/em>.<\/a> Manresa: Associaci\u00f3 Mem\u00f2ria i Hist\u00f2ria de Manresa, 2012.<\/p>\n<p>PARCERISAS, Conxita ; FONT, Llu\u00efsa. <a href=\"http:\/\/manresanes.blogspot.com\/\" target=\"_blank\" rel=\"noopener\"><em>Blog Manresanes que han fet hist\u00f2ria<\/em><\/a>. Premi Regi\u00f3 7 de Comunicaci\u00f3 2017.<\/p>\n<p>SERRA, Joan Maria. <em><a href=\"https:\/\/www.memoria.cat\/mestres\/\" target=\"_blank\" rel=\"noopener\">Els mestres de la Rep\u00fablica a Manresa. Traject\u00f2ries, pedagogies i depuracions<\/a>. <\/em>Manresa: Associaci\u00f3 Mem\u00f2ria i Hist\u00f2ria de Manresa, 2012.<\/p>\n<p><em><a href=\"https:\/\/www.memoria.cat\/morts\/\" target=\"_blank\" rel=\"noopener\">Els morts de la Guerra Civil a Manresa (1936-1939)<\/a>. <\/em>Manresa, 2006.<\/p>\n<p><em><a href=\"https:\/\/www.memoria.cat\/guerra\/\" target=\"_blank\" rel=\"noopener\">Viv\u00e8ncies del temps de la Guerra a Manresa (1936-39)<\/a>. <\/em>Manresa: Associaci\u00f3 Mem\u00f2ria i Hist\u00f2ria de Manresa, 2014.<\/p>\n<p>&nbsp;<\/p>\n<p><strong>ARXIUS<\/strong><\/p>\n<p>Arxiu Comarcal del Bages (ACB).<\/p>\n<p>Arxiu Municipal de Manresa (AMM).<\/p>\n<p>Arxiu Hist\u00f2ric Col\u00b7legi de Metges de Barcelona.<\/p>\n<p>Arxiu del Govern Civil de Barcelona (AGC).<\/p>\n<p>Arxiu Tribunal Militar Territorial Tercer de Barcelona (ATMTT).<\/p>\n<p>Archivo Hist\u00f3rico Nacional (AHN): Causa General de Manresa (online).<\/p>\n<p>Biblioteca de Catalunya (BC).<\/p>\n<p>&nbsp;<\/p>\n<p>&nbsp;<\/p>\n<p>&nbsp;<\/p>\n","protected":false},"excerpt":{"rendered":"<p>ALOY, Joaquim ; SARDANS, Jordi. La Rep\u00fablica (1931-36).\u00a0 Volum I.\u00a0 Manresa: Parcir, 1990 (Col\u00b7lecci\u00f3 Hist\u00f2ria Gr\u00e0fica de Manresa). ALOY, Joaquim ; SARDANS, Jordi. La Rep\u00fablica (1931-36).\u00a0 Volum II.\u00a0 Manresa: Parcir, 1991 (Col\u00b7lecci\u00f3 Hist\u00f2ria Gr\u00e0fica de Manresa). ALOY, Joaquim ; SARDANS, Jordi ; GASOL, Pere. La Guerra Civil (1936-39). Hist\u00f2ria gr\u00e0fica de Manresa,\u00a0 Volum I.\u00a0 Manresa: [&hellip;]<\/p>\n","protected":false},"author":11,"featured_media":0,"parent":0,"menu_order":0,"comment_status":"closed","ping_status":"closed","template":"","meta":{"footnotes":""},"class_list":["post-72120","page","type-page","status-publish","hentry"],"_links":{"self":[{"href":"https:\/\/www.memoria.cat\/depurats\/wp-json\/wp\/v2\/pages\/72120","targetHints":{"allow":["GET"]}}],"collection":[{"href":"https:\/\/www.memoria.cat\/depurats\/wp-json\/wp\/v2\/pages"}],"about":[{"href":"https:\/\/www.memoria.cat\/depurats\/wp-json\/wp\/v2\/types\/page"}],"author":[{"embeddable":true,"href":"https:\/\/www.memoria.cat\/depurats\/wp-json\/wp\/v2\/users\/11"}],"replies":[{"embeddable":true,"href":"https:\/\/www.memoria.cat\/depurats\/wp-json\/wp\/v2\/comments?post=72120"}],"version-history":[{"count":2,"href":"https:\/\/www.memoria.cat\/depurats\/wp-json\/wp\/v2\/pages\/72120\/revisions"}],"predecessor-version":[{"id":74264,"href":"https:\/\/www.memoria.cat\/depurats\/wp-json\/wp\/v2\/pages\/72120\/revisions\/74264"}],"wp:attachment":[{"href":"https:\/\/www.memoria.cat\/depurats\/wp-json\/wp\/v2\/media?parent=72120"}],"curies":[{"name":"wp","href":"https:\/\/api.w.org\/{rel}","templated":true}]}}