{"id":72114,"date":"2018-07-04T10:30:44","date_gmt":"2018-07-04T09:30:44","guid":{"rendered":"https:\/\/www.memoria.cat\/depurats\/?page_id=72114"},"modified":"2023-05-13T18:04:47","modified_gmt":"2023-05-13T17:04:47","slug":"treballadors-separats-despres-doctubre-del-1934","status":"publish","type":"page","link":"https:\/\/www.memoria.cat\/depurats\/els-treballadors-que-van-patir-doble-depuracio\/treballadors-separats-despres-doctubre-del-1934\/","title":{"rendered":"Treballadors separats despr\u00e9s dels Fets d&#8217;Octubre de 1934"},"content":{"rendered":"<p>Com a conseq\u00fc\u00e8ncia del Fets d&#8217;Octubre de 1934 van ser suspesos de sou i feina des del 7 d&#8217;octubre de 1934 fins al 16 de febrer de 1936, 19 treballadors (tots ells seran indemnitzats en el pressupost de 1937). En el quadre podem veure si van ser empresonats com a conseq\u00fc\u00e8ncia dels Fets d&#8217;Octubre i quina va ser la seva situaci\u00f3 a l&#8217;inici de la Dictadura.<\/p>\n<p>&nbsp;<\/p>\n<p><strong>RELACI\u00d3 DE TREBALLADORS SUSPESOS DE SOU I FEINA L\u2019OCTUBRE DE 1934, INDICANT SI VAN PATIR PRES\u00d3 PER AQUESTS FETS I SITUACI\u00d3 A PARTIR DE FEBRER DE 1939<\/strong><\/p>\n<table>\n<tbody>\n<tr>\n<td width=\"189\">NOM<\/td>\n<td width=\"189\">OCTUBRE 1934<\/td>\n<td width=\"189\">1939<\/td>\n<\/tr>\n<tr>\n<td width=\"189\">Brunet Claris, Ramon<\/td>\n<td width=\"189\"><\/td>\n<td width=\"189\">EXILIAT\/CESSAT<\/td>\n<\/tr>\n<tr>\n<td width=\"189\">Call Jord\u00e0, Antoni<\/td>\n<td width=\"189\"><\/td>\n<td width=\"189\"><\/td>\n<\/tr>\n<tr>\n<td width=\"189\">Canals Vives, Josep<\/td>\n<td width=\"189\">EMPRESONAT<\/td>\n<td width=\"189\">EXILIAT\/SEPARAT<\/td>\n<\/tr>\n<tr>\n<td width=\"189\">Catll\u00e0 Vendrell, Joan<\/td>\n<td width=\"189\"><\/td>\n<td width=\"189\">SEPARAT<\/td>\n<\/tr>\n<tr>\n<td width=\"189\">Dueso Fern\u00e1ndez, Joan<\/td>\n<td width=\"189\">EMPRESONAT<\/td>\n<td width=\"189\">EXILIAT\/CESSAT<\/td>\n<\/tr>\n<tr>\n<td width=\"189\">Espelt, Josep<\/td>\n<td width=\"189\"><\/td>\n<td width=\"189\"><\/td>\n<\/tr>\n<tr>\n<td width=\"189\">Graells Escol\u00e0, Josep<\/td>\n<td width=\"189\"><\/td>\n<td width=\"189\">EXILIAT\/CESSAT<\/td>\n<\/tr>\n<tr>\n<td width=\"189\">Homs Montserrat, Mari\u00e0<\/td>\n<td width=\"189\">EMPRESONAT<\/td>\n<td width=\"189\">SEPARAT<\/td>\n<\/tr>\n<tr>\n<td width=\"189\">Juvells Bisbal, Josep<\/td>\n<td width=\"189\"><\/td>\n<td width=\"189\">CESSAT<\/td>\n<\/tr>\n<tr>\n<td width=\"189\">Masana Casajuana, Rafel<\/td>\n<td width=\"189\"><\/td>\n<td width=\"189\"><\/td>\n<\/tr>\n<tr>\n<td width=\"189\">Masats T\u00e0pias, Joan<\/td>\n<td width=\"189\">EMPRESONAT<\/td>\n<td width=\"189\">SEPARAT<\/td>\n<\/tr>\n<tr>\n<td width=\"189\">Pal Visa, Josep<\/td>\n<td width=\"189\">EMPRESONAT<\/td>\n<td width=\"189\">EMPRESONAT<\/td>\n<\/tr>\n<tr>\n<td width=\"189\">Pallissa Garriga, Pere<\/td>\n<td width=\"189\">EMPRESONAT<\/td>\n<td width=\"189\">SEPARAT<\/td>\n<\/tr>\n<tr>\n<td width=\"189\">Planas Sall\u00e9s, Josep<\/td>\n<td width=\"189\">PROCESSAT<\/td>\n<td width=\"189\">EMPRESONAT\/SEPARAT<\/td>\n<\/tr>\n<tr>\n<td width=\"189\">Sall\u00e9s Serra, Antoni<\/td>\n<td width=\"189\"><\/td>\n<td width=\"189\">SEPARAT<\/td>\n<\/tr>\n<tr>\n<td width=\"189\">Selga Giralt, Josep<\/td>\n<td width=\"189\"><\/td>\n<td width=\"189\"><\/td>\n<\/tr>\n<tr>\n<td width=\"189\">Selvas Comallonga, Josep<\/td>\n<td width=\"189\">EMPRESONAT<\/td>\n<td width=\"189\">BATALL\u00d3 T.\/SEPARAT<\/td>\n<\/tr>\n<tr>\n<td width=\"189\">Valls Gass\u00f3, Jaume<\/td>\n<td width=\"189\">EMPRESONAT<\/td>\n<td width=\"189\">MORT AL FRONT<\/td>\n<\/tr>\n<tr>\n<td width=\"189\">Vilalta Grau, Pere<\/td>\n<td width=\"189\"><\/td>\n<td width=\"189\"><\/td>\n<\/tr>\n<\/tbody>\n<\/table>\n<p>Tamb\u00e9 van ser empresonats pels Fets d&#8217;Octubre Ramon, Sanz Ibarz, Josep Torra Pujol i Joaquim Amat-Piniella. No tenim const\u00e0ncia documental de la seva probable suspensi\u00f3 de sou i feina. Joaquim Amat-Piniella va ser reposat en el c\u00e0rrec de secretari especial de l&#8217;Alcaldia el 18 de febrer de 1936.<\/p>\n","protected":false},"excerpt":{"rendered":"<p>Com a conseq\u00fc\u00e8ncia del Fets d&#8217;Octubre de 1934 van ser suspesos de sou i feina des del 7 d&#8217;octubre de 1934 fins al 16 de febrer de 1936, 19 treballadors (tots ells seran indemnitzats en el pressupost de 1937). En el quadre podem veure si van ser empresonats com a conseq\u00fc\u00e8ncia dels Fets d&#8217;Octubre i [&hellip;]<\/p>\n","protected":false},"author":11,"featured_media":0,"parent":72107,"menu_order":0,"comment_status":"closed","ping_status":"closed","template":"","meta":{"footnotes":""},"class_list":["post-72114","page","type-page","status-publish","hentry"],"_links":{"self":[{"href":"https:\/\/www.memoria.cat\/depurats\/wp-json\/wp\/v2\/pages\/72114","targetHints":{"allow":["GET"]}}],"collection":[{"href":"https:\/\/www.memoria.cat\/depurats\/wp-json\/wp\/v2\/pages"}],"about":[{"href":"https:\/\/www.memoria.cat\/depurats\/wp-json\/wp\/v2\/types\/page"}],"author":[{"embeddable":true,"href":"https:\/\/www.memoria.cat\/depurats\/wp-json\/wp\/v2\/users\/11"}],"replies":[{"embeddable":true,"href":"https:\/\/www.memoria.cat\/depurats\/wp-json\/wp\/v2\/comments?post=72114"}],"version-history":[{"count":0,"href":"https:\/\/www.memoria.cat\/depurats\/wp-json\/wp\/v2\/pages\/72114\/revisions"}],"up":[{"embeddable":true,"href":"https:\/\/www.memoria.cat\/depurats\/wp-json\/wp\/v2\/pages\/72107"}],"wp:attachment":[{"href":"https:\/\/www.memoria.cat\/depurats\/wp-json\/wp\/v2\/media?parent=72114"}],"curies":[{"name":"wp","href":"https:\/\/api.w.org\/{rel}","templated":true}]}}