{"id":72110,"date":"2018-07-04T10:29:50","date_gmt":"2018-07-04T09:29:50","guid":{"rendered":"https:\/\/www.memoria.cat\/depurats\/?page_id=72110"},"modified":"2023-04-17T07:11:15","modified_gmt":"2023-04-17T06:11:15","slug":"funcionaris-sancionats-o-cessats-per-la-republica","status":"publish","type":"page","link":"https:\/\/www.memoria.cat\/depurats\/els-treballadors-que-van-patir-doble-depuracio\/funcionaris-sancionats-o-cessats-per-la-republica\/","title":{"rendered":"Treballadors cessats pels governs republicans"},"content":{"rendered":"<p>Durant el per\u00edode republic\u00e0 42 treballadors van ser sancionats, cessats o destitu\u00efts perqu\u00e8 se\u2019ls va considerar que eren persones de dretes.<\/p>\n<p>Despr\u00e9s de les eleccions municipals del gener de 1934 es va produir el cessament o la jubilaci\u00f3 obligat\u00f2ria de 7 treballadors. Aquest fet es va produir despr\u00e9s que tingu\u00e9s lloc una manifestaci\u00f3 i concentraci\u00f3 davant l\u2019ajuntament, de prop de 6000 persones segons el diari El Dia, les quals van fer lliurament d&#8217;una petici\u00f3 escrita a l&#8217;alcalde demanant la separaci\u00f3 de treballadors per ser contraris a la Rep\u00fablica. Si b\u00e9 en un primer moment l&#8217;alcalde Francesc Marcet, per evitar alteracions de l&#8217;ordre p\u00fablic, va fer cas de la petici\u00f3, uns dies m\u00e9s tard la va deixar, en la majoria dels casos, sense efecte i 3 treballadors que havien estat separats van ser readmesos el 1935.<\/p>\n<p>El febrer de 1936 i durant la guerra civil es van portar a terme noves destitucions. Acabada la guerra tots van ser admesos, un d&#8217;ells amb sanci\u00f3 i nom\u00e9s 1 va ser separat. Dels 42 treballadors separats o sancionats durant la Rep\u00fablica, 6 van ser v\u00edctimes mortals de la repressi\u00f3 republicana.<\/p>\n<p>&nbsp;<\/p>\n<p><strong>RELACI\u00d3 DE TREBALLADORS QUE VAN PATIR DEPURACI\u00d3 DURANT LA REP\u00daBLICA I LA GUERRA CIVIL I SITUACI\u00d3 ALS INICIS DEL FRANQUISME<\/strong><\/p>\n<table>\n<tbody>\n<tr>\n<td width=\"192\">NOM<\/td>\n<td width=\"223\">SITUACI\u00d3 DURANT LA REP\u00daBLICA I LA GUERRA CIVIL<\/td>\n<td width=\"142\">SITUACI\u00d3 ALS INICIS DEL FRANQUISME<\/td>\n<\/tr>\n<tr>\n<td width=\"192\">Aguilar Mas, Carles<\/td>\n<td width=\"223\">Destitu\u00eft el 1936<\/td>\n<td width=\"142\">Readm\u00e8s<\/td>\n<\/tr>\n<tr>\n<td width=\"192\">Alabern Vinyals, Isidre<\/td>\n<td width=\"223\">Destitu\u00eft el 1936 i mort v\u00edctima de la repressi\u00f3 republicana<\/td>\n<td width=\"142\"><\/td>\n<\/tr>\n<tr>\n<td width=\"192\">Alegre Fargas, Joan<\/td>\n<td width=\"223\">Destitu\u00eft el 1936<\/td>\n<td width=\"142\">Mort<\/td>\n<\/tr>\n<tr>\n<td width=\"192\">Almasque Calveras, Leandre<\/td>\n<td width=\"223\">Destitu\u00eft el 1936<\/td>\n<td width=\"142\">Readm\u00e8s<\/td>\n<\/tr>\n<tr>\n<td width=\"192\">Alv\u00e1rez Alguacil, Enric<\/td>\n<td width=\"223\">Destitu\u00eft el 1936<\/td>\n<td width=\"142\">Readm\u00e8s<\/td>\n<\/tr>\n<tr>\n<td width=\"192\">Baget Firmat, Ignasi<\/td>\n<td width=\"223\">Destitu\u00eft el 1936<\/td>\n<td width=\"142\">Readm\u00e8s<\/td>\n<\/tr>\n<tr>\n<td width=\"192\">Baget Firmat, Ricard<\/td>\n<td width=\"223\">Destitu\u00eft el 1936<\/td>\n<td width=\"142\">Readm\u00e8s<\/td>\n<\/tr>\n<tr>\n<td width=\"192\">Balil Ribalta, Ramon<\/td>\n<td width=\"223\">Destitu\u00eft el 1936<\/td>\n<td width=\"142\">Separat<\/td>\n<\/tr>\n<tr>\n<td width=\"192\">Blasi Escuder, Josep<\/td>\n<td width=\"223\">Destitu\u00eft el 1936<\/td>\n<td width=\"142\">Readm\u00e8s<\/td>\n<\/tr>\n<tr>\n<td width=\"192\">Bosch Adem\u00e0, Bernat<\/td>\n<td width=\"223\">Destitu\u00eft el 1936<\/td>\n<td width=\"142\">Readm\u00e8s<\/td>\n<\/tr>\n<tr>\n<td width=\"192\">Caldas Altimiras, Josep<\/td>\n<td width=\"223\"><\/td>\n<td width=\"142\">Sancionat<\/td>\n<\/tr>\n<tr>\n<td width=\"192\">Calveras Vigu\u00e9, Josep<\/td>\n<td width=\"223\">Cessat el gener de 1934, readm\u00e8s el 1935. Destitu\u00eft 1936<\/td>\n<td width=\"142\">Readm\u00e8s<\/td>\n<\/tr>\n<tr>\n<td width=\"192\">Carri\u00f3 Garc\u00eda, \u00c0ngel<\/td>\n<td width=\"223\"><\/td>\n<td width=\"142\">Readm\u00e8s<\/td>\n<\/tr>\n<tr>\n<td width=\"192\">Casanovas Gabernet, Manuel<\/td>\n<td width=\"223\">Destitu\u00eft el 1936<\/td>\n<td width=\"142\">Readm\u00e8s<\/td>\n<\/tr>\n<tr>\n<td width=\"192\">Castany Encuentra, Pascual<\/td>\n<td width=\"223\"><\/td>\n<td width=\"142\">Readm\u00e8s<\/td>\n<\/tr>\n<tr>\n<td width=\"192\">Colell Jounou, Jaume<\/td>\n<td width=\"223\">Cessat el 1938<\/td>\n<td width=\"142\">Readm\u00e8s<\/td>\n<\/tr>\n<tr>\n<td width=\"192\">Coll Vilaclara, Antoni<\/td>\n<td width=\"223\">Destitu\u00eft el 1936<\/td>\n<td width=\"142\">Readm\u00e8s<\/td>\n<\/tr>\n<tr>\n<td width=\"192\">Esparb\u00e9 Esteve, Paul\u00ed<\/td>\n<td width=\"223\">Destitu\u00eft el 1936<\/td>\n<td width=\"142\">Readm\u00e8s<\/td>\n<\/tr>\n<tr>\n<td width=\"192\">Figueras Brunet, Antoni<\/td>\n<td width=\"223\">Cessat el gener de 1934<\/td>\n<td width=\"142\"><\/td>\n<\/tr>\n<tr>\n<td width=\"192\">Firmat Serramalera, Josep<\/td>\n<td width=\"223\">Destitu\u00eft el 1936<\/td>\n<td width=\"142\">Readm\u00e8s<\/td>\n<\/tr>\n<tr>\n<td width=\"192\">Galobart Lucas, Josep<\/td>\n<td width=\"223\">Jubilat el gener de 1934 i mort v\u00edctima de la repressi\u00f3 republicana<\/td>\n<td width=\"142\"><\/td>\n<\/tr>\n<tr>\n<td width=\"192\">Garc\u00eda Garrido, Pere<\/td>\n<td width=\"223\">Jubilat el gener de 1934<\/td>\n<td width=\"142\">Jubilat<\/td>\n<\/tr>\n<tr>\n<td width=\"192\">Gasset Mart\u00ed, Josep<\/td>\n<td width=\"223\"><\/td>\n<td width=\"142\">Readm\u00e8s<\/td>\n<\/tr>\n<tr>\n<td width=\"192\">Gim\u00e9nez Rubiralta, Leandre<\/td>\n<td width=\"223\">Cessat el 1938<\/td>\n<td width=\"142\">Readm\u00e8s<\/td>\n<\/tr>\n<tr>\n<td width=\"192\">Homs Montserrat, Joan<\/td>\n<td width=\"223\">Destitu\u00eft el 1936<\/td>\n<td width=\"142\">Readm\u00e8s<\/td>\n<\/tr>\n<tr>\n<td width=\"192\">Miquel Vinyals, Isidre<\/td>\n<td width=\"223\">Destitu\u00eft el 1936<\/td>\n<td width=\"142\">Readm\u00e8s<\/td>\n<\/tr>\n<tr>\n<td width=\"192\">Muntada Testagorda, Mari\u00e0<\/td>\n<td width=\"223\">Cessat el gener de 1934, readm\u00e8s el 1935 i mort v\u00edctima de la repressi\u00f3 republicana<\/td>\n<td width=\"142\"><\/td>\n<\/tr>\n<tr>\n<td width=\"192\">Oliveras Marcet, Josep<\/td>\n<td width=\"223\">Destitu\u00eft el 1936<\/td>\n<td width=\"142\">Readm\u00e8s<\/td>\n<\/tr>\n<tr>\n<td width=\"192\">Oliveras Sala, Llu\u00eds<\/td>\n<td width=\"223\">Cessat el 1938<\/td>\n<td width=\"142\">Readm\u00e8s<\/td>\n<\/tr>\n<tr>\n<td width=\"192\">Pararols Bruns\u00f3, Baudili<\/td>\n<td width=\"223\">Cessat el 1938<\/td>\n<td width=\"142\">Readm\u00e8s<\/td>\n<\/tr>\n<tr>\n<td width=\"192\">Pastor Campoy, Llu\u00eds<\/td>\n<td width=\"223\">Destitu\u00eft el 1936<\/td>\n<td width=\"142\">Readm\u00e8s<\/td>\n<\/tr>\n<tr>\n<td width=\"192\">Planell Esteve, Josep<\/td>\n<td width=\"223\">Destitu\u00eft el 1936<\/td>\n<td width=\"142\">Readm\u00e8s<\/td>\n<\/tr>\n<tr>\n<td width=\"192\">Riba Miret, Miquel<\/td>\n<td width=\"223\">Destitu\u00eft el 1936<\/td>\n<td width=\"142\">Readm\u00e8s<\/td>\n<\/tr>\n<tr>\n<td width=\"192\">Sala Mitjans, Eudald<\/td>\n<td width=\"223\">Destitu\u00eft el 1936<\/td>\n<td width=\"142\">Readm\u00e8s<\/td>\n<\/tr>\n<tr>\n<td width=\"192\">Salvad\u00f3 Domingo, Enric<\/td>\n<td width=\"223\">Destitu\u00eft el 1936<\/td>\n<td width=\"142\">Readm\u00e8s<\/td>\n<\/tr>\n<tr>\n<td width=\"192\">Santamaria Clapers, Valent\u00ed<\/td>\n<td width=\"223\">Destitu\u00eft el 1936<\/td>\n<td width=\"142\">Readm\u00e8s<\/td>\n<\/tr>\n<tr>\n<td width=\"192\">Sitjes Pujals, Antoni<\/td>\n<td width=\"223\">Jubilat gener de 1934 i mort v\u00edctima de la repressi\u00f3 republicana<\/td>\n<td width=\"142\"><\/td>\n<\/tr>\n<tr>\n<td width=\"192\">Su\u00f1\u00e9 Farr\u00e9, Agust\u00ed<\/td>\n<td width=\"223\">Cessat el 1936<\/td>\n<td width=\"142\">Readm\u00e8s<\/td>\n<\/tr>\n<tr>\n<td width=\"192\">Tarrida Servitja, Joan<\/td>\n<td width=\"223\">Destitu\u00eft el 1936<\/td>\n<td width=\"142\"><\/td>\n<\/tr>\n<tr>\n<td width=\"192\">Torrella Terme, Llu\u00eds<\/td>\n<td width=\"223\">Destitu\u00eft el 1936<\/td>\n<td width=\"142\">Readm\u00e8s<\/td>\n<\/tr>\n<tr>\n<td width=\"192\">Trap\u00e9 Cornet, Ignasi<\/td>\n<td width=\"223\">Destitu\u00eft el 1936 i mort v\u00edctima de la repressi\u00f3 republicana<\/td>\n<td width=\"142\"><\/td>\n<\/tr>\n<tr>\n<td width=\"192\">Villena Hern\u00e1ndez, Francesc<\/td>\n<td width=\"223\">Cessat el gener de 1934, readm\u00e8s el 1935 i mort v\u00edctima de la repressi\u00f3 republicana<\/td>\n<td width=\"142\"><\/td>\n<\/tr>\n<\/tbody>\n<\/table>\n<p>&nbsp;<\/p>\n","protected":false},"excerpt":{"rendered":"<p>Durant el per\u00edode republic\u00e0 42 treballadors van ser sancionats, cessats o destitu\u00efts perqu\u00e8 se\u2019ls va considerar que eren persones de dretes. Despr\u00e9s de les eleccions municipals del gener de 1934 es va produir el cessament o la jubilaci\u00f3 obligat\u00f2ria de 7 treballadors. Aquest fet es va produir despr\u00e9s que tingu\u00e9s lloc una manifestaci\u00f3 i concentraci\u00f3 [&hellip;]<\/p>\n","protected":false},"author":11,"featured_media":0,"parent":72107,"menu_order":0,"comment_status":"closed","ping_status":"closed","template":"","meta":{"footnotes":""},"class_list":["post-72110","page","type-page","status-publish","hentry"],"_links":{"self":[{"href":"https:\/\/www.memoria.cat\/depurats\/wp-json\/wp\/v2\/pages\/72110","targetHints":{"allow":["GET"]}}],"collection":[{"href":"https:\/\/www.memoria.cat\/depurats\/wp-json\/wp\/v2\/pages"}],"about":[{"href":"https:\/\/www.memoria.cat\/depurats\/wp-json\/wp\/v2\/types\/page"}],"author":[{"embeddable":true,"href":"https:\/\/www.memoria.cat\/depurats\/wp-json\/wp\/v2\/users\/11"}],"replies":[{"embeddable":true,"href":"https:\/\/www.memoria.cat\/depurats\/wp-json\/wp\/v2\/comments?post=72110"}],"version-history":[{"count":0,"href":"https:\/\/www.memoria.cat\/depurats\/wp-json\/wp\/v2\/pages\/72110\/revisions"}],"up":[{"embeddable":true,"href":"https:\/\/www.memoria.cat\/depurats\/wp-json\/wp\/v2\/pages\/72107"}],"wp:attachment":[{"href":"https:\/\/www.memoria.cat\/depurats\/wp-json\/wp\/v2\/media?parent=72110"}],"curies":[{"name":"wp","href":"https:\/\/api.w.org\/{rel}","templated":true}]}}