{"id":71990,"date":"2018-02-20T16:26:55","date_gmt":"2018-02-20T15:26:55","guid":{"rendered":"https:\/\/www.memoria.cat\/depurats\/?page_id=71990"},"modified":"2022-11-15T16:47:31","modified_gmt":"2022-11-15T15:47:31","slug":"pagina-prova","status":"publish","type":"page","link":"https:\/\/www.memoria.cat\/depurats\/","title":{"rendered":"Portada"},"content":{"rendered":"<p>Aquest web cont\u00e9 \u00a0el <a href=\"https:\/\/www.memoria.cat\/depurats\/cens-de-depurats-de-lajuntament-de-manresa\/\">cens dels \u00a0m\u00e9s de 600 treballadors i treballadores<\/a> de l\u2019Ajuntament de Manresa que van perdre la feina els primers anys del franquisme i tamb\u00e9 el <a href=\"https:\/\/www.memoria.cat\/depurats\/cens-de-treballadors-admesos\/\">cens del personal readm\u00e8s<\/a>. \u00a0Tamb\u00e9 es poden consultar totes les persones de la plantilla municipal que van patir, a m\u00e9s de la depuraci\u00f3, la <a href=\"https:\/\/www.memoria.cat\/depurats\/cens-de-treballadors-que-van-patir-la-repressio-franquista\/\">repressi\u00f3 franquista:<\/a> execuci\u00f3, empresonament, exili.<\/p>\n<p>Tamb\u00e9 s\u2019hi explica <a href=\"https:\/\/www.memoria.cat\/depurats\/la-depuracio-municipal-a-nivell-general\/\">com es va portar a terme<\/a> el proc\u00e9s de depuraci\u00f3 en general, la seva finalitat i la legislaci\u00f3 que la va regular, i com es va realitzar <a href=\"https:\/\/www.memoria.cat\/depurats\/el-proces-de-depuracio-a-lajuntament-de-manresa\/\">la depuraci\u00f3 a l\u2019Ajuntament de Manresa<\/a>. Podeu consultar <a href=\"https:\/\/www.memoria.cat\/depurats\/les-xifres-de-la-depuracio-a-lajuntament-de-manresa\/\">les xifres de la depuraci\u00f3<\/a> a l\u2019Ajuntament i \u00a0la <a href=\"https:\/\/www.memoria.cat\/depurats\/les-biografies-del-personal-separat\/\">biografia de les 88 persones separades<\/a>, relacionada sobretot amb el proc\u00e9s de depuraci\u00f3 que van patir. Aix\u00ed mateix podeu con\u00e8ixer la <a href=\"https:\/\/www.memoria.cat\/depurats\/la-depuracio-del-personal-sanitari\/\">depuraci\u00f3 del personal sanitari<\/a> que treballava per al consistori i,\u00a0 tamb\u00e9, podeu consultar la relaci\u00f3 de funcionaris que van patir una <a href=\"https:\/\/www.memoria.cat\/depurats\/els-treballadors-que-van-patir-doble-depuracio\/\">doble depuraci\u00f3<\/a> durant la \u00a0Rep\u00fablica i durant el franquisme. Finalment, podeu consultar els <a href=\"https:\/\/www.memoria.cat\/depurats\/documents\/\">documents<\/a> m\u00e9s rellevants. En els apartats de documents del personal separat, dels treballadors cessats, dels admesos i del personal sanitari, trobareu llistes alfab\u00e8tiques del personal municipal del qual es mostren documents i tamb\u00e9 els enlla\u00e7os amb altres webs de memoria.cat.<\/p>\n<table>\n<tbody>\n<tr>\n<td width=\"566\">\n<h3><u>La depuraci\u00f3 de l\u2019Ajuntament de Manresa en xifres<\/u><\/h3>\n<p>87 TREBALLADORS \u00a0I 1 TREBALLADORA \u00a0S\u00d3N SEPARATS DE LA FEINA.<\/p>\n<p>63 TREBALLADORS I 6 TREBALLADORES S\u00d3N CESSATS PERQU\u00c8 ESTAN A LA PRES\u00d3 O A L\u2019EXILI.<\/p>\n<p>450 PERSONES PERDEN LA FEINA PERQU\u00c8 S\u00d3N EVENTUALS. EL 30% S\u00d3N DONES.<\/p>\n<h4>TOTAL:\u00a0\u00a0 607 depurats.<\/h4>\n<\/td>\n<\/tr>\n<\/tbody>\n<\/table>\n<p>&nbsp;<\/p>\n","protected":false},"excerpt":{"rendered":"<p>Aquest web cont\u00e9 \u00a0el cens dels \u00a0m\u00e9s de 600 treballadors i treballadores de l\u2019Ajuntament de Manresa que van perdre la feina els primers anys del franquisme i tamb\u00e9 el cens del personal readm\u00e8s. \u00a0Tamb\u00e9 es poden consultar totes les persones de la plantilla municipal que van patir, a m\u00e9s de la depuraci\u00f3, la repressi\u00f3 franquista: [&hellip;]<\/p>\n","protected":false},"author":1,"featured_media":0,"parent":0,"menu_order":0,"comment_status":"closed","ping_status":"closed","template":"","meta":{"iawp_total_views":15,"footnotes":""},"class_list":["post-71990","page","type-page","status-publish","hentry"],"_links":{"self":[{"href":"https:\/\/www.memoria.cat\/depurats\/wp-json\/wp\/v2\/pages\/71990","targetHints":{"allow":["GET"]}}],"collection":[{"href":"https:\/\/www.memoria.cat\/depurats\/wp-json\/wp\/v2\/pages"}],"about":[{"href":"https:\/\/www.memoria.cat\/depurats\/wp-json\/wp\/v2\/types\/page"}],"author":[{"embeddable":true,"href":"https:\/\/www.memoria.cat\/depurats\/wp-json\/wp\/v2\/users\/1"}],"replies":[{"embeddable":true,"href":"https:\/\/www.memoria.cat\/depurats\/wp-json\/wp\/v2\/comments?post=71990"}],"version-history":[{"count":0,"href":"https:\/\/www.memoria.cat\/depurats\/wp-json\/wp\/v2\/pages\/71990\/revisions"}],"wp:attachment":[{"href":"https:\/\/www.memoria.cat\/depurats\/wp-json\/wp\/v2\/media?parent=71990"}],"curies":[{"name":"wp","href":"https:\/\/api.w.org\/{rel}","templated":true}]}}