{"id":2904,"date":"2018-01-27T22:53:28","date_gmt":"2018-01-27T22:53:28","guid":{"rendered":"https:\/\/www.memoria.cat\/deportats\/?page_id=2904"},"modified":"2021-05-14T08:09:56","modified_gmt":"2021-05-14T08:09:56","slug":"acte-dhomenatge-rossend-felix-labara-angel-sanchez-centre-cultural-casino","status":"publish","type":"page","link":"https:\/\/www.memoria.cat\/deportats\/acte-dhomenatge-rossend-felix-labara-angel-sanchez-centre-cultural-casino\/","title":{"rendered":"Acte d&#8217;homenatge a Rossend i F\u00e8lix Labara i \u00c0ngel S\u00e0nchez al Casino (26\/1\/2018)"},"content":{"rendered":"<p>26\/01\/2018: Al Centre Cultural del Casino de Manresa va tenir lloc l&#8217;homenatge als deportats Rossend i F\u00e8lix Labara i \u00c0ngel S\u00e1nchez amb motiu de la col\u00b7locaci\u00f3 de les respectives stolperstein. L&#8217;acte va comptar amb la pres\u00e8ncia de les regidores de cultura i ensenyament de l&#8217;ajuntament de Manresa, dels alumnes dels instituts Pius Font i Quer i Llu\u00eds de Peguera que participen del Projecte Manresa-Mauthausen, dels familiars dels Labara i S\u00e0nchez, aix\u00ed com de membres de memoria.cat.<\/p>\n<p>(imatges de Mireia Arso)<\/p>\n<div id=\"jig1\" class=\"justified-image-grid jig-091b08f7df0809261f4a7da74ca89293 jig-preset-c2 jig-source-wp-gallery jig-rml-id-147\"><div class=\"jig-clearfix\"><\/div><noscript id=\"jig1-html\" class=\"justified-image-grid-html\" data-lazy-src=\"skiplazyload\" data-src=\"skipunveillazyload\"><ul><li><a href=\"https:\/\/www.memoria.cat\/deportats\/wp-content\/uploads\/sites\/209\/2018.01.26-cloenda-deportats-1a.jpg\"><img fetchpriority=\"high\" decoding=\"async\" src=\"https:\/\/www.memoria.cat\/deportats\/wp-content\/plugins\/justified-image-grid\/timthumb.php?src=https%3A%2F%2Fwww.memoria.cat%2Fdeportats%2Fwp-content%2Fuploads%2Fsites%2F209%2F2018.01.26-cloenda-deportats-1a.jpg&amp;h=230&amp;q=90&amp;f=.jpg\" alt=\"\" width=\"408\" height=\"230\" \/><\/a><\/li><li><a href=\"https:\/\/www.memoria.cat\/deportats\/wp-content\/uploads\/sites\/209\/2018.01.26-cloenda-deportats-4a.jpg\"><img decoding=\"async\" src=\"https:\/\/www.memoria.cat\/deportats\/wp-content\/plugins\/justified-image-grid\/timthumb.php?src=https%3A%2F%2Fwww.memoria.cat%2Fdeportats%2Fwp-content%2Fuploads%2Fsites%2F209%2F2018.01.26-cloenda-deportats-4a.jpg&amp;h=230&amp;q=90&amp;f=.jpg\" alt=\"\" width=\"408\" height=\"230\" \/><\/a><\/li><li><a href=\"https:\/\/www.memoria.cat\/deportats\/wp-content\/uploads\/sites\/209\/2018.01.26-cloenda-deportats-5a.jpg\"><img decoding=\"async\" src=\"https:\/\/www.memoria.cat\/deportats\/wp-content\/plugins\/justified-image-grid\/timthumb.php?src=https%3A%2F%2Fwww.memoria.cat%2Fdeportats%2Fwp-content%2Fuploads%2Fsites%2F209%2F2018.01.26-cloenda-deportats-5a.jpg&amp;h=230&amp;q=90&amp;f=.jpg\" alt=\"\" width=\"408\" height=\"230\" \/><\/a><\/li><li><a href=\"https:\/\/www.memoria.cat\/deportats\/wp-content\/uploads\/sites\/209\/2018.01.26-cloenda-deportats-9a.jpg\"><img loading=\"lazy\" decoding=\"async\" src=\"https:\/\/www.memoria.cat\/deportats\/wp-content\/plugins\/justified-image-grid\/timthumb.php?src=https%3A%2F%2Fwww.memoria.cat%2Fdeportats%2Fwp-content%2Fuploads%2Fsites%2F209%2F2018.01.26-cloenda-deportats-9a.jpg&amp;h=230&amp;q=90&amp;f=.jpg\" alt=\"\" width=\"408\" height=\"230\" \/><\/a><\/li><\/ul><\/noscript><\/div>\n<p>&nbsp;<\/p>\n<p>&nbsp;<\/p>\n","protected":false},"excerpt":{"rendered":"<p>26\/01\/2018: Al Centre Cultural del Casino de Manresa va tenir lloc l&#8217;homenatge als deportats Rossend i F\u00e8lix Labara i \u00c0ngel S\u00e1nchez amb motiu de la col\u00b7locaci\u00f3 de les respectives stolperstein. L&#8217;acte va comptar amb la pres\u00e8ncia de les regidores de cultura i ensenyament de l&#8217;ajuntament de Manresa, dels alumnes dels instituts Pius Font i Quer [&hellip;]<\/p>\n","protected":false},"author":84,"featured_media":0,"parent":0,"menu_order":0,"comment_status":"closed","ping_status":"closed","template":"","meta":{"iawp_total_views":0,"footnotes":""},"class_list":["post-2904","page","type-page","status-publish","hentry"],"_links":{"self":[{"href":"https:\/\/www.memoria.cat\/deportats\/wp-json\/wp\/v2\/pages\/2904","targetHints":{"allow":["GET"]}}],"collection":[{"href":"https:\/\/www.memoria.cat\/deportats\/wp-json\/wp\/v2\/pages"}],"about":[{"href":"https:\/\/www.memoria.cat\/deportats\/wp-json\/wp\/v2\/types\/page"}],"author":[{"embeddable":true,"href":"https:\/\/www.memoria.cat\/deportats\/wp-json\/wp\/v2\/users\/84"}],"replies":[{"embeddable":true,"href":"https:\/\/www.memoria.cat\/deportats\/wp-json\/wp\/v2\/comments?post=2904"}],"version-history":[{"count":0,"href":"https:\/\/www.memoria.cat\/deportats\/wp-json\/wp\/v2\/pages\/2904\/revisions"}],"wp:attachment":[{"href":"https:\/\/www.memoria.cat\/deportats\/wp-json\/wp\/v2\/media?parent=2904"}],"curies":[{"name":"wp","href":"https:\/\/api.w.org\/{rel}","templated":true}]}}