{"id":2394,"date":"2017-10-29T19:05:50","date_gmt":"2017-10-29T19:05:50","guid":{"rendered":"https:\/\/www.memoria.cat\/deportats\/?page_id=2394"},"modified":"2017-10-29T19:30:44","modified_gmt":"2017-10-29T19:30:44","slug":"installacio-duna-placa-amb-el-nom-de-tots-els-deportats","status":"publish","type":"page","link":"https:\/\/www.memoria.cat\/deportats\/installacio-duna-placa-amb-el-nom-de-tots-els-deportats\/","title":{"rendered":"Instal\u00b7laci\u00f3 d&#8217;una placa amb el nom de tots els deportats"},"content":{"rendered":"<p>25\/1\/2017: A la pla\u00e7a de Sant Dom\u00e8nec, al centre de Manresa, es va instal\u00b7lar una placa de record i homenatge als 29 deportats. Fou inaugurada per l\u2019alcalde de la ciutat, Sr. Valent\u00ed Junyent, i l\u2019escultor Gunter Demnig, amb la pres\u00e8ncia de familiars, mitjans de comunicaci\u00f3, representants d&#8217;entitats c\u00edviques, i un nombr\u00f3s p\u00fablic.<\/p>\n<p>La placa inclou el llistat amb els noms i circumst\u00e0ncies de tots els manresans deportats.<\/p>\n<div id=\"jig1\" class=\"justified-image-grid jig-bcc4f91d1342cfefa7a70b1f736d351a jig-preset-c2 jig-source-wp-gallery jig-rml-id-137\"><div class=\"jig-clearfix\"><\/div><noscript id=\"jig1-html\" class=\"justified-image-grid-html\" data-lazy-src=\"skiplazyload\" data-src=\"skipunveillazyload\"><ul><li><a href=\"https:\/\/www.memoria.cat\/deportats\/wp-content\/uploads\/sites\/209\/col-locacio-duna-placa-amb-tots-els-noms-01.jpg\"><img decoding=\"async\" src=\"https:\/\/www.memoria.cat\/deportats\/wp-content\/plugins\/justified-image-grid\/timthumb.php?src=https%3A%2F%2Fwww.memoria.cat%2Fdeportats%2Fwp-content%2Fuploads%2Fsites%2F209%2Fcol-locacio-duna-placa-amb-tots-els-noms-01.jpg&amp;h=230&amp;q=90&amp;f=.jpg\" alt=\"\" width=\"153\" height=\"230\" \/><\/a><\/li><li><a href=\"https:\/\/www.memoria.cat\/deportats\/wp-content\/uploads\/sites\/209\/col-locacio-duna-placa-amb-tots-els-noms-02.jpg\"><img decoding=\"async\" src=\"https:\/\/www.memoria.cat\/deportats\/wp-content\/plugins\/justified-image-grid\/timthumb.php?src=https%3A%2F%2Fwww.memoria.cat%2Fdeportats%2Fwp-content%2Fuploads%2Fsites%2F209%2Fcol-locacio-duna-placa-amb-tots-els-noms-02.jpg&amp;h=230&amp;q=90&amp;f=.jpg\" alt=\"\" width=\"153\" height=\"230\" \/><\/a><\/li><li><a href=\"https:\/\/www.memoria.cat\/deportats\/wp-content\/uploads\/sites\/209\/col-locacio-duna-placa-amb-tots-els-noms-03.jpg\"><img fetchpriority=\"high\" decoding=\"async\" src=\"https:\/\/www.memoria.cat\/deportats\/wp-content\/plugins\/justified-image-grid\/timthumb.php?src=https%3A%2F%2Fwww.memoria.cat%2Fdeportats%2Fwp-content%2Fuploads%2Fsites%2F209%2Fcol-locacio-duna-placa-amb-tots-els-noms-03.jpg&amp;h=230&amp;q=90&amp;f=.jpg\" alt=\"\" width=\"345\" height=\"230\" \/><\/a><\/li><li><a href=\"https:\/\/www.memoria.cat\/deportats\/wp-content\/uploads\/sites\/209\/col-locacio-duna-placa-amb-tots-els-noms-04.jpg\"><img loading=\"lazy\" decoding=\"async\" src=\"https:\/\/www.memoria.cat\/deportats\/wp-content\/plugins\/justified-image-grid\/timthumb.php?src=https%3A%2F%2Fwww.memoria.cat%2Fdeportats%2Fwp-content%2Fuploads%2Fsites%2F209%2Fcol-locacio-duna-placa-amb-tots-els-noms-04.jpg&amp;h=230&amp;q=90&amp;f=.jpg\" alt=\"\" width=\"345\" height=\"230\" \/><\/a><\/li><li><a href=\"https:\/\/www.memoria.cat\/deportats\/wp-content\/uploads\/sites\/209\/col-locacio-duna-placa-amb-tots-els-noms-05.jpg\"><img loading=\"lazy\" decoding=\"async\" src=\"https:\/\/www.memoria.cat\/deportats\/wp-content\/plugins\/justified-image-grid\/timthumb.php?src=https%3A%2F%2Fwww.memoria.cat%2Fdeportats%2Fwp-content%2Fuploads%2Fsites%2F209%2Fcol-locacio-duna-placa-amb-tots-els-noms-05.jpg&amp;h=230&amp;q=90&amp;f=.jpg\" alt=\"\" width=\"345\" height=\"230\" \/><\/a><\/li><li><a href=\"https:\/\/www.memoria.cat\/deportats\/wp-content\/uploads\/sites\/209\/col-locacio-duna-placa-amb-tots-els-noms-06.jpg\"><img loading=\"lazy\" decoding=\"async\" src=\"https:\/\/www.memoria.cat\/deportats\/wp-content\/plugins\/justified-image-grid\/timthumb.php?src=https%3A%2F%2Fwww.memoria.cat%2Fdeportats%2Fwp-content%2Fuploads%2Fsites%2F209%2Fcol-locacio-duna-placa-amb-tots-els-noms-06.jpg&amp;h=230&amp;q=90&amp;f=.jpg\" alt=\"\" width=\"153\" height=\"230\" \/><\/a><\/li><li><a href=\"https:\/\/www.memoria.cat\/deportats\/wp-content\/uploads\/sites\/209\/col-locacio-duna-placa-amb-tots-els-noms-07.jpg\"><img loading=\"lazy\" decoding=\"async\" src=\"https:\/\/www.memoria.cat\/deportats\/wp-content\/plugins\/justified-image-grid\/timthumb.php?src=https%3A%2F%2Fwww.memoria.cat%2Fdeportats%2Fwp-content%2Fuploads%2Fsites%2F209%2Fcol-locacio-duna-placa-amb-tots-els-noms-07.jpg&amp;h=230&amp;q=90&amp;f=.jpg\" alt=\"\" width=\"306\" height=\"230\" \/><\/a><\/li><li><a href=\"https:\/\/www.memoria.cat\/deportats\/wp-content\/uploads\/sites\/209\/col-locacio-duna-placa-amb-tots-els-noms-09.jpg\"><img loading=\"lazy\" decoding=\"async\" src=\"https:\/\/www.memoria.cat\/deportats\/wp-content\/plugins\/justified-image-grid\/timthumb.php?src=https%3A%2F%2Fwww.memoria.cat%2Fdeportats%2Fwp-content%2Fuploads%2Fsites%2F209%2Fcol-locacio-duna-placa-amb-tots-els-noms-09.jpg&amp;h=230&amp;q=90&amp;f=.jpg\" alt=\"\" width=\"306\" height=\"230\" \/><\/a><\/li><li><a href=\"https:\/\/www.memoria.cat\/deportats\/wp-content\/uploads\/sites\/209\/col-locacio-duna-placa-amb-tots-els-noms-08.jpg\"><img loading=\"lazy\" decoding=\"async\" src=\"https:\/\/www.memoria.cat\/deportats\/wp-content\/plugins\/justified-image-grid\/timthumb.php?src=https%3A%2F%2Fwww.memoria.cat%2Fdeportats%2Fwp-content%2Fuploads%2Fsites%2F209%2Fcol-locacio-duna-placa-amb-tots-els-noms-08.jpg&amp;h=230&amp;q=90&amp;f=.jpg\" alt=\"\" width=\"306\" height=\"230\" \/><\/a><\/li><li><a href=\"https:\/\/www.memoria.cat\/deportats\/wp-content\/uploads\/sites\/209\/col-locacio-duna-placa-amb-tots-els-noms-10.jpg\"><img loading=\"lazy\" decoding=\"async\" src=\"https:\/\/www.memoria.cat\/deportats\/wp-content\/plugins\/justified-image-grid\/timthumb.php?src=https%3A%2F%2Fwww.memoria.cat%2Fdeportats%2Fwp-content%2Fuploads%2Fsites%2F209%2Fcol-locacio-duna-placa-amb-tots-els-noms-10.jpg&amp;h=230&amp;q=90&amp;f=.jpg\" alt=\"\" width=\"306\" height=\"230\" \/><\/a><\/li><\/ul><\/noscript><\/div>\n<p>&nbsp;<\/p>\n","protected":false},"excerpt":{"rendered":"<p>25\/1\/2017: A la pla\u00e7a de Sant Dom\u00e8nec, al centre de Manresa, es va instal\u00b7lar una placa de record i homenatge als 29 deportats. Fou inaugurada per l\u2019alcalde de la ciutat, Sr. Valent\u00ed Junyent, i l\u2019escultor Gunter Demnig, amb la pres\u00e8ncia de familiars, mitjans de comunicaci\u00f3, representants d&#8217;entitats c\u00edviques, i un nombr\u00f3s p\u00fablic. La placa inclou [&hellip;]<\/p>\n","protected":false},"author":84,"featured_media":0,"parent":0,"menu_order":0,"comment_status":"closed","ping_status":"closed","template":"","meta":{"footnotes":""},"class_list":["post-2394","page","type-page","status-publish","hentry"],"_links":{"self":[{"href":"https:\/\/www.memoria.cat\/deportats\/wp-json\/wp\/v2\/pages\/2394","targetHints":{"allow":["GET"]}}],"collection":[{"href":"https:\/\/www.memoria.cat\/deportats\/wp-json\/wp\/v2\/pages"}],"about":[{"href":"https:\/\/www.memoria.cat\/deportats\/wp-json\/wp\/v2\/types\/page"}],"author":[{"embeddable":true,"href":"https:\/\/www.memoria.cat\/deportats\/wp-json\/wp\/v2\/users\/84"}],"replies":[{"embeddable":true,"href":"https:\/\/www.memoria.cat\/deportats\/wp-json\/wp\/v2\/comments?post=2394"}],"version-history":[{"count":0,"href":"https:\/\/www.memoria.cat\/deportats\/wp-json\/wp\/v2\/pages\/2394\/revisions"}],"wp:attachment":[{"href":"https:\/\/www.memoria.cat\/deportats\/wp-json\/wp\/v2\/media?parent=2394"}],"curies":[{"name":"wp","href":"https:\/\/api.w.org\/{rel}","templated":true}]}}