{"id":1598,"date":"2017-10-25T09:20:08","date_gmt":"2017-10-25T09:20:08","guid":{"rendered":"https:\/\/www.memoria.cat\/deportats\/enric-cunill-marfa\/"},"modified":"2017-12-25T12:35:02","modified_gmt":"2017-12-25T12:35:02","slug":"enric-cunill-marfa","status":"publish","type":"page","link":"https:\/\/www.memoria.cat\/deportats\/enric-cunill-marfa\/","title":{"rendered":"Enric Cunill Marfa\u0300"},"content":{"rendered":"<h2>Dades biogr\u00e0fiques<\/h2>\n<p>Enric Cunill \u00e9s l\u2019home d\u2019acci\u00f3 per excel\u00b7l\u00e8ncia. Havia nascut a Moi\u00e0 el 1913. En esclatar la guerra, feia cinc anys que vivia a Manresa, on treballava com a pe\u00f3 a la Pirelli. Militant de la UGT, havia patit la repressi\u00f3 posterior als fets d&#8217;octubre de 1934, essent processat i empresonat. Vivia al carrer de Carri\u00f3, 7, amb la seva esposa Ll\u00facia Molina (nascuda a M\u00farcia, per\u00f2 resident a Manresa des de feia 14 anys) i els seus fills Isabel, de gaireb\u00e9 tres anys, i Andreu, d&#8217;un.<\/p>\n<p>Cunill es va apuntar voluntari a la 1a Cent\u00faria Roja de Manresa, la columna de milicians de la ciutat i de la comarca, que va marxar a lluitar contra el feixistes al front nord d\u2019Osca.<\/p>\n<p>L\u2019any 1938 va passar les proves per integrar-se al Cos de Seguretat de Catalunya que va crear-se fusionant els diferents cossos de policia existents fins aleshores.<\/p>\n<p>Exiliat el febrer del 39, i estant als camps de refugiats, va optar per incorporar-se als Regiments de Marxa dels Voluntaris Estrangers de l\u2019ex\u00e8rcit franc\u00e8s per tal de combatre els alemanys. Amb la derrota francesa de maig-juny de 1940 fou capturat pels alemanys i internat a l&#8217;<em>Stalag<\/em> d&#8217;Estrasburg.<\/p>\n<p>Enric Cunill formar\u00e0 part del grup deportat el 13 de desembre de 1940, entre els quals hi havia els tamb\u00e9 manresans Bernat Toran, Jacint Carri\u00f3, Pere Par\u00e9s, Francesc Play\u00e0, Josep Pons i Maurici Ribas.<\/p>\n<p>El febrer de 1943 va ser objecte de les experimentacions m\u00e8diques amb subjectes humans dels doctors de les SS de Mauthausen. Li fou injectada la vacuna d&#8217;adsorbat TAB End\u00f2gena. Tanmateix, sobrevisqu\u00e9 a aquestes experimentacions i a tota l&#8217;etapa concentracion\u00e0ria, en part gr\u00e0cies al fet de treballar al servei de desinfecci\u00f3 i evitar el treball a la pedrera.<\/p>\n<p>Fidel al seu tarann\u00e0, va aconseguir robar i amagar un fusell a un soldat alemany i es va oferir per combatre els SS quan s\u2019acostessin els aliats. No va caldre, per\u00f2. Va poder viure l&#8217;alliberament per part de les tropes nord-americanes el 5 de maig de 1945.<\/p>\n<p>El seu ferm comprom\u00eds antifeixista no feia gens recomanable que torn\u00e9s a Catalunya. Va viure la resta de la seva vida exiliat a Marsella, on va aconseguir que es reunissin amb ell la seva dona i el fill petit. Va morir l\u2019any 1993.<\/p>\n<h2>Documents<\/h2>\n<div id=\"jig1\" class=\"justified-image-grid jig-5884d02606f85d9289e7747c2414ff51 jig-preset-c1 jig-source-wp-gallery jig-rml-id-48\"><div class=\"jig-clearfix\"><\/div><noscript id=\"jig1-html\" class=\"justified-image-grid-html\" data-lazy-src=\"skiplazyload\" data-src=\"skipunveillazyload\"><ul><li><a href=\"https:\/\/www.memoria.cat\/deportats\/wp-content\/uploads\/sites\/209\/Manresa-Mauthausen-Cunill-01.jpg\" title=\"Fitxa de presoner de Mauthausen, amb n\u00famero identificatiu, data d&#039;arribada i categoria (Spanier). Com a professi\u00f3 hi apareix &quot;fuster&quot;. (Font: ITS Bad Arolsen)\"><img decoding=\"async\" src=\"https:\/\/www.memoria.cat\/deportats\/wp-content\/plugins\/justified-image-grid\/timthumb.php?src=https%3A%2F%2Fwww.memoria.cat%2Fdeportats%2Fwp-content%2Fuploads%2Fsites%2F209%2FManresa-Mauthausen-Cunill-01.jpg&amp;h=230&amp;q=90&amp;f=.jpg\" alt=\"Fitxa de presoner de Mauthausen, amb n\u00famero identificatiu, data d&#039;arribada i categoria (Spanier). Com a professi\u00f3 hi apareix &quot;fuster&quot;. (Font: ITS Bad Arolsen)\" width=\"178\" height=\"230\" \/><\/a><p class=\"jig-HTMLdescription\">Fitxa de presoner de Mauthausen, amb n\u00famero identificatiu, data d'arribada i categoria (Spanier). Com a professi\u00f3 hi apareix \"fuster\". (Font: ITS Bad Arolsen)<\/p><\/li><li><a href=\"https:\/\/www.memoria.cat\/deportats\/wp-content\/uploads\/sites\/209\/Manresa-Mauthausen-Cunill-02.jpg\" title=\"Targeta-registre de les dosis administrades a Enric Cunill en l&#039;experimentaci\u00f3 sobre humans d&#039;una vacuna. Mauthausen, 1943. (Font: ITS Bad Arolsen)\"><img fetchpriority=\"high\" decoding=\"async\" src=\"https:\/\/www.memoria.cat\/deportats\/wp-content\/plugins\/justified-image-grid\/timthumb.php?src=https%3A%2F%2Fwww.memoria.cat%2Fdeportats%2Fwp-content%2Fuploads%2Fsites%2F209%2FManresa-Mauthausen-Cunill-02.jpg&amp;h=230&amp;q=90&amp;f=.jpg\" alt=\"Targeta-registre de les dosis administrades a Enric Cunill en l&#039;experimentaci\u00f3 sobre humans d&#039;una vacuna. Mauthausen, 1943. (Font: ITS Bad Arolsen)\" width=\"346\" height=\"230\" \/><\/a><p class=\"jig-HTMLdescription\">Targeta-registre de les dosis administrades a Enric Cunill en l'experimentaci\u00f3 sobre humans d'una vacuna. Mauthausen, 1943. (Font: ITS Bad Arolsen)<\/p><\/li><li><a href=\"https:\/\/www.memoria.cat\/deportats\/wp-content\/uploads\/sites\/209\/Manresa-Mauthausen-Cunill-03.jpg\" title=\"Targeta d&#039;exdeportat pol\u00edtic emesa per la Rep\u00fablica Francesa (Font: arxiu personal de Laurence Cunill)\"><img decoding=\"async\" src=\"https:\/\/www.memoria.cat\/deportats\/wp-content\/plugins\/justified-image-grid\/timthumb.php?src=https%3A%2F%2Fwww.memoria.cat%2Fdeportats%2Fwp-content%2Fuploads%2Fsites%2F209%2FManresa-Mauthausen-Cunill-03.jpg&amp;h=230&amp;q=90&amp;f=.jpg\" alt=\"Targeta d&#039;exdeportat pol\u00edtic emesa per la Rep\u00fablica Francesa (Font: arxiu personal de Laurence Cunill)\" width=\"325\" height=\"230\" \/><\/a><p class=\"jig-HTMLdescription\">Targeta d'exdeportat pol\u00edtic emesa per la Rep\u00fablica Francesa (Font: arxiu personal de Laurence Cunill)<\/p><\/li><\/ul><\/noscript><\/div>\n<h2>Col\u00b7locaci\u00f3 de l&#8217;stolperstein (Carrer de Carri\u00f3 11)<\/h2>\n<div id=\"jig2\" class=\"justified-image-grid jig-82e812d00f30399a61cf3cf3c6d8c2d8 jig-preset-c2 jig-source-wp-gallery jig-rml-id-49\"><div class=\"jig-clearfix\"><\/div><noscript id=\"jig2-html\" class=\"justified-image-grid-html\" data-lazy-src=\"skiplazyload\" data-src=\"skipunveillazyload\"><ul><li><a href=\"https:\/\/www.memoria.cat\/deportats\/wp-content\/uploads\/sites\/209\/Stolperstein-Enric-Cunill-01.jpg\"><img loading=\"lazy\" decoding=\"async\" src=\"https:\/\/www.memoria.cat\/deportats\/wp-content\/plugins\/justified-image-grid\/timthumb.php?src=https%3A%2F%2Fwww.memoria.cat%2Fdeportats%2Fwp-content%2Fuploads%2Fsites%2F209%2FStolperstein-Enric-Cunill-01.jpg&amp;h=230&amp;q=90&amp;f=.jpg\" alt=\"\" width=\"345\" height=\"230\" \/><\/a><\/li><li><a href=\"https:\/\/www.memoria.cat\/deportats\/wp-content\/uploads\/sites\/209\/Stolperstein-Enric-Cunill-02.jpg\"><img loading=\"lazy\" decoding=\"async\" src=\"https:\/\/www.memoria.cat\/deportats\/wp-content\/plugins\/justified-image-grid\/timthumb.php?src=https%3A%2F%2Fwww.memoria.cat%2Fdeportats%2Fwp-content%2Fuploads%2Fsites%2F209%2FStolperstein-Enric-Cunill-02.jpg&amp;h=230&amp;q=90&amp;f=.jpg\" alt=\"\" width=\"153\" height=\"230\" \/><\/a><\/li><li><a href=\"https:\/\/www.memoria.cat\/deportats\/wp-content\/uploads\/sites\/209\/Stolperstein-Enric-Cunill-11.jpg\"><img loading=\"lazy\" decoding=\"async\" src=\"https:\/\/www.memoria.cat\/deportats\/wp-content\/plugins\/justified-image-grid\/timthumb.php?src=https%3A%2F%2Fwww.memoria.cat%2Fdeportats%2Fwp-content%2Fuploads%2Fsites%2F209%2FStolperstein-Enric-Cunill-11.jpg&amp;h=230&amp;q=90&amp;f=.jpg\" alt=\"\" width=\"129\" height=\"230\" \/><\/a><\/li><li><a href=\"https:\/\/www.memoria.cat\/deportats\/wp-content\/uploads\/sites\/209\/Stolperstein-Enric-Cunill-10.jpg\"><img loading=\"lazy\" decoding=\"async\" src=\"https:\/\/www.memoria.cat\/deportats\/wp-content\/plugins\/justified-image-grid\/timthumb.php?src=https%3A%2F%2Fwww.memoria.cat%2Fdeportats%2Fwp-content%2Fuploads%2Fsites%2F209%2FStolperstein-Enric-Cunill-10.jpg&amp;h=230&amp;q=90&amp;f=.jpg\" alt=\"\" width=\"129\" height=\"230\" \/><\/a><\/li><li><a href=\"https:\/\/www.memoria.cat\/deportats\/wp-content\/uploads\/sites\/209\/Stolperstein-Enric-Cunill-05.jpg\"><img loading=\"lazy\" decoding=\"async\" src=\"https:\/\/www.memoria.cat\/deportats\/wp-content\/plugins\/justified-image-grid\/timthumb.php?src=https%3A%2F%2Fwww.memoria.cat%2Fdeportats%2Fwp-content%2Fuploads%2Fsites%2F209%2FStolperstein-Enric-Cunill-05.jpg&amp;h=230&amp;q=90&amp;f=.jpg\" alt=\"\" width=\"153\" height=\"230\" \/><\/a><\/li><li><a href=\"https:\/\/www.memoria.cat\/deportats\/wp-content\/uploads\/sites\/209\/Stolperstein-Enric-Cunill-06.jpg\"><img loading=\"lazy\" decoding=\"async\" src=\"https:\/\/www.memoria.cat\/deportats\/wp-content\/plugins\/justified-image-grid\/timthumb.php?src=https%3A%2F%2Fwww.memoria.cat%2Fdeportats%2Fwp-content%2Fuploads%2Fsites%2F209%2FStolperstein-Enric-Cunill-06.jpg&amp;h=230&amp;q=90&amp;f=.jpg\" alt=\"\" width=\"153\" height=\"230\" \/><\/a><\/li><li><a href=\"https:\/\/www.memoria.cat\/deportats\/wp-content\/uploads\/sites\/209\/Stolperstein-Enric-Cunill-07.jpg\"><img loading=\"lazy\" decoding=\"async\" src=\"https:\/\/www.memoria.cat\/deportats\/wp-content\/plugins\/justified-image-grid\/timthumb.php?src=https%3A%2F%2Fwww.memoria.cat%2Fdeportats%2Fwp-content%2Fuploads%2Fsites%2F209%2FStolperstein-Enric-Cunill-07.jpg&amp;h=230&amp;q=90&amp;f=.jpg\" alt=\"\" width=\"345\" height=\"230\" \/><\/a><\/li><li><a href=\"https:\/\/www.memoria.cat\/deportats\/wp-content\/uploads\/sites\/209\/Stolperstein-Enric-Cunill-03.jpg\"><img loading=\"lazy\" decoding=\"async\" src=\"https:\/\/www.memoria.cat\/deportats\/wp-content\/plugins\/justified-image-grid\/timthumb.php?src=https%3A%2F%2Fwww.memoria.cat%2Fdeportats%2Fwp-content%2Fuploads%2Fsites%2F209%2FStolperstein-Enric-Cunill-03.jpg&amp;h=230&amp;q=90&amp;f=.jpg\" alt=\"\" width=\"153\" height=\"230\" \/><\/a><\/li><li><a href=\"https:\/\/www.memoria.cat\/deportats\/wp-content\/uploads\/sites\/209\/Stolperstein-Enric-Cunill-04.jpg\"><img loading=\"lazy\" decoding=\"async\" src=\"https:\/\/www.memoria.cat\/deportats\/wp-content\/plugins\/justified-image-grid\/timthumb.php?src=https%3A%2F%2Fwww.memoria.cat%2Fdeportats%2Fwp-content%2Fuploads%2Fsites%2F209%2FStolperstein-Enric-Cunill-04.jpg&amp;h=230&amp;q=90&amp;f=.jpg\" alt=\"\" width=\"345\" height=\"230\" \/><\/a><\/li><li><a href=\"https:\/\/www.memoria.cat\/deportats\/wp-content\/uploads\/sites\/209\/Stolperstein-Enric-Cunill-12.jpg\"><img loading=\"lazy\" decoding=\"async\" src=\"https:\/\/www.memoria.cat\/deportats\/wp-content\/plugins\/justified-image-grid\/timthumb.php?src=https%3A%2F%2Fwww.memoria.cat%2Fdeportats%2Fwp-content%2Fuploads%2Fsites%2F209%2FStolperstein-Enric-Cunill-12.jpg&amp;h=230&amp;q=90&amp;f=.jpg\" alt=\"\" width=\"306\" height=\"230\" \/><\/a><\/li><li><a href=\"https:\/\/www.memoria.cat\/deportats\/wp-content\/uploads\/sites\/209\/Stolperstein-Enric-Cunill-08.jpg\"><img loading=\"lazy\" decoding=\"async\" src=\"https:\/\/www.memoria.cat\/deportats\/wp-content\/plugins\/justified-image-grid\/timthumb.php?src=https%3A%2F%2Fwww.memoria.cat%2Fdeportats%2Fwp-content%2Fuploads%2Fsites%2F209%2FStolperstein-Enric-Cunill-08.jpg&amp;h=230&amp;q=90&amp;f=.jpg\" alt=\"\" width=\"345\" height=\"230\" \/><\/a><\/li><li><a href=\"https:\/\/www.memoria.cat\/deportats\/wp-content\/uploads\/sites\/209\/Stolperstein-Enric-Cunill-09.jpg\"><img loading=\"lazy\" decoding=\"async\" src=\"https:\/\/www.memoria.cat\/deportats\/wp-content\/plugins\/justified-image-grid\/timthumb.php?src=https%3A%2F%2Fwww.memoria.cat%2Fdeportats%2Fwp-content%2Fuploads%2Fsites%2F209%2FStolperstein-Enric-Cunill-09.jpg&amp;h=230&amp;q=90&amp;f=.jpg\" alt=\"\" width=\"345\" height=\"230\" \/><\/a><\/li><\/ul><\/noscript><\/div>\n","protected":false},"excerpt":{"rendered":"<p>Dades biogr\u00e0fiques Enric Cunill \u00e9s l\u2019home d\u2019acci\u00f3 per excel\u00b7l\u00e8ncia. Havia nascut a Moi\u00e0 el 1913. En esclatar la guerra, feia cinc anys que vivia a Manresa, on treballava com a pe\u00f3 a la Pirelli. Militant de la UGT, havia patit la repressi\u00f3 posterior als fets d&#8217;octubre de 1934, essent processat i empresonat. Vivia al carrer [&hellip;]<\/p>\n","protected":false},"author":87,"featured_media":0,"parent":0,"menu_order":0,"comment_status":"closed","ping_status":"closed","template":"","meta":{"iawp_total_views":89,"footnotes":""},"class_list":["post-1598","page","type-page","status-publish","hentry"],"_links":{"self":[{"href":"https:\/\/www.memoria.cat\/deportats\/wp-json\/wp\/v2\/pages\/1598","targetHints":{"allow":["GET"]}}],"collection":[{"href":"https:\/\/www.memoria.cat\/deportats\/wp-json\/wp\/v2\/pages"}],"about":[{"href":"https:\/\/www.memoria.cat\/deportats\/wp-json\/wp\/v2\/types\/page"}],"author":[{"embeddable":true,"href":"https:\/\/www.memoria.cat\/deportats\/wp-json\/wp\/v2\/users\/87"}],"replies":[{"embeddable":true,"href":"https:\/\/www.memoria.cat\/deportats\/wp-json\/wp\/v2\/comments?post=1598"}],"version-history":[{"count":0,"href":"https:\/\/www.memoria.cat\/deportats\/wp-json\/wp\/v2\/pages\/1598\/revisions"}],"wp:attachment":[{"href":"https:\/\/www.memoria.cat\/deportats\/wp-json\/wp\/v2\/media?parent=1598"}],"curies":[{"name":"wp","href":"https:\/\/api.w.org\/{rel}","templated":true}]}}