{"id":1595,"date":"2017-10-25T09:20:06","date_gmt":"2017-10-25T09:20:06","guid":{"rendered":"https:\/\/www.memoria.cat\/deportats\/agapit-colom-armengol\/"},"modified":"2017-10-29T18:42:02","modified_gmt":"2017-10-29T18:42:02","slug":"agapit-colom-armengol","status":"publish","type":"page","link":"https:\/\/www.memoria.cat\/deportats\/agapit-colom-armengol\/","title":{"rendered":"Agapit Colom Armengol"},"content":{"rendered":"<h2>Dades biogr\u00e0fiques<\/h2>\n<p>Agapit Colom il\u00b7lustra molt b\u00e9 el plantejament que el sistema concentracionari nazi va fer dels presoners: emprar-los com a m\u00e0 d\u2019obra exhaurible, eliminable, sota unes condicions de fam i de treballs for\u00e7ats que els feien durar una mitjana de nou mesos.<\/p>\n<p>Agapit Colom Armengol havia nascut el 1893 al poble de Llu\u00e7ars, avui integrat al de Vilanova de Mei\u00e0, a la comarca de la Noguera. Fou el primer dels tres fills d&#8217;aquesta fam\u00edlia pagesa, que va emigrar uns anys a Am\u00e8rica. Despr\u00e9s de tornar a Catalunya, ell i la seva germana Rosalia es van instal\u00b7lar a Manresa, on va seguir fent de pag\u00e8s.<\/p>\n<p>Durant la guerra civil, Agapit Colom no va anar al front, perqu\u00e8 ja passava dels 40 anys, l\u2019edat m\u00e0xima de mobilitzaci\u00f3, per\u00f2 estava comprom\u00e8s pol\u00edticament i va t\u00e9mer la repressi\u00f3 franquista en entrar els feixistes. Per aix\u00f2, el febrer del 1939 es va exiliar a Fran\u00e7a, on probablement fou recl\u00f2s en algun dels camps de refugiats i despr\u00e9s incorporat a una Companyia de Treballadors Estrangers (CTE). Despr\u00e9s de la invasi\u00f3 alemanya de Fran\u00e7a, va anar a parar al camp de presoners de guerra de Ziegenhain (<em>stalag<\/em> IX-A), a prop de Kassel, al centre d&#8217;Alemanya.<\/p>\n<p>El dia 13 d\u2019agost de 1940 va ser deportat a Mauthausen dins d\u2019un grup de 91 republicans. El 24 de gener de 1941 fou traslladat a Gusen en aquell primer contingent de republicans on anaven tamb\u00e9 Pere Barrull i Joan Serarols. Hi mor\u00ed el 2 de juny d&#8217;aquell any, als 47 anys d&#8217;edat. Havia resistit 9 mesos a la brutalitat nazi.<\/p>\n<h2>Fotografies<\/h2>\n<div id=\"jig1\" class=\"justified-image-grid jig-6da9dc5b48779e61d35ecfee3cac7fd2 jig-preset-c1 jig-source-wp-gallery jig-rml-id-27\"><div class=\"jig-clearfix\"><\/div><noscript id=\"jig1-html\" class=\"justified-image-grid-html\" data-lazy-src=\"skiplazyload\" data-src=\"skipunveillazyload\"><ul><li><a href=\"https:\/\/www.memoria.cat\/deportats\/wp-content\/uploads\/sites\/209\/Manresa-Mauthausen-Colom-foto01.jpg\" title=\"Agapit Colom Armengol\"><img decoding=\"async\" src=\"https:\/\/www.memoria.cat\/deportats\/wp-content\/plugins\/justified-image-grid\/timthumb.php?src=https%3A%2F%2Fwww.memoria.cat%2Fdeportats%2Fwp-content%2Fuploads%2Fsites%2F209%2FManresa-Mauthausen-Colom-foto01.jpg&amp;h=230&amp;q=90&amp;f=.jpg\" alt=\"Agapit Colom Armengol\" width=\"148\" height=\"230\" \/><\/a><p class=\"jig-HTMLdescription\">Agapit Colom Armengol<\/p><\/li><\/ul><\/noscript><\/div>\n<h2>Documents<\/h2>\n<div id=\"jig2\" class=\"justified-image-grid jig-322daccac629c5484f21d1b3ed18ace0 jig-preset-c1 jig-source-wp-gallery jig-rml-id-28\"><div class=\"jig-clearfix\"><\/div><noscript id=\"jig2-html\" class=\"justified-image-grid-html\" data-lazy-src=\"skiplazyload\" data-src=\"skipunveillazyload\"><ul><li><a href=\"https:\/\/www.memoria.cat\/deportats\/wp-content\/uploads\/sites\/209\/Manresa-Mauthausen-Colom-01.jpg\" title=\"Acta de defunci\u00f3 d&#039;Agapit Colom feta a Mauthausen. (Font: ITS Bad Arolsen)\"><img decoding=\"async\" src=\"https:\/\/www.memoria.cat\/deportats\/wp-content\/plugins\/justified-image-grid\/timthumb.php?src=https%3A%2F%2Fwww.memoria.cat%2Fdeportats%2Fwp-content%2Fuploads%2Fsites%2F209%2FManresa-Mauthausen-Colom-01.jpg&amp;h=230&amp;q=90&amp;f=.jpg\" alt=\"Acta de defunci\u00f3 d&#039;Agapit Colom feta a Mauthausen. (Font: ITS Bad Arolsen)\" width=\"161\" height=\"230\" \/><\/a><p class=\"jig-HTMLdescription\">Acta de defunci\u00f3 d'Agapit Colom feta a Mauthausen. (Font: ITS Bad Arolsen)<\/p><\/li><li><a href=\"https:\/\/www.memoria.cat\/deportats\/wp-content\/uploads\/sites\/209\/Manresa-Mauthausen-Colom-02.jpg\" title=\"Acta de defunci\u00f3 d&#039;Agapit Colom feta a Mauthausen. (Font: ITS Bad Arolsen)\"><img decoding=\"async\" src=\"https:\/\/www.memoria.cat\/deportats\/wp-content\/plugins\/justified-image-grid\/timthumb.php?src=https%3A%2F%2Fwww.memoria.cat%2Fdeportats%2Fwp-content%2Fuploads%2Fsites%2F209%2FManresa-Mauthausen-Colom-02.jpg&amp;h=230&amp;q=90&amp;f=.jpg\" alt=\"Acta de defunci\u00f3 d&#039;Agapit Colom feta a Mauthausen. (Font: ITS Bad Arolsen)\" width=\"161\" height=\"230\" \/><\/a><p class=\"jig-HTMLdescription\">Acta de defunci\u00f3 d'Agapit Colom feta a Mauthausen. (Font: ITS Bad Arolsen)<\/p><\/li><\/ul><\/noscript><\/div>\n<h2>Col\u00b7locaci\u00f3 l&#8217;stolperstein (Carrer Major del Poble Nou 5)<\/h2>\n<div id=\"jig3\" class=\"justified-image-grid jig-dab61566de5d07aea3bea5bbc116d0e5 jig-preset-c2 jig-source-wp-gallery jig-rml-id-29\"><div class=\"jig-clearfix\"><\/div><noscript id=\"jig3-html\" class=\"justified-image-grid-html\" data-lazy-src=\"skiplazyload\" data-src=\"skipunveillazyload\"><ul><li><a href=\"https:\/\/www.memoria.cat\/deportats\/wp-content\/uploads\/sites\/209\/Stolperstein-Agapit-Colom-03.jpg\"><img loading=\"lazy\" decoding=\"async\" src=\"https:\/\/www.memoria.cat\/deportats\/wp-content\/plugins\/justified-image-grid\/timthumb.php?src=https%3A%2F%2Fwww.memoria.cat%2Fdeportats%2Fwp-content%2Fuploads%2Fsites%2F209%2FStolperstein-Agapit-Colom-03.jpg&amp;h=230&amp;q=90&amp;f=.jpg\" alt=\"\" width=\"345\" height=\"230\" \/><\/a><\/li><li><a href=\"https:\/\/www.memoria.cat\/deportats\/wp-content\/uploads\/sites\/209\/Stolperstein-Agapit-Colom-01.jpg\"><img loading=\"lazy\" decoding=\"async\" src=\"https:\/\/www.memoria.cat\/deportats\/wp-content\/plugins\/justified-image-grid\/timthumb.php?src=https%3A%2F%2Fwww.memoria.cat%2Fdeportats%2Fwp-content%2Fuploads%2Fsites%2F209%2FStolperstein-Agapit-Colom-01.jpg&amp;h=230&amp;q=90&amp;f=.jpg\" alt=\"\" width=\"153\" height=\"230\" \/><\/a><\/li><li><a href=\"https:\/\/www.memoria.cat\/deportats\/wp-content\/uploads\/sites\/209\/Stolperstein-Agapit-Colom-02.jpg\"><img loading=\"lazy\" decoding=\"async\" src=\"https:\/\/www.memoria.cat\/deportats\/wp-content\/plugins\/justified-image-grid\/timthumb.php?src=https%3A%2F%2Fwww.memoria.cat%2Fdeportats%2Fwp-content%2Fuploads%2Fsites%2F209%2FStolperstein-Agapit-Colom-02.jpg&amp;h=230&amp;q=90&amp;f=.jpg\" alt=\"\" width=\"153\" height=\"230\" \/><\/a><\/li><li><a href=\"https:\/\/www.memoria.cat\/deportats\/wp-content\/uploads\/sites\/209\/Stolperstein-Agapit-Colom-06.jpg\"><img loading=\"lazy\" decoding=\"async\" src=\"https:\/\/www.memoria.cat\/deportats\/wp-content\/plugins\/justified-image-grid\/timthumb.php?src=https%3A%2F%2Fwww.memoria.cat%2Fdeportats%2Fwp-content%2Fuploads%2Fsites%2F209%2FStolperstein-Agapit-Colom-06.jpg&amp;h=230&amp;q=90&amp;f=.jpg\" alt=\"\" width=\"345\" height=\"230\" \/><\/a><\/li><li><a href=\"https:\/\/www.memoria.cat\/deportats\/wp-content\/uploads\/sites\/209\/Stolperstein-Agapit-Colom-05.jpg\"><img loading=\"lazy\" decoding=\"async\" src=\"https:\/\/www.memoria.cat\/deportats\/wp-content\/plugins\/justified-image-grid\/timthumb.php?src=https%3A%2F%2Fwww.memoria.cat%2Fdeportats%2Fwp-content%2Fuploads%2Fsites%2F209%2FStolperstein-Agapit-Colom-05.jpg&amp;h=230&amp;q=90&amp;f=.jpg\" alt=\"\" width=\"345\" height=\"230\" \/><\/a><\/li><li><a href=\"https:\/\/www.memoria.cat\/deportats\/wp-content\/uploads\/sites\/209\/Stolperstein-Agapit-Colom-07.jpg\"><img loading=\"lazy\" decoding=\"async\" src=\"https:\/\/www.memoria.cat\/deportats\/wp-content\/plugins\/justified-image-grid\/timthumb.php?src=https%3A%2F%2Fwww.memoria.cat%2Fdeportats%2Fwp-content%2Fuploads%2Fsites%2F209%2FStolperstein-Agapit-Colom-07.jpg&amp;h=230&amp;q=90&amp;f=.jpg\" alt=\"\" width=\"345\" height=\"230\" \/><\/a><\/li><li><a href=\"https:\/\/www.memoria.cat\/deportats\/wp-content\/uploads\/sites\/209\/Stolperstein-Agapit-Colom-04.jpg\"><img loading=\"lazy\" decoding=\"async\" src=\"https:\/\/www.memoria.cat\/deportats\/wp-content\/plugins\/justified-image-grid\/timthumb.php?src=https%3A%2F%2Fwww.memoria.cat%2Fdeportats%2Fwp-content%2Fuploads%2Fsites%2F209%2FStolperstein-Agapit-Colom-04.jpg&amp;h=230&amp;q=90&amp;f=.jpg\" alt=\"\" width=\"153\" height=\"230\" \/><\/a><\/li><\/ul><\/noscript><\/div>\n","protected":false},"excerpt":{"rendered":"<p>Dades biogr\u00e0fiques Agapit Colom il\u00b7lustra molt b\u00e9 el plantejament que el sistema concentracionari nazi va fer dels presoners: emprar-los com a m\u00e0 d\u2019obra exhaurible, eliminable, sota unes condicions de fam i de treballs for\u00e7ats que els feien durar una mitjana de nou mesos. Agapit Colom Armengol havia nascut el 1893 al poble de Llu\u00e7ars, avui [&hellip;]<\/p>\n","protected":false},"author":87,"featured_media":0,"parent":0,"menu_order":0,"comment_status":"closed","ping_status":"closed","template":"","meta":{"iawp_total_views":46,"footnotes":""},"class_list":["post-1595","page","type-page","status-publish","hentry"],"_links":{"self":[{"href":"https:\/\/www.memoria.cat\/deportats\/wp-json\/wp\/v2\/pages\/1595","targetHints":{"allow":["GET"]}}],"collection":[{"href":"https:\/\/www.memoria.cat\/deportats\/wp-json\/wp\/v2\/pages"}],"about":[{"href":"https:\/\/www.memoria.cat\/deportats\/wp-json\/wp\/v2\/types\/page"}],"author":[{"embeddable":true,"href":"https:\/\/www.memoria.cat\/deportats\/wp-json\/wp\/v2\/users\/87"}],"replies":[{"embeddable":true,"href":"https:\/\/www.memoria.cat\/deportats\/wp-json\/wp\/v2\/comments?post=1595"}],"version-history":[{"count":0,"href":"https:\/\/www.memoria.cat\/deportats\/wp-json\/wp\/v2\/pages\/1595\/revisions"}],"wp:attachment":[{"href":"https:\/\/www.memoria.cat\/deportats\/wp-json\/wp\/v2\/media?parent=1595"}],"curies":[{"name":"wp","href":"https:\/\/api.w.org\/{rel}","templated":true}]}}