{"id":1553,"date":"2017-10-24T15:36:19","date_gmt":"2017-10-24T15:36:19","guid":{"rendered":"https:\/\/www.memoria.cat\/deportats\/?page_id=1553"},"modified":"2021-05-14T07:42:53","modified_gmt":"2021-05-14T07:42:53","slug":"portada","status":"publish","type":"page","link":"https:\/\/www.memoria.cat\/deportats\/","title":{"rendered":"Portada"},"content":{"rendered":"<p>Aquest web ofereix informaci\u00f3 rellevant sobre <a href=\"https:\/\/www.memoria.cat\/deportats\/relacio-de-tots-els-deportats\/\">els 35 manresans identificats que van ser deportats als camps nazis<\/a>, dels quals 19 hi van perdre la vida. Reuneix documentaci\u00f3 localitzada en arxius de la Creu Roja internacional, dels camps de concentraci\u00f3 nazis, de Fran\u00e7a i de Catalunya i fotografies i cartes enviades pels deportats a les seves fam\u00edlies.<\/p>\n<p>Els deportats s\u00f3n el s\u00edmbol m\u00e0xim de la repressi\u00f3 del feixisme espanyol i europeu sobre els republicans espanyols. La gran majoria foren joves que, despr\u00e9s de lluitar i sobreviure als horrors de la guerra civil, van patir la derrota i l\u2019exili als camps de refugiats del Rossell\u00f3. Amb l\u2019esclat de la Segona Guerra Mundial van ser incorporats a l\u2019ex\u00e8rcit franc\u00e8s, la majoria en batallons de treballadors . All\u00e0 van ser capturats per l\u2019ex\u00e8rcit alemany i, gr\u00e0cies a l\u2019acord entre Franco i Hitler, foren deportats als camps nazis.<\/p>\n<p>En aquest web hi trobareu dades biogr\u00e0fiques, <a href=\"https:\/\/www.memoria.cat\/deportats\/documents\/\">documents<\/a> i <a href=\"https:\/\/www.memoria.cat\/deportats\/fotografies\/\">fotografies<\/a> dels deportats i tamb\u00e9 les <a href=\"https:\/\/www.memoria.cat\/deportats\/situacio-de-les-stolperteines-a-manresa\/\">fotografies de la col\u00b7locaci\u00f3 de les llambordes <em>stolpersteine<\/em><\/a> davant del domicili on vivien en esclatar la guerra civil. Les <em>stolpersteine <\/em>s\u00f3n una iniciativa de l\u2019escultor alemany Gunter Demnig per recordar i fer presents les persones que el feixisme va arrencar de casa seva per deportar-les als camps. Manresa ha estat el segon municipi de la pen\u00ednsula ib\u00e8rica, despr\u00e9s de Nav\u00e0s, de posar aquestes \u201cpedres que fan ensopegar\u201d, de les quals n\u2019hi ha m\u00e9s de 60.000 arreu d\u2019Europa. Les <em>stolpersteine<\/em> s\u00f3n llambordes de formig\u00f3 de 10 x 10 cm cobertes d\u2019una fulla de llaut\u00f3 on hi ha gravades les dades b\u00e0siques de la persona, on i quan va ser deportada i quan va morir o va ser alliberada, i que es col\u00b7loquen al davant dels seus domicilis. La intenci\u00f3 \u00e9s que el vianant s\u2019aturi per descobrir i recordar la v\u00edctima i reflexionar sobre el que va succeir<\/p>\n<p>Gunter Demnig va venir a Manresa a col\u00b7locar les <em>stolpersteine<\/em> els dies 25 i 26 de gener de 2017. L\u2019endem\u00e0, l\u2019Ajuntament de Manresa, en un <a href=\"https:\/\/www.memoria.cat\/deportats\/acte-solemne-al-salo-de-plens-dhomenatge-als-deportats\/\">acte solemne<\/a>, homenatjava tots els deportats manresans. Al cap d&#8217;un any, el 26 de gener de 2018 es col\u00b7locaven tres <em>stolpersteine<\/em> m\u00e9s i, finalment, el 13 de maig de 2021 es van col\u00b7locar les quatre <em>stolpersteine<\/em>\u00a0restants.<\/p>\n<p style=\"text-align: center;\">Associaci\u00f3 Mem\u00f2ria i Hist\u00f2ria de Manresa<\/p>\n","protected":false},"excerpt":{"rendered":"<p>Aquest web ofereix informaci\u00f3 rellevant sobre els 35 manresans identificats que van ser deportats als camps nazis, dels quals 19 hi van perdre la vida. Reuneix documentaci\u00f3 localitzada en arxius de la Creu Roja internacional, dels camps de concentraci\u00f3 nazis, de Fran\u00e7a i de Catalunya i fotografies i cartes enviades pels deportats a les seves [&hellip;]<\/p>\n","protected":false},"author":87,"featured_media":0,"parent":0,"menu_order":0,"comment_status":"closed","ping_status":"closed","template":"","meta":{"iawp_total_views":416,"footnotes":""},"class_list":["post-1553","page","type-page","status-publish","hentry"],"_links":{"self":[{"href":"https:\/\/www.memoria.cat\/deportats\/wp-json\/wp\/v2\/pages\/1553","targetHints":{"allow":["GET"]}}],"collection":[{"href":"https:\/\/www.memoria.cat\/deportats\/wp-json\/wp\/v2\/pages"}],"about":[{"href":"https:\/\/www.memoria.cat\/deportats\/wp-json\/wp\/v2\/types\/page"}],"author":[{"embeddable":true,"href":"https:\/\/www.memoria.cat\/deportats\/wp-json\/wp\/v2\/users\/87"}],"replies":[{"embeddable":true,"href":"https:\/\/www.memoria.cat\/deportats\/wp-json\/wp\/v2\/comments?post=1553"}],"version-history":[{"count":0,"href":"https:\/\/www.memoria.cat\/deportats\/wp-json\/wp\/v2\/pages\/1553\/revisions"}],"wp:attachment":[{"href":"https:\/\/www.memoria.cat\/deportats\/wp-json\/wp\/v2\/media?parent=1553"}],"curies":[{"name":"wp","href":"https:\/\/api.w.org\/{rel}","templated":true}]}}