{"id":73908,"date":"2020-05-23T16:58:00","date_gmt":"2020-05-23T15:58:00","guid":{"rendered":"https:\/\/www.memoria.cat\/curtmetratges-joan-guitart\/?page_id=73908"},"modified":"2020-06-12T16:01:39","modified_gmt":"2020-06-12T15:01:39","slug":"credits","status":"publish","type":"page","link":"https:\/\/www.memoria.cat\/curtmetratges-joan-guitart\/credits\/","title":{"rendered":"Cr\u00e8dits"},"content":{"rendered":"<p><strong>Idea<\/strong><strong>: <\/strong>Xavier Prun\u00e9s<\/p>\n<p><strong>Autors del web<\/strong><strong>: <\/strong>Olga Payan i Joaquim Aloy<\/p>\n<p><strong>Entrevista a Joan Guitart per a la seva biografia<\/strong><strong>: <\/strong>Olga Payan<\/p>\n<p><strong>Proced\u00e8ncia dels documents i les fotografies<\/strong><strong>: <\/strong>Joan Guitart Clapera<\/p>\n<p><strong>Col\u00b7laboraci\u00f3<\/strong><strong>: <\/strong>\u00c0ngel L\u00f3pez Tormes<\/p>\n<p><strong>Maquetaci\u00f3 del web<\/strong>: Jordi Griera-Cors i Arnau Aloy<\/p>\n<p><strong>Disseny del web<\/strong>: Arnau Aloy. <strong>Cap\u00e7alera<\/strong>: Marc Prat<\/p>\n<p>Manresa, juny del 2020<\/p>\n<p>&nbsp;<\/p>\n","protected":false},"excerpt":{"rendered":"<p>Idea: Xavier Prun\u00e9s Autors del web: Olga Payan i Joaquim Aloy Entrevista a Joan Guitart per a la seva biografia: Olga Payan Proced\u00e8ncia dels documents i les fotografies: Joan Guitart Clapera Col\u00b7laboraci\u00f3: \u00c0ngel L\u00f3pez Tormes Maquetaci\u00f3 del web: Jordi Griera-Cors i Arnau Aloy Disseny del web: Arnau Aloy. Cap\u00e7alera: Marc Prat Manresa, juny del 2020 [&hellip;]<\/p>\n","protected":false},"author":28,"featured_media":0,"parent":0,"menu_order":0,"comment_status":"closed","ping_status":"closed","template":"","meta":{"iawp_total_views":0,"footnotes":""},"class_list":["post-73908","page","type-page","status-publish","hentry"],"_links":{"self":[{"href":"https:\/\/www.memoria.cat\/curtmetratges-joan-guitart\/wp-json\/wp\/v2\/pages\/73908","targetHints":{"allow":["GET"]}}],"collection":[{"href":"https:\/\/www.memoria.cat\/curtmetratges-joan-guitart\/wp-json\/wp\/v2\/pages"}],"about":[{"href":"https:\/\/www.memoria.cat\/curtmetratges-joan-guitart\/wp-json\/wp\/v2\/types\/page"}],"author":[{"embeddable":true,"href":"https:\/\/www.memoria.cat\/curtmetratges-joan-guitart\/wp-json\/wp\/v2\/users\/28"}],"replies":[{"embeddable":true,"href":"https:\/\/www.memoria.cat\/curtmetratges-joan-guitart\/wp-json\/wp\/v2\/comments?post=73908"}],"version-history":[{"count":0,"href":"https:\/\/www.memoria.cat\/curtmetratges-joan-guitart\/wp-json\/wp\/v2\/pages\/73908\/revisions"}],"wp:attachment":[{"href":"https:\/\/www.memoria.cat\/curtmetratges-joan-guitart\/wp-json\/wp\/v2\/media?parent=73908"}],"curies":[{"name":"wp","href":"https:\/\/api.w.org\/{rel}","templated":true}]}}