{"id":76607,"date":"2024-09-09T10:45:12","date_gmt":"2024-09-09T09:45:12","guid":{"rendered":"https:\/\/www.memoria.cat\/creus\/?page_id=76607"},"modified":"2024-09-09T10:47:17","modified_gmt":"2024-09-09T09:47:17","slug":"carta-a-ventura-gassol","status":"publish","type":"page","link":"https:\/\/www.memoria.cat\/creus\/carta-a-ventura-gassol\/","title":{"rendered":"Carta a Ventura Gassol"},"content":{"rendered":"<div id=\"jig1\" class=\"justified-image-grid jig-632339e7dd3384af04d5c823939d7e2f jig-preset-c2 jig-source-wp-gallery jig-rml-id-117\"><div class=\"jig-clearfix\"><\/div><noscript id=\"jig1-html\" class=\"justified-image-grid-html\" data-lazy-src=\"skiplazyload\" data-src=\"skipunveillazyload\"><ul><li><a href=\"https:\/\/www.memoria.cat\/creus\/wp-content\/uploads\/sites\/159\/2024\/05\/a_img7422.jpg\" title=\"a_img7422\"><img fetchpriority=\"high\" decoding=\"async\" src=\"https:\/\/www.memoria.cat\/creus\/wp-content\/uploads\/sites\/159\/2024\/05\/a_img7422.jpg\" alt=\"a_img7422\" width=\"361\" height=\"230\" \/><\/a><p class=\"jig-HTMLdescription\">a_img7422<\/p><\/li><\/ul><\/noscript><\/div>\n<p style=\"text-align: center\">10\/6\/1936. C\u00f2pia d\u2019una carta de Jaume Creus al conseller de Cultura de la Generalitat Ventura Gassol, en qu\u00e8 li recomana una nena per a l\u2019Escola de Bibliotec\u00e0ries de Catalunya. Li assegura que\u00a0 la persona recomanada \u201c<em>el dia de dem\u00e0 far\u00e0 honor al seu c\u00e0rrec i per tant el far\u00e0 a la nostra Catalunya<\/em>\u201d.<\/p>\n","protected":false},"excerpt":{"rendered":"<p>10\/6\/1936. C\u00f2pia d\u2019una carta de Jaume Creus al conseller de Cultura de la Generalitat Ventura Gassol, en qu\u00e8 li recomana una nena per a l\u2019Escola de Bibliotec\u00e0ries de Catalunya. Li assegura que\u00a0 la persona recomanada \u201cel dia de dem\u00e0 far\u00e0 honor al seu c\u00e0rrec i per tant el far\u00e0 a la nostra Catalunya\u201d.<\/p>\n","protected":false},"author":66,"featured_media":0,"parent":0,"menu_order":0,"comment_status":"closed","ping_status":"closed","template":"","meta":{"footnotes":""},"class_list":["post-76607","page","type-page","status-publish","hentry"],"_links":{"self":[{"href":"https:\/\/www.memoria.cat\/creus\/wp-json\/wp\/v2\/pages\/76607","targetHints":{"allow":["GET"]}}],"collection":[{"href":"https:\/\/www.memoria.cat\/creus\/wp-json\/wp\/v2\/pages"}],"about":[{"href":"https:\/\/www.memoria.cat\/creus\/wp-json\/wp\/v2\/types\/page"}],"author":[{"embeddable":true,"href":"https:\/\/www.memoria.cat\/creus\/wp-json\/wp\/v2\/users\/66"}],"replies":[{"embeddable":true,"href":"https:\/\/www.memoria.cat\/creus\/wp-json\/wp\/v2\/comments?post=76607"}],"version-history":[{"count":0,"href":"https:\/\/www.memoria.cat\/creus\/wp-json\/wp\/v2\/pages\/76607\/revisions"}],"wp:attachment":[{"href":"https:\/\/www.memoria.cat\/creus\/wp-json\/wp\/v2\/media?parent=76607"}],"curies":[{"name":"wp","href":"https:\/\/api.w.org\/{rel}","templated":true}]}}