{"id":76590,"date":"2024-09-09T10:01:15","date_gmt":"2024-09-09T09:01:15","guid":{"rendered":"https:\/\/www.memoria.cat\/creus\/?page_id=76590"},"modified":"2026-04-18T01:22:23","modified_gmt":"2026-04-18T00:22:23","slug":"altres-documents-i-fotografies","status":"publish","type":"page","link":"https:\/\/www.memoria.cat\/creus\/altres-documents-i-fotografies\/","title":{"rendered":"Altres documents i fotografies"},"content":{"rendered":"<div id=\"jig1\" class=\"justified-image-grid jig-3004d43186d63cf2754f9c7473b5b8a8 jig-preset-c2 jig-source-wp-gallery jig-rml-id-232\"><div class=\"jig-clearfix\"><\/div><noscript id=\"jig1-html\" class=\"justified-image-grid-html\" data-lazy-src=\"skiplazyload\" data-src=\"skipunveillazyload\"><ul><li><a href=\"https:\/\/www.memoria.cat\/creus\/wp-content\/uploads\/sites\/159\/2024\/07\/img7757.jpg\" title=\"img7757\"><img decoding=\"async\" src=\"https:\/\/www.memoria.cat\/creus\/wp-content\/uploads\/sites\/159\/2024\/07\/img7757.jpg\" alt=\"img7757\" width=\"162\" height=\"230\" \/><\/a><p class=\"jig-HTMLdescription\">img7757<\/p><\/li><\/ul><\/noscript><\/div>\n<p style=\"text-align: center;\">Fotografia de Francesc Maci\u00e0.<\/p>\n<p>&nbsp;<\/p>\n<div id=\"jig2\" class=\"justified-image-grid jig-2e581cf5428ec1f0a1ec4c10fe6af5f1 jig-preset-c2 jig-source-wp-gallery jig-rml-id-233\"><div class=\"jig-clearfix\"><\/div><noscript id=\"jig2-html\" class=\"justified-image-grid-html\" data-lazy-src=\"skiplazyload\" data-src=\"skipunveillazyload\"><ul><li><a href=\"https:\/\/www.memoria.cat\/creus\/wp-content\/uploads\/sites\/159\/2024\/07\/img7708.jpg\" title=\"img7708\"><img decoding=\"async\" src=\"https:\/\/www.memoria.cat\/creus\/wp-content\/uploads\/sites\/159\/2024\/07\/img7708.jpg\" alt=\"img7708\" width=\"177\" height=\"230\" \/><\/a><p class=\"jig-HTMLdescription\">img7708<\/p><\/li><\/ul><\/noscript><\/div>\n<p style=\"text-align: center;\">Esquela de Llu\u00eds Companys i Mic\u00f3.<\/p>\n<p>&nbsp;<\/p>\n<div id=\"jig3\" class=\"justified-image-grid jig-14800e6b5b32d0c8ebb9cee15183aef9 jig-preset-c2 jig-source-wp-gallery jig-rml-id-234\"><div class=\"jig-clearfix\"><\/div><noscript id=\"jig3-html\" class=\"justified-image-grid-html\" data-lazy-src=\"skiplazyload\" data-src=\"skipunveillazyload\"><ul><li><a href=\"https:\/\/www.memoria.cat\/creus\/wp-content\/uploads\/sites\/159\/2024\/07\/img7702.jpg\" title=\"img7702\"><img decoding=\"async\" src=\"https:\/\/www.memoria.cat\/creus\/wp-content\/uploads\/sites\/159\/2024\/07\/img7702.jpg\" alt=\"img7702\" width=\"179\" height=\"230\" \/><\/a><p class=\"jig-HTMLdescription\">img7702<\/p><\/li><li><a href=\"https:\/\/www.memoria.cat\/creus\/wp-content\/uploads\/sites\/159\/2024\/07\/img7704.jpg\" title=\"img7704\"><img loading=\"lazy\" decoding=\"async\" src=\"https:\/\/www.memoria.cat\/creus\/wp-content\/uploads\/sites\/159\/2024\/07\/img7704.jpg\" alt=\"img7704\" width=\"206\" height=\"230\" \/><\/a><p class=\"jig-HTMLdescription\">img7704<\/p><\/li><li><a href=\"https:\/\/www.memoria.cat\/creus\/wp-content\/uploads\/sites\/159\/2024\/07\/img7814.jpg\" title=\"img7814\"><img loading=\"lazy\" decoding=\"async\" src=\"https:\/\/www.memoria.cat\/creus\/wp-content\/uploads\/sites\/159\/2024\/07\/img7814.jpg\" alt=\"img7814\" width=\"153\" height=\"230\" \/><\/a><p class=\"jig-HTMLdescription\">img7814<\/p><\/li><li><a href=\"https:\/\/www.memoria.cat\/creus\/wp-content\/uploads\/sites\/159\/2024\/07\/img7815.jpg\" title=\"img7815\"><img loading=\"lazy\" decoding=\"async\" src=\"https:\/\/www.memoria.cat\/creus\/wp-content\/uploads\/sites\/159\/2024\/07\/img7815.jpg\" alt=\"img7815\" width=\"337\" height=\"230\" \/><\/a><p class=\"jig-HTMLdescription\">img7815<\/p><\/li><\/ul><\/noscript><\/div>\n<p style=\"text-align: center;\">Fotografia i bander\u00ed d\u2019Antoni Turr\u00f3 i Mart\u00ednez dedicats a Jaume Creus.<\/p>\n<p>&nbsp;<\/p>\n<div id=\"jig4\" class=\"justified-image-grid jig-803858e34f7a6b87045c0971aac0fe4a jig-preset-c2 jig-source-wp-gallery jig-rml-id-235\"><div class=\"jig-clearfix\"><\/div><noscript id=\"jig4-html\" class=\"justified-image-grid-html\" data-lazy-src=\"skiplazyload\" data-src=\"skipunveillazyload\"><ul><li><a href=\"https:\/\/www.memoria.cat\/creus\/wp-content\/uploads\/sites\/159\/2024\/07\/img7787.jpg\" title=\"img7787\"><img loading=\"lazy\" decoding=\"async\" src=\"https:\/\/www.memoria.cat\/creus\/wp-content\/uploads\/sites\/159\/2024\/07\/img7787.jpg\" alt=\"img7787\" width=\"197\" height=\"230\" \/><\/a><p class=\"jig-HTMLdescription\">img7787<\/p><\/li><li><a href=\"https:\/\/www.memoria.cat\/creus\/wp-content\/uploads\/sites\/159\/2024\/07\/img7788.jpg\" title=\"img7788\"><img loading=\"lazy\" decoding=\"async\" src=\"https:\/\/www.memoria.cat\/creus\/wp-content\/uploads\/sites\/159\/2024\/07\/img7788.jpg\" alt=\"img7788\" width=\"382\" height=\"230\" \/><\/a><p class=\"jig-HTMLdescription\">img7788<\/p><\/li><li><a href=\"https:\/\/www.memoria.cat\/creus\/wp-content\/uploads\/sites\/159\/2024\/07\/img7790.jpg\" title=\"img7790\"><img loading=\"lazy\" decoding=\"async\" src=\"https:\/\/www.memoria.cat\/creus\/wp-content\/uploads\/sites\/159\/2024\/07\/img7790.jpg\" alt=\"img7790\" width=\"359\" height=\"230\" \/><\/a><p class=\"jig-HTMLdescription\">img7790<\/p><\/li><li><a href=\"https:\/\/www.memoria.cat\/creus\/wp-content\/uploads\/sites\/159\/2024\/07\/img7792.jpg\" title=\"img7792\"><img loading=\"lazy\" decoding=\"async\" src=\"https:\/\/www.memoria.cat\/creus\/wp-content\/uploads\/sites\/159\/2024\/07\/img7792.jpg\" alt=\"img7792\" width=\"194\" height=\"230\" \/><\/a><p class=\"jig-HTMLdescription\">img7792<\/p><\/li><li><a href=\"https:\/\/www.memoria.cat\/creus\/wp-content\/uploads\/sites\/159\/2024\/07\/img7793.jpg\" title=\"img7793\"><img loading=\"lazy\" decoding=\"async\" src=\"https:\/\/www.memoria.cat\/creus\/wp-content\/uploads\/sites\/159\/2024\/07\/img7793.jpg\" alt=\"img7793\" width=\"373\" height=\"230\" \/><\/a><p class=\"jig-HTMLdescription\">img7793<\/p><\/li><li><a href=\"https:\/\/www.memoria.cat\/creus\/wp-content\/uploads\/sites\/159\/2024\/07\/img7795.jpg\" title=\"img7795\"><img loading=\"lazy\" decoding=\"async\" src=\"https:\/\/www.memoria.cat\/creus\/wp-content\/uploads\/sites\/159\/2024\/07\/img7795.jpg\" alt=\"img7795\" width=\"196\" height=\"230\" \/><\/a><p class=\"jig-HTMLdescription\">img7795<\/p><\/li><li><a href=\"https:\/\/www.memoria.cat\/creus\/wp-content\/uploads\/sites\/159\/2024\/07\/img7796.jpg\" title=\"img7796\"><img loading=\"lazy\" decoding=\"async\" src=\"https:\/\/www.memoria.cat\/creus\/wp-content\/uploads\/sites\/159\/2024\/07\/img7796.jpg\" alt=\"img7796\" width=\"383\" height=\"230\" \/><\/a><p class=\"jig-HTMLdescription\">img7796<\/p><\/li><\/ul><\/noscript><\/div>\n<p style=\"text-align: center;\">Diversos exemplars del llibre \u201cPer Catalunya\u201d que Joan Sol\u00e9 i Pla va editar i va enviar a Jaume Creus.<\/p>\n<p>&nbsp;<\/p>\n<div id=\"jig5\" class=\"justified-image-grid jig-712e681bb8e1c1c3f1a979f446df8494 jig-preset-c2 jig-source-wp-gallery jig-rml-id-236\"><div class=\"jig-clearfix\"><\/div><noscript id=\"jig5-html\" class=\"justified-image-grid-html\" data-lazy-src=\"skiplazyload\" data-src=\"skipunveillazyload\"><ul><li><a href=\"https:\/\/www.memoria.cat\/creus\/wp-content\/uploads\/sites\/159\/2024\/07\/barranquilla071.jpg\" title=\"barranquilla071\"><img loading=\"lazy\" decoding=\"async\" src=\"https:\/\/www.memoria.cat\/creus\/wp-content\/uploads\/sites\/159\/2024\/07\/barranquilla071.jpg\" alt=\"barranquilla071\" width=\"349\" height=\"230\" \/><\/a><p class=\"jig-HTMLdescription\">barranquilla071<\/p><\/li><li><a href=\"https:\/\/www.memoria.cat\/creus\/wp-content\/uploads\/sites\/159\/2024\/07\/barranquilla.peu_de_foto072.jpg\"><img loading=\"lazy\" decoding=\"async\" src=\"https:\/\/www.memoria.cat\/creus\/wp-content\/uploads\/sites\/159\/2024\/07\/barranquilla.peu_de_foto072.jpg\" alt=\"\" width=\"352\" height=\"230\" \/><\/a><\/li><\/ul><\/noscript><\/div>\n<p style=\"text-align: center;\">Fotografia enviada per Joan Sol\u00e9 i Pla d\u2019un acte celebrat a Barranquilla (Col\u00f2mbia) l\u2019any 1945, on estava exiliat<\/p>\n<p>&nbsp;<\/p>\n<div id=\"jig6\" class=\"justified-image-grid jig-6cd86a9f6af3c1ac81bb007b5942f01d jig-preset-c2 jig-source-wp-gallery jig-rml-id-237\"><div class=\"jig-clearfix\"><\/div><noscript id=\"jig6-html\" class=\"justified-image-grid-html\" data-lazy-src=\"skiplazyload\" data-src=\"skipunveillazyload\"><ul><li><a href=\"https:\/\/www.memoria.cat\/creus\/wp-content\/uploads\/sites\/159\/2024\/07\/img7806.jpg\" title=\"img7806\"><img loading=\"lazy\" decoding=\"async\" src=\"https:\/\/www.memoria.cat\/creus\/wp-content\/uploads\/sites\/159\/2024\/07\/img7806.jpg\" alt=\"img7806\" width=\"356\" height=\"230\" \/><\/a><p class=\"jig-HTMLdescription\">img7806<\/p><\/li><li><a href=\"https:\/\/www.memoria.cat\/creus\/wp-content\/uploads\/sites\/159\/2024\/07\/img7807.jpg\" title=\"img7807\"><img loading=\"lazy\" decoding=\"async\" src=\"https:\/\/www.memoria.cat\/creus\/wp-content\/uploads\/sites\/159\/2024\/07\/img7807.jpg\" alt=\"img7807\" width=\"336\" height=\"230\" \/><\/a><p class=\"jig-HTMLdescription\">img7807<\/p><\/li><\/ul><\/noscript><\/div>\n<p style=\"text-align: center;\">Fotografia d\u2019un acte celebrat a Carcassona el 4\/8\/1946.<\/p>\n<p>&nbsp;<\/p>\n<p>&nbsp;<\/p>\n<div id=\"jig7\" class=\"justified-image-grid jig-0258576bf1f5da6c353a5f02ac21c14e jig-preset-c2 jig-source-wp-gallery jig-rml-id-238\"><div class=\"jig-clearfix\"><\/div><noscript id=\"jig7-html\" class=\"justified-image-grid-html\" data-lazy-src=\"skiplazyload\" data-src=\"skipunveillazyload\"><ul><li><a href=\"https:\/\/www.memoria.cat\/creus\/wp-content\/uploads\/sites\/159\/2024\/07\/img7800.jpg\" title=\"img7800\"><img loading=\"lazy\" decoding=\"async\" src=\"https:\/\/www.memoria.cat\/creus\/wp-content\/uploads\/sites\/159\/2024\/07\/img7800.jpg\" alt=\"img7800\" width=\"354\" height=\"230\" \/><\/a><p class=\"jig-HTMLdescription\">img7800<\/p><\/li><\/ul><\/noscript><\/div>\n<p style=\"text-align: center;\">Fotografia d\u2019un acte catalanista celebrat a Fran\u00e7a.<\/p>\n<p>&nbsp;<\/p>\n<div id=\"jig8\" class=\"justified-image-grid jig-555c97d254ccbb566f436c7cc9e014e1 jig-preset-c2 jig-source-wp-gallery jig-rml-id-239\"><div class=\"jig-clearfix\"><\/div><noscript id=\"jig8-html\" class=\"justified-image-grid-html\" data-lazy-src=\"skiplazyload\" data-src=\"skipunveillazyload\"><ul><li><a href=\"https:\/\/www.memoria.cat\/creus\/wp-content\/uploads\/sites\/159\/2024\/07\/img7761.jpg\" title=\"img7761\"><img loading=\"lazy\" decoding=\"async\" src=\"https:\/\/www.memoria.cat\/creus\/wp-content\/uploads\/sites\/159\/2024\/07\/img7761.jpg\" alt=\"img7761\" width=\"140\" height=\"230\" \/><\/a><p class=\"jig-HTMLdescription\">img7761<\/p><\/li><li><a href=\"https:\/\/www.memoria.cat\/creus\/wp-content\/uploads\/sites\/159\/2024\/07\/img7762.jpg\" title=\"img7762\"><img loading=\"lazy\" decoding=\"async\" src=\"https:\/\/www.memoria.cat\/creus\/wp-content\/uploads\/sites\/159\/2024\/07\/img7762.jpg\" alt=\"img7762\" width=\"355\" height=\"230\" \/><\/a><p class=\"jig-HTMLdescription\">img7762<\/p><\/li><\/ul><\/noscript><\/div>\n<p style=\"text-align: center;\">Fotografia del monument de Rafael Casanova enviada per Daniel L\u00f3pez Bribian, amb un text a l\u2019anvers que acaba aix\u00ed: \u201cSense llevat no hi ha pa. Sense m\u00e0rtirs no hi ha p\u00e0tria\u201d.<\/p>\n<p>&nbsp;<\/p>\n<div id=\"jig9\" class=\"justified-image-grid jig-65096dc62733e8ceaa98f16eaada9a8a jig-preset-c2 jig-source-wp-gallery jig-rml-id-240\"><div class=\"jig-clearfix\"><\/div><noscript id=\"jig9-html\" class=\"justified-image-grid-html\" data-lazy-src=\"skiplazyload\" data-src=\"skipunveillazyload\"><ul><li><a href=\"https:\/\/www.memoria.cat\/creus\/wp-content\/uploads\/sites\/159\/2024\/07\/poesia_daniel_lopez.jpg\" title=\"poesia_daniel_lopez\"><img loading=\"lazy\" decoding=\"async\" src=\"https:\/\/www.memoria.cat\/creus\/wp-content\/uploads\/sites\/159\/2024\/07\/poesia_daniel_lopez.jpg\" alt=\"poesia_daniel_lopez\" width=\"149\" height=\"230\" \/><\/a><p class=\"jig-HTMLdescription\">poesia_daniel_lopez<\/p><\/li><\/ul><\/noscript><\/div>\n<p style=\"text-align: center;\">Poesia \u201cIn Memoriam\u201d, de Daniel L\u00f3pez Bribian, dedicada al president Josep Irla.<\/p>\n<p>&nbsp;<\/p>\n<div id=\"jig10\" class=\"justified-image-grid jig-6b8ebd26efb3b608f19672488e533eda jig-preset-c2 jig-source-wp-gallery jig-rml-id-241\"><div class=\"jig-clearfix\"><\/div><noscript id=\"jig10-html\" class=\"justified-image-grid-html\" data-lazy-src=\"skiplazyload\" data-src=\"skipunveillazyload\"><ul><li><a href=\"https:\/\/www.memoria.cat\/creus\/wp-content\/uploads\/sites\/159\/2024\/07\/img7576.jpg\" title=\"img7576\"><img loading=\"lazy\" decoding=\"async\" src=\"https:\/\/www.memoria.cat\/creus\/wp-content\/uploads\/sites\/159\/2024\/07\/img7576.jpg\" alt=\"img7576\" width=\"352\" height=\"230\" \/><\/a><p class=\"jig-HTMLdescription\">img7576<\/p><\/li><li><a href=\"https:\/\/www.memoria.cat\/creus\/wp-content\/uploads\/sites\/159\/2024\/07\/m-parte_oficial_de_guerra-scaled.jpg\"><img loading=\"lazy\" decoding=\"async\" src=\"https:\/\/www.memoria.cat\/creus\/wp-content\/uploads\/sites\/159\/2024\/07\/m-parte_oficial_de_guerra-scaled.jpg\" alt=\"\" width=\"140\" height=\"230\" \/><\/a><\/li><\/ul><\/noscript><\/div>\n<p style=\"text-align: center;\">Banderola de recordatori de l\u2019entrada de les tropes franquistes a Barcelona. L\u2019acompanya una nota an\u00f2nima adre\u00e7ada \u00abAl Gran Cabr\u00f3n y Macarr\u00f3n Creus para que recuerde el \u201c18 de Julio\u201d\u00bb.Al sobre pot observar-se la nota escrita en llapis pel mateix Creus: \u201cBestieses\u201d.<\/p>\n","protected":false},"excerpt":{"rendered":"<p>Fotografia de Francesc Maci\u00e0. &nbsp; Esquela de Llu\u00eds Companys i Mic\u00f3. &nbsp; Fotografia i bander\u00ed d\u2019Antoni Turr\u00f3 i Mart\u00ednez dedicats a Jaume Creus. &nbsp; Diversos exemplars del llibre \u201cPer Catalunya\u201d que Joan Sol\u00e9 i Pla va editar i va enviar a Jaume Creus. &nbsp; Fotografia enviada per Joan Sol\u00e9 i Pla d\u2019un acte celebrat a [&hellip;]<\/p>\n","protected":false},"author":66,"featured_media":0,"parent":0,"menu_order":0,"comment_status":"closed","ping_status":"closed","template":"","meta":{"footnotes":""},"class_list":["post-76590","page","type-page","status-publish","hentry"],"_links":{"self":[{"href":"https:\/\/www.memoria.cat\/creus\/wp-json\/wp\/v2\/pages\/76590","targetHints":{"allow":["GET"]}}],"collection":[{"href":"https:\/\/www.memoria.cat\/creus\/wp-json\/wp\/v2\/pages"}],"about":[{"href":"https:\/\/www.memoria.cat\/creus\/wp-json\/wp\/v2\/types\/page"}],"author":[{"embeddable":true,"href":"https:\/\/www.memoria.cat\/creus\/wp-json\/wp\/v2\/users\/66"}],"replies":[{"embeddable":true,"href":"https:\/\/www.memoria.cat\/creus\/wp-json\/wp\/v2\/comments?post=76590"}],"version-history":[{"count":2,"href":"https:\/\/www.memoria.cat\/creus\/wp-json\/wp\/v2\/pages\/76590\/revisions"}],"predecessor-version":[{"id":76946,"href":"https:\/\/www.memoria.cat\/creus\/wp-json\/wp\/v2\/pages\/76590\/revisions\/76946"}],"wp:attachment":[{"href":"https:\/\/www.memoria.cat\/creus\/wp-json\/wp\/v2\/media?parent=76590"}],"curies":[{"name":"wp","href":"https:\/\/api.w.org\/{rel}","templated":true}]}}