{"id":76060,"date":"2024-07-04T10:25:07","date_gmt":"2024-07-04T09:25:07","guid":{"rendered":"https:\/\/www.memoria.cat\/creus\/?page_id=76060"},"modified":"2024-09-19T11:06:58","modified_gmt":"2024-09-19T10:06:58","slug":"carta-de-jaume-creus-a-josep-maria-batista-i-roca-25-5-1945","status":"publish","type":"page","link":"https:\/\/www.memoria.cat\/creus\/carta-de-jaume-creus-a-josep-maria-batista-i-roca-25-5-1945\/","title":{"rendered":"Carta de Jaume Creus a Josep Maria Batista i Roca 25-5-1945"},"content":{"rendered":"<p><a name=\"w1-1\"><\/a><\/p>\n<p align=\"center\"><u>\u201cWRITTEN IN CATALAN LANGUAGE\u201d<a title=\"\" href=\"#w1\" name=\"_ftnref\">[1]<\/a><\/u><\/p>\n<p><u>\u00a0<\/u><\/p>\n<p align=\"right\"><u>St. Girons, 25 Maig 1945<\/u><\/p>\n<p>Estimat amic:<br \/>\n<a name=\"w2-2\"><\/a><br \/>\nVos confirmo la meva del 25 mar\u00e7, la que crec en vostre poder.<br \/>\n<a name=\"w3-3\"><\/a><br \/>\nAmb molt sentiment veig que tots sou a Londres, per\u00f2 almenys me <i>vui<\/i> fer la il\u00b7lusi\u00f3 que tindreu un Delegat dels que s\u00f3n per a Am\u00e8rica, a St. Francisco. Perqu\u00e8 si tenim que esperar que el plet de Catalunya estigui a mans de Sberts<a title=\"\" href=\"#w2\" name=\"_ftnref\">[2]<\/a> i C\u00aa. ja estem ben frescos. T\u00e9 que \u00e9sser els del nostre sector for\u00e7osament.<\/p>\n<p>Ja veieu com l\u2019Aguirre<a title=\"\" href=\"#w3\" name=\"_ftnref\">[3]<\/a> troba totes les facilitats, cosa que molt m\u2019alegro que <i>aixins<\/i> sigui; sort tindrem encara d\u2019ells per resoldre el nostre problema! Com estan les vostres relacions amb ells? M\u00e9s ben dit, amb Ell personalment?<br \/>\n<a name=\"w4-4\"><\/a><br \/>\nLes r\u00e0di[o]s, Americana i Anglesa, van comunicar que: \u201cHab\u00eda llegado a Am\u00e9rica de paso para S. Francisco, en <u>avi\u00f3n especial<\/u>, el <u>Presidente de la Rep\u00fablica Vasca<\/u> Sr. Aguirre\u201d. Aix\u00f2 jo ho vaig sentir-ho. Qu\u00e8 vos sembla? De nosaltres, ni existim.<\/p>\n<p>Aqu\u00ed, v\u00f3s sabeu que se tenia que fer un Congr\u00e9s d\u2019Esquerra; s\u2019ha apla\u00e7at. Donen per ra\u00f3 que En Pi<a title=\"\" href=\"#w4\" name=\"_ftnref\">[4]<\/a> encara no havia arribat. Jo crec que la ra\u00f3 no \u00e9s aquesta, per\u00f2 <i>aixins<\/i> ho varen dir. Penseu que aix\u00f2 que trobi inconvenients amb els papers fa descoratjar bastant.<\/p>\n<p>Ara, se me diu que vindr\u00e0 junt amb Trueta; molt m\u2019alegraria que <i>aixins<\/i> sigui. Ja vos asseguro que tindran feina, i com m\u00e9s radicals vagin, m\u00e9s gent vindr\u00e0. Crec que \u00e9s el moment de posar un \u201cultim\u00e0tum\u201d a Irla i&#8230; acceptar\u00e0. Conv\u00e9 que hi hagi un Govern fort de Catalunya, i sobretot que <u>Delegui<\/u> les seves atribucions; els \u00fanics que podeu fer-ho sou vosaltres, ajudats naturalment de bons elements, i sobretot d\u2019elements joves, de pro-nois, deixant a rac\u00f3 moltes carcasses de prohoms, salvant rares excepcions, com el Mestre Fabra, i algun altre que potser trobar\u00edem, per\u00f2 molt pocs.<br \/>\n<a name=\"w5-5\"><\/a><br \/>\nJa s\u00e9 que v\u00f3s i Trueta treballeu fort, vos felicito de tot cor i vos tinc enveja.<\/p>\n<p>Esteu en relaci\u00f3 directa amb el Dr. Sol\u00e9 i Pla a Col\u00f2mbia? Jo li havia encarregat, al comen\u00e7ament, que vos digu\u00e9s que podr\u00edeu comptar completament amb mi. Ho va fer-ho? Ara miro de posar-m\u2019hi en contacte completament per als afers de la Protectora<a title=\"\" href=\"#w5\" name=\"_ftnref\">[5]<\/a>, ja que jo s\u00f3c el Delegat aqu\u00ed, i el Mestre Fabra t\u00e9 ganes de publicar quelcom.<\/p>\n<p>Ahir <i>v\u00e0reig<\/i> sentir la confer\u00e8ncia que va donar per r\u00e0di[o] el Dr. Gabarr\u00f3; verdaderament per la seva veu me sembla que \u00e9s el que conec. Doneu-li de la meva part molts records, com tamb\u00e9 a Trueta i Pi.<br \/>\n<a name=\"w1\"><\/a> <a name=\"w2\"><\/a><br \/>\nEn espera de la vostra resposta, se <i>despedeix<\/i> el vostre bon amic que vos aprecia i \u00e9s vostre per Catalunya.<\/p>\n<p><a name=\"w3\"><\/a> <a name=\"w4\"><\/a> <a name=\"w5\"><\/a><\/p>\n<hr align=\"left\" size=\"1\" width=\"33%\" \/>\n<p><span class=\"text-petit\"><a title=\"\" href=\"#w1-1\" name=\"_ftn1\">[1]<\/a> Escrit en llengua catalana<\/span><\/p>\n<p><span class=\"text-petit\"><a title=\"\" href=\"#w2-2\" name=\"_ftn2\">[2]<\/a> Antoni Maria Sbert i Massanet<\/span><\/p>\n<p><span class=\"text-petit\"><a title=\"\" href=\"#w3-3\" name=\"_ftn3\">[3]<\/a> Jos\u00e9 Antonio de Aguirre y Lecube, president del govern basc<\/span><\/p>\n<p><span class=\"text-petit\"><a title=\"\" href=\"#w4-4\" name=\"_ftn4\">[4]<\/a> Carles Pi i Sunyer<\/span><\/p>\n<p><span class=\"text-petit\"><a title=\"\" href=\"#w5-5\" name=\"_ftn5\">[5]<\/a> Associaci\u00f3 Protectora de l\u2019Ensenyan\u00e7a Catalana<\/span><\/p>\n<p style=\"text-align: center\"><span class=\"text-petit\"><a href=\"https:\/\/www.memoria.cat\/creus\/3-cartes-inedites-de-josep-maria-batista-i-roca-del-1945\/\">Tornar a &#8220;Reproducci\u00f3 de l\u2019epistolari Josep Maria Batista&#8221;<\/a><\/span><\/p>\n","protected":false},"excerpt":{"rendered":"<p>\u201cWRITTEN IN CATALAN LANGUAGE\u201d[1] \u00a0 St. Girons, 25 Maig 1945 Estimat amic: Vos confirmo la meva del 25 mar\u00e7, la que crec en vostre poder. Amb molt sentiment veig que tots sou a Londres, per\u00f2 almenys me vui fer la il\u00b7lusi\u00f3 que tindreu un Delegat dels que s\u00f3n per a Am\u00e8rica, a St. Francisco. Perqu\u00e8 [&hellip;]<\/p>\n","protected":false},"author":66,"featured_media":0,"parent":0,"menu_order":0,"comment_status":"closed","ping_status":"closed","template":"","meta":{"iawp_total_views":0,"footnotes":""},"class_list":["post-76060","page","type-page","status-publish","hentry"],"_links":{"self":[{"href":"https:\/\/www.memoria.cat\/creus\/wp-json\/wp\/v2\/pages\/76060","targetHints":{"allow":["GET"]}}],"collection":[{"href":"https:\/\/www.memoria.cat\/creus\/wp-json\/wp\/v2\/pages"}],"about":[{"href":"https:\/\/www.memoria.cat\/creus\/wp-json\/wp\/v2\/types\/page"}],"author":[{"embeddable":true,"href":"https:\/\/www.memoria.cat\/creus\/wp-json\/wp\/v2\/users\/66"}],"replies":[{"embeddable":true,"href":"https:\/\/www.memoria.cat\/creus\/wp-json\/wp\/v2\/comments?post=76060"}],"version-history":[{"count":0,"href":"https:\/\/www.memoria.cat\/creus\/wp-json\/wp\/v2\/pages\/76060\/revisions"}],"wp:attachment":[{"href":"https:\/\/www.memoria.cat\/creus\/wp-json\/wp\/v2\/media?parent=76060"}],"curies":[{"name":"wp","href":"https:\/\/api.w.org\/{rel}","templated":true}]}}