{"id":76017,"date":"2024-07-01T14:58:51","date_gmt":"2024-07-01T13:58:51","guid":{"rendered":"https:\/\/www.memoria.cat\/creus\/?page_id=76017"},"modified":"2024-08-17T11:09:13","modified_gmt":"2024-08-17T10:09:13","slug":"carta-de-jaume-creus-a-josep-maria-batista-i-roca-4-9-1944","status":"publish","type":"page","link":"https:\/\/www.memoria.cat\/creus\/carta-de-jaume-creus-a-josep-maria-batista-i-roca-4-9-1944\/","title":{"rendered":"Carta de Jaume Creus a Josep Maria Batista i Roca. 4\/9\/1944"},"content":{"rendered":"<p style=\"text-align: right\">St. Girons, 4 September 1944.<\/p>\n<p align=\"right\">Mr. Josep M. BATISTA-ROCA<\/p>\n<p align=\"right\"><u>\u00a0London<\/u><\/p>\n<p>&nbsp;<\/p>\n<p>Estimat amic: a la fi sembla que podr\u00e9 comunicar amb vosaltres, i per aix\u00f2 ho faig tot seguit.<\/p>\n<p>Podria \u00e9sser que quan reb\u00e9ssiu aquesta, jo ja fos en cam\u00ed de Catalunya, encara que no crec que vagi tan de pressa. Desitjo \u00e9sser dels primers en entrar, aix\u00f2 ja ho comprendreu vosaltres pels\u00a0<i>aconteixements<\/i>. Tant si encara s\u00f3c aqu\u00ed com si s\u00f3c a casa, ja sabeu, amic Batista, on teniu un bon amic a la vostra disposici\u00f3 i sempre al servei de Catalunya.<\/p>\n<p>En aquests moments no sabeu el que desitjaria que fos alg\u00fa de vosaltres aqu\u00ed, tan a la vora de casa nostra&#8230; Potser f\u00f3ra molt convenient.<\/p>\n<p>Molts records de ma part [a] En Pi-Sunyer, Trueta i al meu cos\u00ed germ\u00e0 si el veieu, l\u2019Antoni Mart\u00ed, i per [a] v\u00f3s, estimat amic, una\u00a0 bona abra\u00e7ada d\u2019aquest que \u00e9s vostre per Catalunya.<\/p>\n<p style=\"text-align: center\"><a href=\"https:\/\/www.memoria.cat\/creus\/3-cartes-inedites-de-josep-maria-batista-i-roca-del-1945\/\"><span class=\"text-petit\">Tornar a &#8220;Reproducci\u00f3 de l\u2019epistolari Josep Maria Batista&#8221;<\/span><\/a><\/p>\n","protected":false},"excerpt":{"rendered":"<p>St. Girons, 4 September 1944. Mr. Josep M. BATISTA-ROCA \u00a0London &nbsp; Estimat amic: a la fi sembla que podr\u00e9 comunicar amb vosaltres, i per aix\u00f2 ho faig tot seguit. Podria \u00e9sser que quan reb\u00e9ssiu aquesta, jo ja fos en cam\u00ed de Catalunya, encara que no crec que vagi tan de pressa. Desitjo \u00e9sser dels primers [&hellip;]<\/p>\n","protected":false},"author":66,"featured_media":0,"parent":0,"menu_order":0,"comment_status":"closed","ping_status":"closed","template":"","meta":{"iawp_total_views":2,"footnotes":""},"class_list":["post-76017","page","type-page","status-publish","hentry"],"_links":{"self":[{"href":"https:\/\/www.memoria.cat\/creus\/wp-json\/wp\/v2\/pages\/76017","targetHints":{"allow":["GET"]}}],"collection":[{"href":"https:\/\/www.memoria.cat\/creus\/wp-json\/wp\/v2\/pages"}],"about":[{"href":"https:\/\/www.memoria.cat\/creus\/wp-json\/wp\/v2\/types\/page"}],"author":[{"embeddable":true,"href":"https:\/\/www.memoria.cat\/creus\/wp-json\/wp\/v2\/users\/66"}],"replies":[{"embeddable":true,"href":"https:\/\/www.memoria.cat\/creus\/wp-json\/wp\/v2\/comments?post=76017"}],"version-history":[{"count":0,"href":"https:\/\/www.memoria.cat\/creus\/wp-json\/wp\/v2\/pages\/76017\/revisions"}],"wp:attachment":[{"href":"https:\/\/www.memoria.cat\/creus\/wp-json\/wp\/v2\/media?parent=76017"}],"curies":[{"name":"wp","href":"https:\/\/api.w.org\/{rel}","templated":true}]}}