{"id":75672,"date":"2024-06-19T10:25:05","date_gmt":"2024-06-19T09:25:05","guid":{"rendered":"https:\/\/www.memoria.cat\/creus\/?page_id=75672"},"modified":"2024-09-24T10:12:37","modified_gmt":"2024-09-24T09:12:37","slug":"transcripcio-3a-carta-de-joan-casanovas-a-jaume-creus","status":"publish","type":"page","link":"https:\/\/www.memoria.cat\/creus\/transcripcio-3a-carta-de-joan-casanovas-a-jaume-creus\/","title":{"rendered":"Transcripci\u00f3 3\u00aa carta de Joan Casanovas a Jaume Creus"},"content":{"rendered":"<p>&nbsp;<\/p>\n<p align=\"right\">Par\u00eds 16 setembre 1939.<\/p>\n<p>&nbsp;<\/p>\n<p>Estimat amic Creus: Tinc les vostres darreres cartes. Fins la del 9. Per ara jo s\u00f3c a Par\u00eds on crec que puc prestar millors serveis a la causa francesa i catalana que, com mai, veig inseparables. Per fi el \u201cboig germ\u00e0nic\u201d ha imposat l\u2019estat de guerra a Europa, situaci\u00f3 que crec que haur\u00e0 de pagar molt cara. Les democr\u00e0cies han reaccionat molt b\u00e9 i el poble franc\u00e8s \u2013que simbolitza com sempre la rehabilitaci\u00f3 dels homes i dels pobles lliures- comensa a extendre els preludis de la vict\u00f2ria, que mereix i espera.<a name=\"c1-1\"><\/a><\/p>\n<p>Suposo que esteu en relaci\u00f3 amb Cardona<a title=\"\" href=\"#c1\" name=\"_ftnref\">[1]<\/a> de Perpignan, on hi ha molts dels nostres compatriotes que s\u2019han inscrit com voluntaris per lluitar una vegada m\u00e9s contra els \u201ctotalitaris\u201d. Veig que ens han fet del Comit\u00e8 d\u2019ajuda, i debem entre tots correspondre als sacrificis que els nostres catalans fan per la causa de la llibertat. El meu noi ha demanat per anar a la marina, cosa que em diuen que li tindran resolta un dia d\u2019aquests. Espont\u00e0niament la joventut pren posicions per derrotar al nazisme.<br \/>\n<a name=\"c1\"><\/a><br \/>\nNo deixeu d\u2019escriure\u2019m. Una forta encaixada.<\/p>\n<p align=\"center\">J. Casanovas<\/p>\n<p>24 rue La Fontaine. Par\u00eds XVI.<\/p>\n<p>________________________________<\/p>\n<p><span class=\"text-petit\"><a title=\"\" href=\"#c1-1\" name=\"_ftn1\">[1]<\/a> Daniel Cardona i Civit<\/span><\/p>\n<p style=\"text-align: center\"><a href=\"https:\/\/www.memoria.cat\/creus\/relacio-de-totes-les-cartes\/\"><span class=\"text-petit\">Tornar a &#8220;Relaci\u00f3 de totes les cartes&#8221;<\/span><\/a><\/p>\n","protected":false},"excerpt":{"rendered":"<p>&nbsp; Par\u00eds 16 setembre 1939. &nbsp; Estimat amic Creus: Tinc les vostres darreres cartes. Fins la del 9. Per ara jo s\u00f3c a Par\u00eds on crec que puc prestar millors serveis a la causa francesa i catalana que, com mai, veig inseparables. Per fi el \u201cboig germ\u00e0nic\u201d ha imposat l\u2019estat de guerra a Europa, situaci\u00f3 [&hellip;]<\/p>\n","protected":false},"author":66,"featured_media":0,"parent":0,"menu_order":0,"comment_status":"closed","ping_status":"closed","template":"","meta":{"iawp_total_views":0,"footnotes":""},"class_list":["post-75672","page","type-page","status-publish","hentry"],"_links":{"self":[{"href":"https:\/\/www.memoria.cat\/creus\/wp-json\/wp\/v2\/pages\/75672","targetHints":{"allow":["GET"]}}],"collection":[{"href":"https:\/\/www.memoria.cat\/creus\/wp-json\/wp\/v2\/pages"}],"about":[{"href":"https:\/\/www.memoria.cat\/creus\/wp-json\/wp\/v2\/types\/page"}],"author":[{"embeddable":true,"href":"https:\/\/www.memoria.cat\/creus\/wp-json\/wp\/v2\/users\/66"}],"replies":[{"embeddable":true,"href":"https:\/\/www.memoria.cat\/creus\/wp-json\/wp\/v2\/comments?post=75672"}],"version-history":[{"count":0,"href":"https:\/\/www.memoria.cat\/creus\/wp-json\/wp\/v2\/pages\/75672\/revisions"}],"wp:attachment":[{"href":"https:\/\/www.memoria.cat\/creus\/wp-json\/wp\/v2\/media?parent=75672"}],"curies":[{"name":"wp","href":"https:\/\/api.w.org\/{rel}","templated":true}]}}