{"id":75313,"date":"2024-06-13T10:53:36","date_gmt":"2024-06-13T09:53:36","guid":{"rendered":"https:\/\/www.memoria.cat\/creus\/?page_id=75313"},"modified":"2024-06-14T10:01:16","modified_gmt":"2024-06-14T09:01:16","slug":"2a-carta-de-joan-alavedra-a-jaume-creus","status":"publish","type":"page","link":"https:\/\/www.memoria.cat\/creus\/2a-carta-de-joan-alavedra-a-jaume-creus\/","title":{"rendered":"2\u00aa carta de Joan Alavedra a Jaume Creus"},"content":{"rendered":"<p>&nbsp;<\/p>\n<p class=\"rteright\">Prades, 7 de mar\u00e7 de 1941.<\/p>\n<p>Benvolgut amic: Entre els meus papers, trobo avui la vostra tarja felicitant-me l\u2019any nou i no puc recordar si, entre les moltes que aleshores vaig escriure, vaig contestar-la. Si no vaig fer-ho, no ho prengueu a desatenci\u00f3 i accepteu, amb el meu agra\u00efment, el meu bon desig, tamb\u00e9, per a un ventur\u00f3s 1941. Si ja vaig fer-ho, no em sap greu de repetir-vos que tan de bo l\u2019any que som sigui feli\u00e7 per a la nostra estimada Catalunya.<\/p>\n<p>Ben vostre,<\/p>\n<p>Joan Alavedra<\/p>\n<p style=\"text-align: center\"><span class=\"text-petit\"><a href=\"https:\/\/www.memoria.cat\/creus\/7-cartes-inedites-de-joan-alavedra-pau-casals-i-el-cant-dels-ocells\/\">Tornar a la p\u00e0gina &#8220;Reproducci\u00f3 de l\u2019epistolari Joan Alavedra-Jaume Creus&#8230;&#8221;\u00a0<\/a><\/span><\/p>\n","protected":false},"excerpt":{"rendered":"<p>&nbsp; Prades, 7 de mar\u00e7 de 1941. Benvolgut amic: Entre els meus papers, trobo avui la vostra tarja felicitant-me l\u2019any nou i no puc recordar si, entre les moltes que aleshores vaig escriure, vaig contestar-la. Si no vaig fer-ho, no ho prengueu a desatenci\u00f3 i accepteu, amb el meu agra\u00efment, el meu bon desig, tamb\u00e9, [&hellip;]<\/p>\n","protected":false},"author":66,"featured_media":0,"parent":0,"menu_order":0,"comment_status":"closed","ping_status":"closed","template":"","meta":{"iawp_total_views":0,"footnotes":""},"class_list":["post-75313","page","type-page","status-publish","hentry"],"_links":{"self":[{"href":"https:\/\/www.memoria.cat\/creus\/wp-json\/wp\/v2\/pages\/75313","targetHints":{"allow":["GET"]}}],"collection":[{"href":"https:\/\/www.memoria.cat\/creus\/wp-json\/wp\/v2\/pages"}],"about":[{"href":"https:\/\/www.memoria.cat\/creus\/wp-json\/wp\/v2\/types\/page"}],"author":[{"embeddable":true,"href":"https:\/\/www.memoria.cat\/creus\/wp-json\/wp\/v2\/users\/66"}],"replies":[{"embeddable":true,"href":"https:\/\/www.memoria.cat\/creus\/wp-json\/wp\/v2\/comments?post=75313"}],"version-history":[{"count":0,"href":"https:\/\/www.memoria.cat\/creus\/wp-json\/wp\/v2\/pages\/75313\/revisions"}],"wp:attachment":[{"href":"https:\/\/www.memoria.cat\/creus\/wp-json\/wp\/v2\/media?parent=75313"}],"curies":[{"name":"wp","href":"https:\/\/api.w.org\/{rel}","templated":true}]}}