{"id":75252,"date":"2024-06-11T15:44:32","date_gmt":"2024-06-11T14:44:32","guid":{"rendered":"https:\/\/www.memoria.cat\/creus\/?page_id=75252"},"modified":"2024-09-23T15:20:13","modified_gmt":"2024-09-23T14:20:13","slug":"les-frases-mes-significatives-de-les-cartes-de-pau-casals","status":"publish","type":"page","link":"https:\/\/www.memoria.cat\/creus\/les-frases-mes-significatives-de-les-cartes-de-pau-casals\/","title":{"rendered":"Les frases m\u00e9s significatives de les cartes de Pau Casals"},"content":{"rendered":"<p>&nbsp;<\/p>\n<h3>1 de mar\u00e7 de 1945<\/h3>\n<h5>\u201cJa veu que les coses no poden anar millor i no dubto que est\u00e0 for\u00e7a animat\u201d.<\/h5>\n<p><a name=\"n1-1\"><\/a> <a name=\"n2-2\"><\/a> <a name=\"n3-1\"><\/a> <a name=\"n4-1\"><\/a><\/p>\n<div>\n<h5>\u201cGr\u00e0cies per la salutaci\u00f3 per\u00f2 la vict\u00f2ria del 8 de maig de 1945<span style=\"color: #999999\"><a style=\"color: #999999\" title=\"\" href=\"#n1\" name=\"_ftnref\">[1]<\/a><\/span> se n\u2019hauria de dir el dia de la Just\u00edcia, car Vict\u00f2ria ho hauria sigut tamb\u00e9 si els <i>boches<\/i><a title=\"\" href=\"#n2\" name=\"_ftnref\"><span style=\"color: #999999\">[2]<\/span><\/a> haguessin guanyat.<\/h5>\n<\/div>\n<h5>La nostra alegria \u00e9s gran. Ara, que aviat ens deixin tornar a casa. Suposo que a San Francisco<a title=\"\" href=\"#n3\" name=\"_ftnref\"><span style=\"color: #808080\">[3]<\/span><\/a> s\u2019ocupen de nosaltres. Si no fos aix\u00ed, quina decepci\u00f3 la nostra i quina injust\u00edcia\u201d.<\/h5>\n<div><b>\u00a0<\/b><\/div>\n<div><b>8 de setembre de 1945<\/b><\/div>\n<h5>\u201cEm fa molt content que em digui que va compartir la meva emoci\u00f3 el dia que per la BBC<span style=\"color: #808080\"><a style=\"color: #808080\" title=\"\" href=\"#n4\" name=\"_ftnref\">[4]<\/a> <\/span>em vaig dirigir als catalans\u201d.<\/h5>\n<div><\/div>\n<div><b>14 de gener de 1947<\/b><\/div>\n<h5>\u201cAmb una bona abra\u00e7ada us desitjo el bon any nou que ens tregui de l\u2019<i>impasse<\/i> anguni\u00f3s que vivim\u201d.<\/h5>\n<div><\/div>\n<div><b>7 de mar\u00e7 de 1948<\/b><\/div>\n<h5>\u201cJa estem millor i ho estar\u00edem del tot si les coses es decidissin per poder anar a casa.<\/h5>\n<h5>Ja veu que, malgrat la garrotada que ha rebut, Franco continua gallejant. Quin tipus <i>asquer\u00f3s<\/i>!\u201d<\/h5>\n<div><\/div>\n<div><b>20 de mar\u00e7 de 1948<\/b><\/div>\n<h5>\u201cQue la seva salut sigui bona. Cal que, quan anirem a casa, ens presentem de manera a no fer ll\u00e0stima a ning\u00fa. Molts s\u2019alegrarien de veure\u2019ns vells i malmesos\u201d.<\/h5>\n<p><a name=\"n1\"><\/a><br \/>\n<a name=\"n2\"><\/a><br \/>\n<a name=\"n3\"><\/a><br \/>\n<a name=\"n4\"><\/a><\/p>\n<hr align=\"left\" size=\"1\" width=\"33%\" \/>\n<div id=\"ftn\">\n<div><span class=\"text-petit\"><a href=\"#n1-1\"><span style=\"color: #808080\">[1]<\/span><\/a>Data de la rendici\u00f3 incondicional de l\u2019Alemanya nazi.<\/span><\/div>\n<\/div>\n<div id=\"ftn\">\n<div><span class=\"text-petit\"><a href=\"#n2-2\"><span style=\"color: #808080\">[2]<\/span><\/a> Paraula que es refereix als alemanys de forma despectiva.<\/span><\/div>\n<\/div>\n<div id=\"ftn\">\n<div><span class=\"text-petit\"><a title=\"\" href=\"#n3-1\" name=\"_ftn3\"><span style=\"color: #808080\">[3]<\/span><\/a>Es refereix a la Confer\u00e8ncia de San Francisco que es va celebrar entre el 15 d\u2019abril i el 26 de juny de 1945 i que va donar lloc al naixement de l\u2019ONU, formada per 46 estats fundacionals.<\/span><\/div>\n<\/div>\n<div id=\"ftn\">\n<div><span class=\"text-petit\"><a title=\"\" href=\"#n4-1\" name=\"_ftn4\"><span style=\"color: #808080\">[4]<\/span><\/a> El mateix Pau Casals ho explicava aix\u00ed: \u201cUns dies despr\u00e9s del concert a l\u2019Albert Hall m\u2019invitaren a tocar a l\u2019estudi de la BBC\u00a0 i a transmetre un missatge als meus compatriotes catalans. Despr\u00e9s de l\u2019actuaci\u00f3 en apropar-me al micr\u00f2fon, no podia dir una paraula \u2013el moment era massa emocionant-. Vaig encendre la pipa a veure si em confortava i m\u2019ajudava a recuperar la veu: \u201cEl meu pensament est\u00e0 amb vosaltres, volguts compatriotes, amb els exiliats i amb aquells qui viuen a la terra estimada. ..\u201d. (<i>Joia i tristor. Reflexions de Pau Casals tal com les va relatar a Albert E. Kahn<\/i>).<\/span><\/div>\n<div><\/div>\n<p style=\"text-align: center\"><span class=\"text-petit\"><a href=\"https:\/\/www.memoria.cat\/creus\/les-7-cartes-de-pau-casals-a-jaume-creus\/\">Tornar a la p\u00e0gina &#8220;Les 7 cartes de Pau Casals a Jaume Creus&#8221;<\/a><\/span><\/p>\n<\/div>\n","protected":false},"excerpt":{"rendered":"<p>&nbsp; 1 de mar\u00e7 de 1945 \u201cJa veu que les coses no poden anar millor i no dubto que est\u00e0 for\u00e7a animat\u201d. \u201cGr\u00e0cies per la salutaci\u00f3 per\u00f2 la vict\u00f2ria del 8 de maig de 1945[1] se n\u2019hauria de dir el dia de la Just\u00edcia, car Vict\u00f2ria ho hauria sigut tamb\u00e9 si els boches[2] haguessin guanyat. [&hellip;]<\/p>\n","protected":false},"author":66,"featured_media":0,"parent":0,"menu_order":0,"comment_status":"closed","ping_status":"closed","template":"","meta":{"iawp_total_views":34,"footnotes":""},"class_list":["post-75252","page","type-page","status-publish","hentry"],"_links":{"self":[{"href":"https:\/\/www.memoria.cat\/creus\/wp-json\/wp\/v2\/pages\/75252","targetHints":{"allow":["GET"]}}],"collection":[{"href":"https:\/\/www.memoria.cat\/creus\/wp-json\/wp\/v2\/pages"}],"about":[{"href":"https:\/\/www.memoria.cat\/creus\/wp-json\/wp\/v2\/types\/page"}],"author":[{"embeddable":true,"href":"https:\/\/www.memoria.cat\/creus\/wp-json\/wp\/v2\/users\/66"}],"replies":[{"embeddable":true,"href":"https:\/\/www.memoria.cat\/creus\/wp-json\/wp\/v2\/comments?post=75252"}],"version-history":[{"count":0,"href":"https:\/\/www.memoria.cat\/creus\/wp-json\/wp\/v2\/pages\/75252\/revisions"}],"wp:attachment":[{"href":"https:\/\/www.memoria.cat\/creus\/wp-json\/wp\/v2\/media?parent=75252"}],"curies":[{"name":"wp","href":"https:\/\/api.w.org\/{rel}","templated":true}]}}